{"id":18830,"date":"2023-10-09T18:28:01","date_gmt":"2023-10-09T16:28:01","guid":{"rendered":"https:\/\/www.ceibcn.com\/cei-students-world-map\/"},"modified":"2023-10-10T18:03:56","modified_gmt":"2023-10-10T16:03:56","slug":"cei-students-world-map","status":"publish","type":"page","link":"https:\/\/ceibcn.bugalu.net\/ca\/cei-students-world-map\/","title":{"rendered":"Mapamundi del CEI"},"content":{"rendered":"\t\t<div data-elementor-type=\"wp-page\" data-elementor-id=\"18830\" class=\"elementor elementor-18830 elementor-18743\" data-elementor-post-type=\"page\">\n\t\t\t\t\t\t<section class=\"elementor-section elementor-top-section elementor-element elementor-element-de5401a elementor-section-full_width elementor-section-height-default elementor-section-height-default\" data-id=\"de5401a\" data-element_type=\"section\" data-settings=\"{&quot;background_background&quot;:&quot;classic&quot;,&quot;_ha_eqh_enable&quot;:false}\">\n\t\t\t\t\t\t<div class=\"elementor-container elementor-column-gap-no\">\n\t\t\t\t\t<div class=\"elementor-column elementor-col-100 elementor-top-column elementor-element elementor-element-a0ee22f\" data-id=\"a0ee22f\" data-element_type=\"column\">\n\t\t\t<div class=\"elementor-widget-wrap elementor-element-populated\">\n\t\t\t\t\t\t\t<\/div>\n\t\t<\/div>\n\t\t\t\t\t<\/div>\n\t\t<\/section>\n\t\t\t\t<section class=\"elementor-section elementor-top-section elementor-element elementor-element-2fb833b elementor-section-boxed elementor-section-height-default elementor-section-height-default\" data-id=\"2fb833b\" data-element_type=\"section\" data-settings=\"{&quot;_ha_eqh_enable&quot;:false}\">\n\t\t\t\t\t\t<div class=\"elementor-container elementor-column-gap-default\">\n\t\t\t\t\t<div class=\"elementor-column elementor-col-100 elementor-top-column elementor-element elementor-element-6ca2fa5\" data-id=\"6ca2fa5\" data-element_type=\"column\">\n\t\t\t<div class=\"elementor-widget-wrap elementor-element-populated\">\n\t\t\t\t\t\t<div class=\"elementor-element elementor-element-501c0b5 html elementor-widget elementor-widget-text-editor\" data-id=\"501c0b5\" data-element_type=\"widget\" data-widget_type=\"text-editor.default\">\n\t\t\t\t<div class=\"elementor-widget-container\">\n\t\t\t<style>\/*! elementor - v3.23.0 - 15-07-2024 *\/\n.elementor-widget-text-editor.elementor-drop-cap-view-stacked .elementor-drop-cap{background-color:#69727d;color:#fff}.elementor-widget-text-editor.elementor-drop-cap-view-framed .elementor-drop-cap{color:#69727d;border:3px solid;background-color:transparent}.elementor-widget-text-editor:not(.elementor-drop-cap-view-default) .elementor-drop-cap{margin-top:8px}.elementor-widget-text-editor:not(.elementor-drop-cap-view-default) .elementor-drop-cap-letter{width:1em;height:1em}.elementor-widget-text-editor .elementor-drop-cap{float:left;text-align:center;line-height:1;font-size:50px}.elementor-widget-text-editor .elementor-drop-cap-letter{display:inline-block}<\/style>\t\t\t\t<h3><strong>Vols saber quina \u00e9s la projecci\u00f3 internacional dels alumnes que han estudiat al CEI? Ara pots descobrir-ho amb el Mapamundi del CEI!<\/strong><\/h3><p>Al mapa podr\u00e0s veure quins s\u00f3n els llocs de feina actuals i les estades de pr\u00e0ctiques que van realitzar els alumnes del\u00a0M\u00e0ster Universitari en Diplom\u00e0cia i Organitzacions internacionals del CEI-Universitat de Barcelona\u00a0(antic M\u00e0ster en Diplom\u00e0cia i Funci\u00f3 P\u00fablica Internacional). Cada punt blau representa un\/a antic\/ga alumne\/a del\u00a0M\u00e0ster en Diplom\u00e0cia.\u00a0<\/p><p>Tamb\u00e9 podr\u00e0s veure on estan treballant actualment els\/les antics\/gues alumnes del M\u00e0ster de formaci\u00f3 permanent en Sostenibilitat (antic M\u00e0ster en Desenvolupament Sostenible) que s\u2019imparteix al CEI-Universitat de Barcelona representats amb un punt taronja.<\/p><p>Els punts de color verd representen l\u2019alumnat de la Carrera Diplom\u00e0tica que va aprovar les oposicions amb la Preparaci\u00f3 del CEI.<\/p>\t\t\t\t\t\t<\/div>\n\t\t\t\t<\/div>\n\t\t\t\t<div class=\"elementor-element elementor-element-bfd02b3 elementor-widget elementor-widget-html\" data-id=\"bfd02b3\" data-element_type=\"widget\" data-widget_type=\"html.default\">\n\t\t\t\t<div class=\"elementor-widget-container\">\n\t\t\t<iframe src=\"https:\/\/www.google.com\/maps\/d\/u\/1\/embed?mid=1vZ694mwMfuDeMIiIXoJyXJfBgQye-YU&ehbc=2E312F\" width=\"100%\" height=\"600\"><\/iframe>\t\t<\/div>\n\t\t\t\t<\/div>\n\t\t\t\t\t<\/div>\n\t\t<\/div>\n\t\t\t\t\t<\/div>\n\t\t<\/section>\n\t\t\t\t<\/div>\n\t\t","protected":false},"excerpt":{"rendered":"<p>Vols saber quina \u00e9s la projecci\u00f3 internacional dels alumnes que han estudiat al CEI? Ara pots descobrir-ho amb el Mapamundi del CEI! Al mapa podr\u00e0s veure quins s\u00f3n els llocs de feina actuals i les estades de pr\u00e0ctiques que van realitzar els alumnes del\u00a0M\u00e0ster Universitari en Diplom\u00e0cia i Organitzacions internacionals del CEI-Universitat de Barcelona\u00a0(antic M\u00e0ster [&hellip;]<\/p>\n","protected":false},"author":6,"featured_media":0,"parent":0,"menu_order":0,"comment_status":"closed","ping_status":"closed","template":"","meta":{"_acf_changed":false,"footnotes":""},"acf":[],"yoast_head":"<!-- This site is optimized with the Yoast SEO plugin v23.0 - https:\/\/yoast.com\/wordpress\/plugins\/seo\/ -->\n<title>Mapamundi del CEI - CEI International Affairs<\/title>\n<meta name=\"robots\" content=\"noindex, follow, max-snippet:-1, max-image-preview:large, max-video-preview:-1\" \/>\n<meta property=\"og:locale\" content=\"ca_ES\" \/>\n<meta property=\"og:type\" content=\"article\" \/>\n<meta property=\"og:title\" content=\"Mapamundi del CEI - CEI International Affairs\" \/>\n<meta property=\"og:description\" content=\"Vols saber quina \u00e9s la projecci\u00f3 internacional dels alumnes que han estudiat al CEI? Ara pots descobrir-ho amb el Mapamundi del CEI! Al mapa podr\u00e0s veure quins s\u00f3n els llocs de feina actuals i les estades de pr\u00e0ctiques que van realitzar els alumnes del\u00a0M\u00e0ster Universitari en Diplom\u00e0cia i Organitzacions internacionals del CEI-Universitat de Barcelona\u00a0(antic M\u00e0ster [&hellip;]\" \/>\n<meta property=\"og:url\" content=\"https:\/\/ceibcn.bugalu.net\/ca\/cei-students-world-map\/\" \/>\n<meta property=\"og:site_name\" content=\"CEI International Affairs\" \/>\n<meta property=\"article:publisher\" content=\"https:\/\/www.facebook.com\/CEI.CentroDeEstudiosInternacionales\/\" \/>\n<meta property=\"article:modified_time\" content=\"2023-10-10T16:03:56+00:00\" \/>\n<meta property=\"og:image\" content=\"https:\/\/ceibcn.bugalu.net\/wp-content\/uploads\/2023\/01\/Logo-CEI.png\" \/>\n\t<meta property=\"og:image:width\" content=\"500\" \/>\n\t<meta property=\"og:image:height\" content=\"500\" \/>\n\t<meta property=\"og:image:type\" content=\"image\/png\" \/>\n<meta name=\"twitter:card\" content=\"summary_large_image\" \/>\n<meta name=\"twitter:site\" content=\"@CEIbcn\" \/>\n<meta name=\"twitter:label1\" content=\"Temps estimat de lectura\" \/>\n\t<meta name=\"twitter:data1\" content=\"1 minut\" \/>\n<script type=\"application\/ld+json\" class=\"yoast-schema-graph\">{\"@context\":\"https:\/\/schema.org\",\"@graph\":[{\"@type\":\"WebPage\",\"@id\":\"https:\/\/ceibcn.bugalu.net\/ca\/cei-students-world-map\/\",\"url\":\"https:\/\/ceibcn.bugalu.net\/ca\/cei-students-world-map\/\",\"name\":\"Mapamundi del CEI - CEI International Affairs\",\"isPartOf\":{\"@id\":\"https:\/\/ceibcn.bugalu.net\/ca\/#website\"},\"datePublished\":\"2023-10-09T16:28:01+00:00\",\"dateModified\":\"2023-10-10T16:03:56+00:00\",\"breadcrumb\":{\"@id\":\"https:\/\/ceibcn.bugalu.net\/ca\/cei-students-world-map\/#breadcrumb\"},\"inLanguage\":\"ca\",\"potentialAction\":[{\"@type\":\"ReadAction\",\"target\":[\"https:\/\/ceibcn.bugalu.net\/ca\/cei-students-world-map\/\"]}]},{\"@type\":\"BreadcrumbList\",\"@id\":\"https:\/\/ceibcn.bugalu.net\/ca\/cei-students-world-map\/#breadcrumb\",\"itemListElement\":[{\"@type\":\"ListItem\",\"position\":1,\"name\":\"Portada\",\"item\":\"https:\/\/ceibcn.bugalu.net\/ca\/\"},{\"@type\":\"ListItem\",\"position\":2,\"name\":\"Mapamundi del CEI\"}]},{\"@type\":\"WebSite\",\"@id\":\"https:\/\/ceibcn.bugalu.net\/ca\/#website\",\"url\":\"https:\/\/ceibcn.bugalu.net\/ca\/\",\"name\":\"CEI International Affairs\",\"description\":\"CEI International Affairs\",\"publisher\":{\"@id\":\"https:\/\/ceibcn.bugalu.net\/ca\/#organization\"},\"alternateName\":\"CEI International Affairs\",\"potentialAction\":[{\"@type\":\"SearchAction\",\"target\":{\"@type\":\"EntryPoint\",\"urlTemplate\":\"https:\/\/ceibcn.bugalu.net\/ca\/?s={search_term_string}\"},\"query-input\":\"required name=search_term_string\"}],\"inLanguage\":\"ca\"},{\"@type\":\"Organization\",\"@id\":\"https:\/\/ceibcn.bugalu.net\/ca\/#organization\",\"name\":\"CEI International Affairs\",\"url\":\"https:\/\/ceibcn.bugalu.net\/ca\/\",\"logo\":{\"@type\":\"ImageObject\",\"inLanguage\":\"ca\",\"@id\":\"https:\/\/ceibcn.bugalu.net\/ca\/#\/schema\/logo\/image\/\",\"url\":\"https:\/\/ceibcn.bugalu.net\/wp-content\/uploads\/2021\/09\/CeiLogo_EscuelaDiploVectorized_vectorizedSIN_FONDO.png\",\"contentUrl\":\"https:\/\/ceibcn.bugalu.net\/wp-content\/uploads\/2021\/09\/CeiLogo_EscuelaDiploVectorized_vectorizedSIN_FONDO.png\",\"width\":1591,\"height\":629,\"caption\":\"CEI International Affairs\"},\"image\":{\"@id\":\"https:\/\/ceibcn.bugalu.net\/ca\/#\/schema\/logo\/image\/\"},\"sameAs\":[\"https:\/\/www.facebook.com\/CEI.CentroDeEstudiosInternacionales\/\",\"https:\/\/x.com\/CEIbcn\",\"https:\/\/www.instagram.com\/cei_international\/\"]}]}<\/script>\n<!-- \/ Yoast SEO plugin. -->","yoast_head_json":{"title":"Mapamundi del CEI - CEI International Affairs","robots":{"index":"noindex","follow":"follow","max-snippet":"max-snippet:-1","max-image-preview":"max-image-preview:large","max-video-preview":"max-video-preview:-1"},"og_locale":"ca_ES","og_type":"article","og_title":"Mapamundi del CEI - CEI International Affairs","og_description":"Vols saber quina \u00e9s la projecci\u00f3 internacional dels alumnes que han estudiat al CEI? Ara pots descobrir-ho amb el Mapamundi del CEI! Al mapa podr\u00e0s veure quins s\u00f3n els llocs de feina actuals i les estades de pr\u00e0ctiques que van realitzar els alumnes del\u00a0M\u00e0ster Universitari en Diplom\u00e0cia i Organitzacions internacionals del CEI-Universitat de Barcelona\u00a0(antic M\u00e0ster [&hellip;]","og_url":"https:\/\/ceibcn.bugalu.net\/ca\/cei-students-world-map\/","og_site_name":"CEI International Affairs","article_publisher":"https:\/\/www.facebook.com\/CEI.CentroDeEstudiosInternacionales\/","article_modified_time":"2023-10-10T16:03:56+00:00","og_image":[{"width":500,"height":500,"url":"https:\/\/ceibcn.bugalu.net\/wp-content\/uploads\/2023\/01\/Logo-CEI.png","type":"image\/png"}],"twitter_card":"summary_large_image","twitter_site":"@CEIbcn","twitter_misc":{"Temps estimat de lectura":"1 minut"},"schema":{"@context":"https:\/\/schema.org","@graph":[{"@type":"WebPage","@id":"https:\/\/ceibcn.bugalu.net\/ca\/cei-students-world-map\/","url":"https:\/\/ceibcn.bugalu.net\/ca\/cei-students-world-map\/","name":"Mapamundi del CEI - CEI International Affairs","isPartOf":{"@id":"https:\/\/ceibcn.bugalu.net\/ca\/#website"},"datePublished":"2023-10-09T16:28:01+00:00","dateModified":"2023-10-10T16:03:56+00:00","breadcrumb":{"@id":"https:\/\/ceibcn.bugalu.net\/ca\/cei-students-world-map\/#breadcrumb"},"inLanguage":"ca","potentialAction":[{"@type":"ReadAction","target":["https:\/\/ceibcn.bugalu.net\/ca\/cei-students-world-map\/"]}]},{"@type":"BreadcrumbList","@id":"https:\/\/ceibcn.bugalu.net\/ca\/cei-students-world-map\/#breadcrumb","itemListElement":[{"@type":"ListItem","position":1,"name":"Portada","item":"https:\/\/ceibcn.bugalu.net\/ca\/"},{"@type":"ListItem","position":2,"name":"Mapamundi del CEI"}]},{"@type":"WebSite","@id":"https:\/\/ceibcn.bugalu.net\/ca\/#website","url":"https:\/\/ceibcn.bugalu.net\/ca\/","name":"CEI International Affairs","description":"CEI International Affairs","publisher":{"@id":"https:\/\/ceibcn.bugalu.net\/ca\/#organization"},"alternateName":"CEI International Affairs","potentialAction":[{"@type":"SearchAction","target":{"@type":"EntryPoint","urlTemplate":"https:\/\/ceibcn.bugalu.net\/ca\/?s={search_term_string}"},"query-input":"required name=search_term_string"}],"inLanguage":"ca"},{"@type":"Organization","@id":"https:\/\/ceibcn.bugalu.net\/ca\/#organization","name":"CEI International Affairs","url":"https:\/\/ceibcn.bugalu.net\/ca\/","logo":{"@type":"ImageObject","inLanguage":"ca","@id":"https:\/\/ceibcn.bugalu.net\/ca\/#\/schema\/logo\/image\/","url":"https:\/\/ceibcn.bugalu.net\/wp-content\/uploads\/2021\/09\/CeiLogo_EscuelaDiploVectorized_vectorizedSIN_FONDO.png","contentUrl":"https:\/\/ceibcn.bugalu.net\/wp-content\/uploads\/2021\/09\/CeiLogo_EscuelaDiploVectorized_vectorizedSIN_FONDO.png","width":1591,"height":629,"caption":"CEI International Affairs"},"image":{"@id":"https:\/\/ceibcn.bugalu.net\/ca\/#\/schema\/logo\/image\/"},"sameAs":["https:\/\/www.facebook.com\/CEI.CentroDeEstudiosInternacionales\/","https:\/\/x.com\/CEIbcn","https:\/\/www.instagram.com\/cei_international\/"]}]}},"_links":{"self":[{"href":"https:\/\/ceibcn.bugalu.net\/ca\/wp-json\/wp\/v2\/pages\/18830"}],"collection":[{"href":"https:\/\/ceibcn.bugalu.net\/ca\/wp-json\/wp\/v2\/pages"}],"about":[{"href":"https:\/\/ceibcn.bugalu.net\/ca\/wp-json\/wp\/v2\/types\/page"}],"author":[{"embeddable":true,"href":"https:\/\/ceibcn.bugalu.net\/ca\/wp-json\/wp\/v2\/users\/6"}],"replies":[{"embeddable":true,"href":"https:\/\/ceibcn.bugalu.net\/ca\/wp-json\/wp\/v2\/comments?post=18830"}],"version-history":[{"count":3,"href":"https:\/\/ceibcn.bugalu.net\/ca\/wp-json\/wp\/v2\/pages\/18830\/revisions"}],"predecessor-version":[{"id":18833,"href":"https:\/\/ceibcn.bugalu.net\/ca\/wp-json\/wp\/v2\/pages\/18830\/revisions\/18833"}],"wp:attachment":[{"href":"https:\/\/ceibcn.bugalu.net\/ca\/wp-json\/wp\/v2\/media?parent=18830"}],"curies":[{"name":"wp","href":"https:\/\/api.w.org\/{rel}","templated":true}]}}