{"id":17390,"date":"2023-06-14T11:06:58","date_gmt":"2023-06-14T09:06:58","guid":{"rendered":"https:\/\/www.ceibcn.com\/?page_id=17390"},"modified":"2023-06-14T11:12:40","modified_gmt":"2023-06-14T09:12:40","slug":"avis-legal","status":"publish","type":"page","link":"https:\/\/ceibcn.bugalu.net\/ca\/avis-legal\/","title":{"rendered":"Av\u00eds Legal"},"content":{"rendered":"\t\t<div data-elementor-type=\"wp-page\" data-elementor-id=\"17390\" class=\"elementor elementor-17390 elementor-17383\" data-elementor-post-type=\"page\">\n\t\t\t\t\t\t<section class=\"elementor-section elementor-top-section elementor-element elementor-element-2ade801 elementor-section-boxed elementor-section-height-default elementor-section-height-default\" data-id=\"2ade801\" data-element_type=\"section\" data-settings=\"{&quot;_ha_eqh_enable&quot;:false}\">\n\t\t\t\t\t\t<div class=\"elementor-container elementor-column-gap-default\">\n\t\t\t\t\t<div class=\"elementor-column elementor-col-100 elementor-top-column elementor-element elementor-element-37f0f25\" data-id=\"37f0f25\" data-element_type=\"column\">\n\t\t\t<div class=\"elementor-widget-wrap elementor-element-populated\">\n\t\t\t\t\t\t<div class=\"elementor-element elementor-element-bc76612 html elementor-widget elementor-widget-text-editor\" data-id=\"bc76612\" data-element_type=\"widget\" data-widget_type=\"text-editor.default\">\n\t\t\t\t<div class=\"elementor-widget-container\">\n\t\t\t<style>\/*! elementor - v3.23.0 - 15-07-2024 *\/\n.elementor-widget-text-editor.elementor-drop-cap-view-stacked .elementor-drop-cap{background-color:#69727d;color:#fff}.elementor-widget-text-editor.elementor-drop-cap-view-framed .elementor-drop-cap{color:#69727d;border:3px solid;background-color:transparent}.elementor-widget-text-editor:not(.elementor-drop-cap-view-default) .elementor-drop-cap{margin-top:8px}.elementor-widget-text-editor:not(.elementor-drop-cap-view-default) .elementor-drop-cap-letter{width:1em;height:1em}.elementor-widget-text-editor .elementor-drop-cap{float:left;text-align:center;line-height:1;font-size:50px}.elementor-widget-text-editor .elementor-drop-cap-letter{display:inline-block}<\/style>\t\t\t\t<p>Als efectes de l\u2019article 10 de la Llei 34\/2002, d\u201911 de juliol, de Serveis de la Societat de la Informaci\u00f3 i del Comer\u00e7 Electr\u00f2nic, s\u2019informa a l\u2019usuari de que el titular del web site \u00e9s FUNDACI\u00d3N PRIVADA CENTRO DE ESTUDIOS INTERNACIONALES (endavant, CEI), amb domicili social a Barcelona, a l\u2019Avinguda de Vallvidrera, 25, 080173, amb NIF n\u00fam. G65062556; i amb adre\u00e7a electr\u00f2nica <a href=\"mailto:info@ceibcn.com\">info@ceibcn.com.<\/a><\/p><p><strong>\u00das i serveis del web site<\/strong><br \/>L\u2019usuari es compromet a fer un \u00fas diligent del web site i dels serveis accessibles des d\u2019aquest i a no utilitzar els serveis o informacions contingudes en el web site per desenvolupar activitats contr\u00e0ries a les lleis, a la moral i als bons costums, a l\u2019ordre p\u00fablic i en general a fer un \u00fas conforme el present av\u00eds legal.<\/p><p>CEI podr\u00e0 interrompre temporalment o definitiva, segons el seu bon criteri, l\u2019acc\u00e9s al lloc web, aix\u00ed com la prestaci\u00f3 de qualsevol o de tots els serveis que es presten a trav\u00e9s d\u2019aquest, en qualsevol moment i sense previ av\u00eds.<\/p><p><strong>Contingut<\/strong><br \/>Aquest lloc web t\u00e9 com a finalitat facilitar el coneixement de les activitats i serveis que realitza CEI. El CEI es reserva el dret a fer, en qualsevol moment i sense av\u00eds previ, modificacions dels continguts i presentaci\u00f3 del seu lloc web.<\/p><p>El CEI no assumir\u00e0 cap responsabilitat sobre l\u2019\u00fas inadequat dels continguts del seu lloc web.<\/p><p><strong>Drets de Propietat Intel\u00b7lectual i Industrial<\/strong><br \/>El CEI \u00e9s titular dels drets de Propietat Intel\u00b7lectual i Industrial de la totalitat dels continguts d\u2019aquesta web site. En qualsevol cas, el CEI disposa de la corresponent autoritzaci\u00f3 per donar l\u2019\u00fas que consideri convenient als seus continguts.<\/p><p>Queda terminantment prohibida la reproducci\u00f3, excepte per \u00fas privat, la posada a disposici\u00f3 del p\u00fablic i en general de qualsevol altra forma d\u2019explotaci\u00f3 de tots o part dels continguts d\u2019aquesta web site, aix\u00ed com el seu disseny. Aquests actes d\u2019explotaci\u00f3 nom\u00e9s podran ser realitzats mitjan\u00e7ant l\u2019autoritzaci\u00f3 expressa del CEI i sempre que es faci refer\u00e8ncia expl\u00edcita a la titularitat del CEI d\u2019aquests drets de Propietat Intel\u00b7lectual.<\/p><p>Queda terminantment prohibit realitzar, sense el previ consentiment del CEI, qualsevol manipulaci\u00f3 o alteraci\u00f3 d\u2019aquest web site. Conseq\u00fcentment, el CEI no assumir\u00e0 cap responsabilitat derivada, o que pogu\u00e9s derivar-se d\u2019aquesta alteraci\u00f3 o manipulaci\u00f3 per part de tercers.<\/p><p><strong>Limitaci\u00f3 de la responsabilitat<\/strong><br \/>El CEI no garanteix a l\u2019usuari la disponibilitat, acc\u00e9s o continu\u00eftat en la connexi\u00f3 al lloc web i en el subministrament d\u2019informaci\u00f3 o qualsevol dels diferents serveis oferts a trav\u00e9s d\u2019aquest. En conseq\u00fc\u00e8ncia, el CEI i qualsevol possible prove\u00efdor de continguts no seran responsables en el cas de que existeixin interrupcions del servei, demores, mal funcionament, i en general, qualsevol inconvenient que tingui el seu origen en causes que s\u2019escapen del control del CEI o els prove\u00efdors, o provingui d\u2019una actuaci\u00f3 colosa o culposa de l\u2019usuari o for\u00e7a major. Qualsevol opini\u00f3, mesura o actuaci\u00f3 d\u2019inversi\u00f3 o de qualsevol altre tipus siguin adoptades per l\u2019usuari, ho seran del seu compte i risc exclusiu.<\/p><p>El CEI no assumeix cap responsabilitat derivada de la utilitzaci\u00f3 por part de l\u2019usuari dels continguts del lloc web, reservant-se el dret a modificar, substituir, actualitzar, renovar, impedir l\u2019acc\u00e9s, interrompre, bloquejar, suspendre temporalment o cancel\u00b7lar amb car\u00e0cter definitiu qualsevol servei, subministrament d\u2019informaci\u00f3 o qualsevol altre contingut, ja sigui amb relaci\u00f3 a un usuari concret o en general.<\/p><p>Excepte que s\u2019estableixi expressament el contrari en cada cas, el CEI no interv\u00e9, participa, ni assumeix garantia amb relaci\u00f3 als serveis o productes oferts per tercers prove\u00efdors accessibles mitjan\u00e7ant hiperenlinks marcs publicitaris.<\/p>\t\t\t\t\t\t<\/div>\n\t\t\t\t<\/div>\n\t\t\t\t\t<\/div>\n\t\t<\/div>\n\t\t\t\t\t<\/div>\n\t\t<\/section>\n\t\t\t\t<\/div>\n\t\t","protected":false},"excerpt":{"rendered":"<p>Als efectes de l\u2019article 10 de la Llei 34\/2002, d\u201911 de juliol, de Serveis de la Societat de la Informaci\u00f3 i del Comer\u00e7 Electr\u00f2nic, s\u2019informa a l\u2019usuari de que el titular del web site \u00e9s FUNDACI\u00d3N PRIVADA CENTRO DE ESTUDIOS INTERNACIONALES (endavant, CEI), amb domicili social a Barcelona, a l\u2019Avinguda de Vallvidrera, 25, 080173, amb [&hellip;]<\/p>\n","protected":false},"author":6,"featured_media":0,"parent":0,"menu_order":0,"comment_status":"closed","ping_status":"closed","template":"","meta":{"_acf_changed":false,"footnotes":""},"acf":[],"yoast_head":"<!-- This site is optimized with the Yoast SEO plugin v23.0 - https:\/\/yoast.com\/wordpress\/plugins\/seo\/ -->\n<title>Av\u00eds Legal - CEI International Affairs<\/title>\n<meta name=\"robots\" content=\"noindex, follow, max-snippet:-1, max-image-preview:large, max-video-preview:-1\" \/>\n<meta property=\"og:locale\" content=\"ca_ES\" \/>\n<meta property=\"og:type\" content=\"article\" \/>\n<meta property=\"og:title\" content=\"Av\u00eds Legal - CEI International Affairs\" \/>\n<meta property=\"og:description\" content=\"Als efectes de l\u2019article 10 de la Llei 34\/2002, d\u201911 de juliol, de Serveis de la Societat de la Informaci\u00f3 i del Comer\u00e7 Electr\u00f2nic, s\u2019informa a l\u2019usuari de que el titular del web site \u00e9s FUNDACI\u00d3N PRIVADA CENTRO DE ESTUDIOS INTERNACIONALES (endavant, CEI), amb domicili social a Barcelona, a l\u2019Avinguda de Vallvidrera, 25, 080173, amb [&hellip;]\" \/>\n<meta property=\"og:url\" content=\"https:\/\/ceibcn.bugalu.net\/ca\/avis-legal\/\" \/>\n<meta property=\"og:site_name\" content=\"CEI International Affairs\" \/>\n<meta property=\"article:publisher\" content=\"https:\/\/www.facebook.com\/CEI.CentroDeEstudiosInternacionales\/\" \/>\n<meta property=\"article:modified_time\" content=\"2023-06-14T09:12:40+00:00\" \/>\n<meta property=\"og:image\" content=\"https:\/\/ceibcn.bugalu.net\/wp-content\/uploads\/2023\/01\/Logo-CEI.png\" \/>\n\t<meta property=\"og:image:width\" content=\"500\" \/>\n\t<meta property=\"og:image:height\" content=\"500\" \/>\n\t<meta property=\"og:image:type\" content=\"image\/png\" \/>\n<meta name=\"twitter:card\" content=\"summary_large_image\" \/>\n<meta name=\"twitter:site\" content=\"@CEIbcn\" \/>\n<meta name=\"twitter:label1\" content=\"Temps estimat de lectura\" \/>\n\t<meta name=\"twitter:data1\" content=\"4 minuts\" \/>\n<script type=\"application\/ld+json\" class=\"yoast-schema-graph\">{\"@context\":\"https:\/\/schema.org\",\"@graph\":[{\"@type\":\"WebPage\",\"@id\":\"https:\/\/ceibcn.bugalu.net\/ca\/avis-legal\/\",\"url\":\"https:\/\/ceibcn.bugalu.net\/ca\/avis-legal\/\",\"name\":\"Av\u00eds Legal - CEI International Affairs\",\"isPartOf\":{\"@id\":\"https:\/\/ceibcn.bugalu.net\/ca\/#website\"},\"datePublished\":\"2023-06-14T09:06:58+00:00\",\"dateModified\":\"2023-06-14T09:12:40+00:00\",\"breadcrumb\":{\"@id\":\"https:\/\/ceibcn.bugalu.net\/ca\/avis-legal\/#breadcrumb\"},\"inLanguage\":\"ca\",\"potentialAction\":[{\"@type\":\"ReadAction\",\"target\":[\"https:\/\/ceibcn.bugalu.net\/ca\/avis-legal\/\"]}]},{\"@type\":\"BreadcrumbList\",\"@id\":\"https:\/\/ceibcn.bugalu.net\/ca\/avis-legal\/#breadcrumb\",\"itemListElement\":[{\"@type\":\"ListItem\",\"position\":1,\"name\":\"Portada\",\"item\":\"https:\/\/ceibcn.bugalu.net\/ca\/\"},{\"@type\":\"ListItem\",\"position\":2,\"name\":\"Av\u00eds Legal\"}]},{\"@type\":\"WebSite\",\"@id\":\"https:\/\/ceibcn.bugalu.net\/ca\/#website\",\"url\":\"https:\/\/ceibcn.bugalu.net\/ca\/\",\"name\":\"CEI International Affairs\",\"description\":\"CEI International Affairs\",\"publisher\":{\"@id\":\"https:\/\/ceibcn.bugalu.net\/ca\/#organization\"},\"alternateName\":\"CEI International Affairs\",\"potentialAction\":[{\"@type\":\"SearchAction\",\"target\":{\"@type\":\"EntryPoint\",\"urlTemplate\":\"https:\/\/ceibcn.bugalu.net\/ca\/?s={search_term_string}\"},\"query-input\":\"required name=search_term_string\"}],\"inLanguage\":\"ca\"},{\"@type\":\"Organization\",\"@id\":\"https:\/\/ceibcn.bugalu.net\/ca\/#organization\",\"name\":\"CEI International Affairs\",\"url\":\"https:\/\/ceibcn.bugalu.net\/ca\/\",\"logo\":{\"@type\":\"ImageObject\",\"inLanguage\":\"ca\",\"@id\":\"https:\/\/ceibcn.bugalu.net\/ca\/#\/schema\/logo\/image\/\",\"url\":\"https:\/\/ceibcn.bugalu.net\/wp-content\/uploads\/2021\/09\/CeiLogo_EscuelaDiploVectorized_vectorizedSIN_FONDO.png\",\"contentUrl\":\"https:\/\/ceibcn.bugalu.net\/wp-content\/uploads\/2021\/09\/CeiLogo_EscuelaDiploVectorized_vectorizedSIN_FONDO.png\",\"width\":1591,\"height\":629,\"caption\":\"CEI International Affairs\"},\"image\":{\"@id\":\"https:\/\/ceibcn.bugalu.net\/ca\/#\/schema\/logo\/image\/\"},\"sameAs\":[\"https:\/\/www.facebook.com\/CEI.CentroDeEstudiosInternacionales\/\",\"https:\/\/x.com\/CEIbcn\",\"https:\/\/www.instagram.com\/cei_international\/\"]}]}<\/script>\n<!-- \/ Yoast SEO plugin. -->","yoast_head_json":{"title":"Av\u00eds Legal - CEI International Affairs","robots":{"index":"noindex","follow":"follow","max-snippet":"max-snippet:-1","max-image-preview":"max-image-preview:large","max-video-preview":"max-video-preview:-1"},"og_locale":"ca_ES","og_type":"article","og_title":"Av\u00eds Legal - CEI International Affairs","og_description":"Als efectes de l\u2019article 10 de la Llei 34\/2002, d\u201911 de juliol, de Serveis de la Societat de la Informaci\u00f3 i del Comer\u00e7 Electr\u00f2nic, s\u2019informa a l\u2019usuari de que el titular del web site \u00e9s FUNDACI\u00d3N PRIVADA CENTRO DE ESTUDIOS INTERNACIONALES (endavant, CEI), amb domicili social a Barcelona, a l\u2019Avinguda de Vallvidrera, 25, 080173, amb [&hellip;]","og_url":"https:\/\/ceibcn.bugalu.net\/ca\/avis-legal\/","og_site_name":"CEI International Affairs","article_publisher":"https:\/\/www.facebook.com\/CEI.CentroDeEstudiosInternacionales\/","article_modified_time":"2023-06-14T09:12:40+00:00","og_image":[{"width":500,"height":500,"url":"https:\/\/ceibcn.bugalu.net\/wp-content\/uploads\/2023\/01\/Logo-CEI.png","type":"image\/png"}],"twitter_card":"summary_large_image","twitter_site":"@CEIbcn","twitter_misc":{"Temps estimat de lectura":"4 minuts"},"schema":{"@context":"https:\/\/schema.org","@graph":[{"@type":"WebPage","@id":"https:\/\/ceibcn.bugalu.net\/ca\/avis-legal\/","url":"https:\/\/ceibcn.bugalu.net\/ca\/avis-legal\/","name":"Av\u00eds Legal - CEI International Affairs","isPartOf":{"@id":"https:\/\/ceibcn.bugalu.net\/ca\/#website"},"datePublished":"2023-06-14T09:06:58+00:00","dateModified":"2023-06-14T09:12:40+00:00","breadcrumb":{"@id":"https:\/\/ceibcn.bugalu.net\/ca\/avis-legal\/#breadcrumb"},"inLanguage":"ca","potentialAction":[{"@type":"ReadAction","target":["https:\/\/ceibcn.bugalu.net\/ca\/avis-legal\/"]}]},{"@type":"BreadcrumbList","@id":"https:\/\/ceibcn.bugalu.net\/ca\/avis-legal\/#breadcrumb","itemListElement":[{"@type":"ListItem","position":1,"name":"Portada","item":"https:\/\/ceibcn.bugalu.net\/ca\/"},{"@type":"ListItem","position":2,"name":"Av\u00eds Legal"}]},{"@type":"WebSite","@id":"https:\/\/ceibcn.bugalu.net\/ca\/#website","url":"https:\/\/ceibcn.bugalu.net\/ca\/","name":"CEI International Affairs","description":"CEI International Affairs","publisher":{"@id":"https:\/\/ceibcn.bugalu.net\/ca\/#organization"},"alternateName":"CEI International Affairs","potentialAction":[{"@type":"SearchAction","target":{"@type":"EntryPoint","urlTemplate":"https:\/\/ceibcn.bugalu.net\/ca\/?s={search_term_string}"},"query-input":"required name=search_term_string"}],"inLanguage":"ca"},{"@type":"Organization","@id":"https:\/\/ceibcn.bugalu.net\/ca\/#organization","name":"CEI International Affairs","url":"https:\/\/ceibcn.bugalu.net\/ca\/","logo":{"@type":"ImageObject","inLanguage":"ca","@id":"https:\/\/ceibcn.bugalu.net\/ca\/#\/schema\/logo\/image\/","url":"https:\/\/ceibcn.bugalu.net\/wp-content\/uploads\/2021\/09\/CeiLogo_EscuelaDiploVectorized_vectorizedSIN_FONDO.png","contentUrl":"https:\/\/ceibcn.bugalu.net\/wp-content\/uploads\/2021\/09\/CeiLogo_EscuelaDiploVectorized_vectorizedSIN_FONDO.png","width":1591,"height":629,"caption":"CEI International Affairs"},"image":{"@id":"https:\/\/ceibcn.bugalu.net\/ca\/#\/schema\/logo\/image\/"},"sameAs":["https:\/\/www.facebook.com\/CEI.CentroDeEstudiosInternacionales\/","https:\/\/x.com\/CEIbcn","https:\/\/www.instagram.com\/cei_international\/"]}]}},"_links":{"self":[{"href":"https:\/\/ceibcn.bugalu.net\/ca\/wp-json\/wp\/v2\/pages\/17390"}],"collection":[{"href":"https:\/\/ceibcn.bugalu.net\/ca\/wp-json\/wp\/v2\/pages"}],"about":[{"href":"https:\/\/ceibcn.bugalu.net\/ca\/wp-json\/wp\/v2\/types\/page"}],"author":[{"embeddable":true,"href":"https:\/\/ceibcn.bugalu.net\/ca\/wp-json\/wp\/v2\/users\/6"}],"replies":[{"embeddable":true,"href":"https:\/\/ceibcn.bugalu.net\/ca\/wp-json\/wp\/v2\/comments?post=17390"}],"version-history":[{"count":4,"href":"https:\/\/ceibcn.bugalu.net\/ca\/wp-json\/wp\/v2\/pages\/17390\/revisions"}],"predecessor-version":[{"id":17394,"href":"https:\/\/ceibcn.bugalu.net\/ca\/wp-json\/wp\/v2\/pages\/17390\/revisions\/17394"}],"wp:attachment":[{"href":"https:\/\/ceibcn.bugalu.net\/ca\/wp-json\/wp\/v2\/media?parent=17390"}],"curies":[{"name":"wp","href":"https:\/\/api.w.org\/{rel}","templated":true}]}}