{"id":17362,"date":"2023-06-13T14:19:27","date_gmt":"2023-06-13T12:19:27","guid":{"rendered":"https:\/\/www.ceibcn.com\/?page_id=17362"},"modified":"2023-06-13T14:30:11","modified_gmt":"2023-06-13T12:30:11","slug":"us-de-cookies","status":"publish","type":"page","link":"https:\/\/ceibcn.bugalu.net\/ca\/us-de-cookies\/","title":{"rendered":"\u00das de Cookies"},"content":{"rendered":"\t\t<div data-elementor-type=\"wp-page\" data-elementor-id=\"17362\" class=\"elementor elementor-17362 elementor-17357\" data-elementor-post-type=\"page\">\n\t\t\t\t\t\t<section class=\"elementor-section elementor-top-section elementor-element elementor-element-7652fb4 elementor-section-boxed elementor-section-height-default elementor-section-height-default\" data-id=\"7652fb4\" data-element_type=\"section\" data-settings=\"{&quot;_ha_eqh_enable&quot;:false}\">\n\t\t\t\t\t\t<div class=\"elementor-container elementor-column-gap-default\">\n\t\t\t\t\t<div class=\"elementor-column elementor-col-100 elementor-top-column elementor-element elementor-element-d3f56ca\" data-id=\"d3f56ca\" data-element_type=\"column\">\n\t\t\t<div class=\"elementor-widget-wrap elementor-element-populated\">\n\t\t\t\t\t\t<div class=\"elementor-element elementor-element-22abdb2 html elementor-widget elementor-widget-text-editor\" data-id=\"22abdb2\" data-element_type=\"widget\" data-widget_type=\"text-editor.default\">\n\t\t\t\t<div class=\"elementor-widget-container\">\n\t\t\t<style>\/*! elementor - v3.23.0 - 15-07-2024 *\/\n.elementor-widget-text-editor.elementor-drop-cap-view-stacked .elementor-drop-cap{background-color:#69727d;color:#fff}.elementor-widget-text-editor.elementor-drop-cap-view-framed .elementor-drop-cap{color:#69727d;border:3px solid;background-color:transparent}.elementor-widget-text-editor:not(.elementor-drop-cap-view-default) .elementor-drop-cap{margin-top:8px}.elementor-widget-text-editor:not(.elementor-drop-cap-view-default) .elementor-drop-cap-letter{width:1em;height:1em}.elementor-widget-text-editor .elementor-drop-cap{float:left;text-align:center;line-height:1;font-size:50px}.elementor-widget-text-editor .elementor-drop-cap-letter{display:inline-block}<\/style>\t\t\t\t<p style=\"text-align: justify;\">Benvingut\/da a la POL\u00cdTICA DE COOKIES de la p\u00e0gina web de l\u2019entitat\u00a0<strong>FUNDACI\u00d3N PRIVADA CENTRO DE ESTUDIOS INTERNACIONALES<\/strong>\u00a0(CEI) prove\u00efda de CIF G65062556, on t\u2019explicarem en un llenguatge clar i senzill totes les q\u00fcestions necess\u00e0ries perqu\u00e8 puguis tenir el control sobre elles sobre la base de les teves decisions personals.<\/p><p style=\"text-align: justify;\"><strong>\u00bfQU\u00c8 S\u00d3N LES COOKIES O GALETES INFORM\u00c0TIQUES I PER QU\u00c8 LES UTILITZEM?<\/strong><\/p><p style=\"text-align: justify;\">Una cookie o galeta inform\u00e0tica \u00e9s un petit arxiu d\u2019informaci\u00f3 que es guarda en el teu ordinador, \u201csmartphone\u201d o tauleta cada vegada que visites la nostra p\u00e0gina web.<\/p><p style=\"text-align: justify;\">En principi, una cookie \u00e9s inofensiva: no cont\u00e9 virus, troians, cucs, etc. que puguin danyar la teva terminal, per\u00f2 s\u00ed que t\u00e9 cert impacte sobre el teu dret a la protecci\u00f3 de les teves dades personals, perqu\u00e8 recull determinada informaci\u00f3 concernent a la teva persona (h\u00e0bits de navegaci\u00f3, identitat, prefer\u00e8ncies, etc.).<\/p><p style=\"text-align: justify;\">\u00c9s per aix\u00f2 que, sobre la base del que s\u2019estableix en la normativa aplicable (LSSI i normativa vigent de protecci\u00f3 de dades personals), l\u2019activaci\u00f3 de determinats tipus de cookies necessitar\u00e0 de la teva autoritzaci\u00f3 pr\u00e8via.<\/p><p style=\"text-align: justify;\">Abans d\u2019aix\u00f2, et donarem alguna informaci\u00f3 addicional que t\u2019ajudar\u00e0 a una millor presa de decisions sobre aquest tema:<\/p><ol style=\"text-align: justify;\"><li>Les cookies poden ser de diversos tipus en funci\u00f3 de la seva finalitat:<ul><li>Les cookies t\u00e8cniques s\u00f3n necess\u00e0ries perqu\u00e8 la nostra p\u00e0gina web pugui funcionar, no necessiten de la teva autoritzaci\u00f3 i s\u00f3n les \u00faniques que tenim activades per defecte.<\/li><li>La resta de cookies serveixen per a millorar la nostra p\u00e0gina, per personalitzar-la sobre la base de les teves prefer\u00e8ncies, o per a poder mostrar-te publicitat ajustada a les teves cerques, gustos i interessos personals. Pots acceptar totes aquestes cookies prement el bot\u00f3 ACCEPTAR\u00a0o configurar-les o rebutjar el seu \u00fas clicant en l\u2019apartat\u00a0CONFIGURACI\u00d3 DE COOKIES.<\/li><\/ul><\/li><li>Algunes cookies s\u00f3n nostres (les denominarem <strong>cookies pr\u00f2pies<\/strong>) i unes altres pertanyen a empreses externes que presten serveis per a la nostra p\u00e0gina web (les denominarem\u00a0<strong>cookies de tercers<\/strong>: un exemple podrien ser les cookies de prove\u00efdors externs com Google). En aquest sentit, \u00e9s important que s\u00e0pigues que alguns d\u2019aquests prove\u00efdors externs poden estar situats fora d\u2019Espanya.<br \/><p>A nivell mundial, no tots els pa\u00efsos tenen un mateix nivell de protecci\u00f3 de dades, existint alguns pa\u00efsos m\u00e9s segurs que uns altres (per exemple, la Uni\u00f3 Europea \u00e9s un entorn segur per a les teves dades). La nostra pol\u00edtica \u00e9s rec\u00f3rrer a prove\u00efdors de confian\u00e7a que, amb independ\u00e8ncia que es trobin o no situats a la Uni\u00f3 Europea, hagin adoptat les garanties adequades per a la protecci\u00f3 de la teva informaci\u00f3 personal.<\/p><p>No obstant aix\u00f2, en l\u2019apartat denominat\u00a0<strong>QUIN TIPUS DE COOKIES S\u2019UTILITZEN ACTUALMENT A LA NOSTRA P\u00c0GINA WEB?,\u00a0<\/strong>pots consultar les diferents Pol\u00edtiques de privacitat i protecci\u00f3 de dades de cadascun dels referits prove\u00efdors externs, a fi de prendre una decisi\u00f3 conscient sobre l\u2019activaci\u00f3 o no de les\u00a0<strong>cookies de tercers<\/strong> que utilitza la nostra p\u00e0gina web.<\/p><\/li><li>Finalment, indicar-te que, en funci\u00f3 del termini de temps que romanen actives, les cookies poden ser de dos tipus:<ul><li><strong>Cookies de sessi\u00f3:<\/strong> expiren autom\u00e0ticament quan acabes la sessi\u00f3 en el teu ordinador, \u201ctel\u00e8fon intel\u00b7ligent\u201d o tauleta. Solen emprar-se per a conservar la informaci\u00f3 necess\u00e0ria mentre se\u2019t presta un servei en una sola ocasi\u00f3.<\/li><li><strong>Cookies persistents:<\/strong>\u00a0romanen emmagatzemades en el teu ordinador, \u201ctel\u00e8fon intel\u00b7ligent\u201d o tauleta durant un per\u00edode determinat, que pot variar des d\u2019uns minuts fins a diversos anys.<\/li><\/ul><\/li><\/ol><p style=\"text-align: justify;\"><strong>QUIN TIPUS DE COOKIES PODEM UTILITZAR A LA NOSTRA P\u00c0GINA WEB?<\/strong><\/p><ul style=\"text-align: justify;\"><li><strong>Cookies T\u00e8cniques: <\/strong>Les cookies t\u00e8cniques s\u00f3n estrictament necess\u00e0ries perqu\u00e8 la nostra p\u00e0gina web funcioni i puguis navegar per aquesta. Aquest tipus de cookies s\u00f3n les que, per exemple, ens permeten identificar-te, donar-te acc\u00e9s a determinades parts restringides de la p\u00e0gina si fos necessari, o recordar diferents opcions o serveis ja seleccionats per tu, com les teves prefer\u00e8ncies de privacitat. Per aix\u00f2,\u00a0<strong>estan activades per defecte, no sent necess\u00e0ria la teva autoritzaci\u00f3 sobre aquest tema.<br \/><\/strong>A trav\u00e9s de la configuraci\u00f3 del teu navegador, pots bloquejar o alertar de la pres\u00e8ncia d\u2019aquesta mena de cookies, si b\u00e9 aquest bloqueig afectar\u00e0 el correcte funcionament de les diferents funcionalitats de la nostra p\u00e0gina web.<\/li><li><strong>Cookies d\u2019An\u00e0lisis: <\/strong>Les cookies d\u2019an\u00e0lisis ens permeten estudiar la navegaci\u00f3 dels usuaris de la nostra p\u00e0gina web en general (per exemple, quines seccions de la p\u00e0gina s\u00f3n les m\u00e9s visitades, quins serveis s\u2019usen m\u00e9s i si funcionen correctament, etc.).<br \/>A partir de la informaci\u00f3 estad\u00edstica sobre la navegaci\u00f3 en la nostra p\u00e0gina web, podem millorar tant el propi funcionament de la p\u00e0gina com els diferents serveis que ofereix. Per tant, aquestes cookies <strong>no tenen una finalitat publicit\u00e0ria<\/strong>, sin\u00f3 que \u00fanicament serveixen perqu\u00e8 la nostra p\u00e0gina web funcioni millor, adaptant-se als nostres usuaris en general. Activant-les contribuir\u00e0s a aquesta millora cont\u00ednua.<br \/><strong>Pots activar o desactivar aquestes cookies marcant la casella corresponent,<\/strong> estant desactivades per defecte.<\/li><li><strong>Cookies de Funcionalitat i Personalitzaci\u00f3: <\/strong>Les cookies de funcionalitat ens permeten recordar les teves prefer\u00e8ncies, per a personalitzar a la teva mesura determinades caracter\u00edstiques i opcions generals de la nostra p\u00e0gina web, cada vegada que accedeixis a la mateixa (per exemple, l\u2019idioma en qu\u00e8 se\u2019t presenta la informaci\u00f3, les seccions marcades com a favorites, el teu tipus de navegador, etc.).<br \/>Per tant, aquest tipus de cookies <strong>no tenen una finalitat publicit\u00e0ria<\/strong>, sin\u00f3 que activant-les millorar\u00e0s la funcionalitat de la p\u00e0gina web (per exemple, adaptant-se a la teva mena de navegador) i la personalitzaci\u00f3 de la mateixa sobre la base de les teves prefer\u00e8ncies (per exemple, presentant la informaci\u00f3 en l\u2019idioma que hagis triat en anteriors ocasions), la qual cosa contribuir\u00e0 a la facilitat, usabilitat i comoditat de la nostra p\u00e0gina durant la teva navegaci\u00f3.<\/li><\/ul><p style=\"text-align: justify;\"><strong>Pots activar o desactivar aquestes cookies marcant la casella corresponent<\/strong>, estant desactivades per defecte.<\/p><p style=\"text-align: justify;\"><strong>QUIN TIPUS DE COOKIES S\u2019UTILITZEN ACTUALMENT A LA NOSTRA P\u00c0GINA WEB?<\/strong><\/p><p style=\"text-align: justify;\">A continuaci\u00f3, procedim a informar-te sobre tots els tipus de cookies que actualment s\u2019utilitzen a la nostra p\u00e0gina web i la finalitat de cadascuna de les mateixes:\u00a0<\/p><div class=\"wp-block-image\" style=\"text-align: justify;\"><figure class=\"aligncenter size-full\"><img fetchpriority=\"high\" decoding=\"async\" class=\"wp-image-17297 aligncenter\" src=\"https:\/\/ceibcn.bugalu.net\/wp-content\/uploads\/2023\/06\/image-1.png\" sizes=\"(max-width: 530px) 100vw, 530px\" srcset=\"https:\/\/ceibcn.bugalu.net\/wp-content\/uploads\/2023\/06\/image-1.png 530w, https:\/\/ceibcn.bugalu.net\/wp-content\/uploads\/2023\/06\/image-1-300x216.png 300w, https:\/\/ceibcn.bugalu.net\/wp-content\/uploads\/2023\/06\/image-1-150x108.png 150w\" alt=\"\" width=\"530\" height=\"382\" \/><\/figure><\/div><p style=\"text-align: justify;\"><strong>QU\u00c8 POTS FER AMB LES COOKIES?<\/strong><\/p><p style=\"text-align: justify;\">Quan accedeixes per primera vegada a la nostra p\u00e0gina web, se\u2019t mostra una finestra en la qual t\u2019informem que les cookies poden ser de diversos tipus:<\/p><ul style=\"text-align: justify;\"><li>Les cookies t\u00e8cniques s\u00f3n necess\u00e0ries perqu\u00e8 la nostra p\u00e0gina web pugui funcionar, no necessiten de la teva autoritzaci\u00f3 i s\u00f3n les \u00faniques que tenim activades per defecte.<\/li><li>La resta de cookies serveixen per a millorar la nostra p\u00e0gina o per a personalitzar-la sobre la base de les teves prefer\u00e8ncies. Pots acceptar totes aquestes cookies prement el bot\u00f3 <strong>ACCEPTAR<\/strong>\u00a0o configurar-les o rebutjar el seu \u00fas clicant en l\u2019apartat\u00a0<strong>CONFIGURACI\u00d3 DE COOKIES.<\/strong><\/li><\/ul><p style=\"text-align: justify;\">Informar-te tamb\u00e9 que, una vegada que hagis activat qualsevol tipus de cookies, tens la possibilitat de desactivar-les en el moment que desitgis, amb el simple pas de desmarcar la casella corresponent en l\u2019apartat\u00a0<strong>CONFIGURACI\u00d3 DE COOKIES<\/strong>\u00a0de la nostra p\u00e0gina web. Sempre ser\u00e0 tan senzill per a tu activar les nostres cookies pr\u00f2pies com desactivar-les.<\/p><p style=\"text-align: justify;\">Recordar-te aix\u00ed mateix que, a trav\u00e9s de la configuraci\u00f3 del teu navegador, pots bloquejar o alertar de la pres\u00e8ncia de cookies, si b\u00e9 aquest bloqueig pot afectar el correcte funcionament de les diferents funcionalitats de la nostra p\u00e0gina web en el cas de les cookies t\u00e8cniques necess\u00e0ries.<\/p><p style=\"text-align: justify;\">Finalment, indicar-te que, si actives\u00a0<strong>cookies de tercers<\/strong>\u00a0(empreses externes que presten serveis per a la nostra p\u00e0gina web) i posteriorment desitges desactivar-les, podr\u00e0s fer-ho de dues formes: usant les eines de desactivaci\u00f3 de cookies del teu navegador o a trav\u00e9s dels propis sistemes habilitats per aquests prove\u00efdors externs.<\/p><p style=\"text-align: justify;\">Perqu\u00e8 et sigui molt m\u00e9s f\u00e0cil, a continuaci\u00f3 et relacionem una s\u00e8rie d\u2019enlla\u00e7os a les pautes de desactivaci\u00f3 de cookies dels navegadors d\u2019\u00fas com\u00fa:<\/p><p style=\"text-align: justify;\">\u2013\u00a0\u00a0\u00a0\u00a0\u00a0\u00a0\u00a0\u00a0\u00a0\u00a0<a href=\"https:\/\/support.google.com\/accounts\/answer\/61416?co=GENIE.Platform%3DDesktop&amp;hl=es\">Google Chrome<\/a>.<\/p><p style=\"text-align: justify;\">\u2013\u00a0\u00a0\u00a0\u00a0\u00a0\u00a0\u00a0\u00a0\u00a0\u00a0<a href=\"https:\/\/support.mozilla.org\/es\/kb\/Borrar%20cookies\">Mozilla Firefox<\/a>.<\/p><p style=\"text-align: justify;\">\u2013\u00a0\u00a0\u00a0\u00a0\u00a0\u00a0\u00a0\u00a0\u00a0\u00a0<a href=\"https:\/\/support.microsoft.com\/es-es\/help\/278835\/how-to-delete-cookie-files-in-internet-explorer\">Internet Explorer<\/a>.<\/p><p style=\"text-align: justify;\">\u2013\u00a0\u00a0\u00a0\u00a0\u00a0\u00a0\u00a0\u00a0\u00a0\u00a0<a href=\"https:\/\/support.apple.com\/es-es\/guide\/safari\/sfri11471\/mac\">Safari<\/a>.<\/p><p style=\"text-align: justify;\">\u2013\u00a0\u00a0\u00a0\u00a0\u00a0\u00a0\u00a0\u00a0\u00a0\u00a0<a href=\"https:\/\/support.apple.com\/es-es\/HT201265\">Safari per IOS (iPhone i iPad)<\/a>.<\/p><p style=\"text-align: justify;\">\u2013\u00a0\u00a0\u00a0\u00a0\u00a0\u00a0\u00a0\u00a0\u00a0\u00a0<a href=\"https:\/\/support.google.com\/accounts\/answer\/61416?co=GENIE.Platform%3DAndroid&amp;hl=es&amp;oco=1\">Google Chrome per Android<\/a>.\u00a0<\/p><p style=\"text-align: justify;\">\u2013\u00a0\u00a0\u00a0\u00a0\u00a0\u00a0\u00a0\u00a0\u00a0\u00a0<a href=\"https:\/\/support.google.com\/accounts\/answer\/61416?co=GENIE.Platform%3DiOS&amp;hl=es&amp;oco=1\">Google Chrome per Iphone y Ipad<\/a>.<\/p>\t\t\t\t\t\t<\/div>\n\t\t\t\t<\/div>\n\t\t\t\t\t<\/div>\n\t\t<\/div>\n\t\t\t\t\t<\/div>\n\t\t<\/section>\n\t\t\t\t<\/div>\n\t\t","protected":false},"excerpt":{"rendered":"<p>Benvingut\/da a la POL\u00cdTICA DE COOKIES de la p\u00e0gina web de l\u2019entitat\u00a0FUNDACI\u00d3N PRIVADA CENTRO DE ESTUDIOS INTERNACIONALES\u00a0(CEI) prove\u00efda de CIF G65062556, on t\u2019explicarem en un llenguatge clar i senzill totes les q\u00fcestions necess\u00e0ries perqu\u00e8 puguis tenir el control sobre elles sobre la base de les teves decisions personals. \u00bfQU\u00c8 S\u00d3N LES COOKIES O GALETES INFORM\u00c0TIQUES [&hellip;]<\/p>\n","protected":false},"author":6,"featured_media":0,"parent":0,"menu_order":0,"comment_status":"closed","ping_status":"closed","template":"","meta":{"_acf_changed":false,"footnotes":""},"acf":[],"yoast_head":"<!-- This site is optimized with the Yoast SEO plugin v23.0 - https:\/\/yoast.com\/wordpress\/plugins\/seo\/ -->\n<title>\u00das de Cookies - CEI International Affairs<\/title>\n<meta name=\"robots\" content=\"noindex, follow, max-snippet:-1, max-image-preview:large, max-video-preview:-1\" \/>\n<meta property=\"og:locale\" content=\"ca_ES\" \/>\n<meta property=\"og:type\" content=\"article\" \/>\n<meta property=\"og:title\" content=\"\u00das de Cookies - CEI International Affairs\" \/>\n<meta property=\"og:description\" content=\"Benvingut\/da a la POL\u00cdTICA DE COOKIES de la p\u00e0gina web de l\u2019entitat\u00a0FUNDACI\u00d3N PRIVADA CENTRO DE ESTUDIOS INTERNACIONALES\u00a0(CEI) prove\u00efda de CIF G65062556, on t\u2019explicarem en un llenguatge clar i senzill totes les q\u00fcestions necess\u00e0ries perqu\u00e8 puguis tenir el control sobre elles sobre la base de les teves decisions personals. \u00bfQU\u00c8 S\u00d3N LES COOKIES O GALETES INFORM\u00c0TIQUES [&hellip;]\" \/>\n<meta property=\"og:url\" content=\"https:\/\/ceibcn.bugalu.net\/ca\/us-de-cookies\/\" \/>\n<meta property=\"og:site_name\" content=\"CEI International Affairs\" \/>\n<meta property=\"article:publisher\" content=\"https:\/\/www.facebook.com\/CEI.CentroDeEstudiosInternacionales\/\" \/>\n<meta property=\"article:modified_time\" content=\"2023-06-13T12:30:11+00:00\" \/>\n<meta property=\"og:image\" content=\"https:\/\/ceibcn.bugalu.net\/wp-content\/uploads\/2023\/06\/image-1.png\" \/>\n<meta name=\"twitter:card\" content=\"summary_large_image\" \/>\n<meta name=\"twitter:site\" content=\"@CEIbcn\" \/>\n<meta name=\"twitter:label1\" content=\"Temps estimat de lectura\" \/>\n\t<meta name=\"twitter:data1\" content=\"8 minuts\" \/>\n<script type=\"application\/ld+json\" class=\"yoast-schema-graph\">{\"@context\":\"https:\/\/schema.org\",\"@graph\":[{\"@type\":\"WebPage\",\"@id\":\"https:\/\/ceibcn.bugalu.net\/ca\/us-de-cookies\/\",\"url\":\"https:\/\/ceibcn.bugalu.net\/ca\/us-de-cookies\/\",\"name\":\"\u00das de Cookies - CEI International Affairs\",\"isPartOf\":{\"@id\":\"https:\/\/ceibcn.bugalu.net\/ca\/#website\"},\"primaryImageOfPage\":{\"@id\":\"https:\/\/ceibcn.bugalu.net\/ca\/us-de-cookies\/#primaryimage\"},\"image\":{\"@id\":\"https:\/\/ceibcn.bugalu.net\/ca\/us-de-cookies\/#primaryimage\"},\"thumbnailUrl\":\"https:\/\/ceibcn.bugalu.net\/wp-content\/uploads\/2023\/06\/image-1.png\",\"datePublished\":\"2023-06-13T12:19:27+00:00\",\"dateModified\":\"2023-06-13T12:30:11+00:00\",\"breadcrumb\":{\"@id\":\"https:\/\/ceibcn.bugalu.net\/ca\/us-de-cookies\/#breadcrumb\"},\"inLanguage\":\"ca\",\"potentialAction\":[{\"@type\":\"ReadAction\",\"target\":[\"https:\/\/ceibcn.bugalu.net\/ca\/us-de-cookies\/\"]}]},{\"@type\":\"ImageObject\",\"inLanguage\":\"ca\",\"@id\":\"https:\/\/ceibcn.bugalu.net\/ca\/us-de-cookies\/#primaryimage\",\"url\":\"https:\/\/ceibcn.bugalu.net\/wp-content\/uploads\/2023\/06\/image-1.png\",\"contentUrl\":\"https:\/\/ceibcn.bugalu.net\/wp-content\/uploads\/2023\/06\/image-1.png\"},{\"@type\":\"BreadcrumbList\",\"@id\":\"https:\/\/ceibcn.bugalu.net\/ca\/us-de-cookies\/#breadcrumb\",\"itemListElement\":[{\"@type\":\"ListItem\",\"position\":1,\"name\":\"Portada\",\"item\":\"https:\/\/ceibcn.bugalu.net\/ca\/\"},{\"@type\":\"ListItem\",\"position\":2,\"name\":\"\u00das de Cookies\"}]},{\"@type\":\"WebSite\",\"@id\":\"https:\/\/ceibcn.bugalu.net\/ca\/#website\",\"url\":\"https:\/\/ceibcn.bugalu.net\/ca\/\",\"name\":\"CEI International Affairs\",\"description\":\"CEI International Affairs\",\"publisher\":{\"@id\":\"https:\/\/ceibcn.bugalu.net\/ca\/#organization\"},\"alternateName\":\"CEI International Affairs\",\"potentialAction\":[{\"@type\":\"SearchAction\",\"target\":{\"@type\":\"EntryPoint\",\"urlTemplate\":\"https:\/\/ceibcn.bugalu.net\/ca\/?s={search_term_string}\"},\"query-input\":\"required name=search_term_string\"}],\"inLanguage\":\"ca\"},{\"@type\":\"Organization\",\"@id\":\"https:\/\/ceibcn.bugalu.net\/ca\/#organization\",\"name\":\"CEI International Affairs\",\"url\":\"https:\/\/ceibcn.bugalu.net\/ca\/\",\"logo\":{\"@type\":\"ImageObject\",\"inLanguage\":\"ca\",\"@id\":\"https:\/\/ceibcn.bugalu.net\/ca\/#\/schema\/logo\/image\/\",\"url\":\"https:\/\/ceibcn.bugalu.net\/wp-content\/uploads\/2021\/09\/CeiLogo_EscuelaDiploVectorized_vectorizedSIN_FONDO.png\",\"contentUrl\":\"https:\/\/ceibcn.bugalu.net\/wp-content\/uploads\/2021\/09\/CeiLogo_EscuelaDiploVectorized_vectorizedSIN_FONDO.png\",\"width\":1591,\"height\":629,\"caption\":\"CEI International Affairs\"},\"image\":{\"@id\":\"https:\/\/ceibcn.bugalu.net\/ca\/#\/schema\/logo\/image\/\"},\"sameAs\":[\"https:\/\/www.facebook.com\/CEI.CentroDeEstudiosInternacionales\/\",\"https:\/\/x.com\/CEIbcn\",\"https:\/\/www.instagram.com\/cei_international\/\"]}]}<\/script>\n<!-- \/ Yoast SEO plugin. -->","yoast_head_json":{"title":"\u00das de Cookies - CEI International Affairs","robots":{"index":"noindex","follow":"follow","max-snippet":"max-snippet:-1","max-image-preview":"max-image-preview:large","max-video-preview":"max-video-preview:-1"},"og_locale":"ca_ES","og_type":"article","og_title":"\u00das de Cookies - CEI International Affairs","og_description":"Benvingut\/da a la POL\u00cdTICA DE COOKIES de la p\u00e0gina web de l\u2019entitat\u00a0FUNDACI\u00d3N PRIVADA CENTRO DE ESTUDIOS INTERNACIONALES\u00a0(CEI) prove\u00efda de CIF G65062556, on t\u2019explicarem en un llenguatge clar i senzill totes les q\u00fcestions necess\u00e0ries perqu\u00e8 puguis tenir el control sobre elles sobre la base de les teves decisions personals. \u00bfQU\u00c8 S\u00d3N LES COOKIES O GALETES INFORM\u00c0TIQUES [&hellip;]","og_url":"https:\/\/ceibcn.bugalu.net\/ca\/us-de-cookies\/","og_site_name":"CEI International Affairs","article_publisher":"https:\/\/www.facebook.com\/CEI.CentroDeEstudiosInternacionales\/","article_modified_time":"2023-06-13T12:30:11+00:00","og_image":[{"url":"https:\/\/ceibcn.bugalu.net\/wp-content\/uploads\/2023\/06\/image-1.png"}],"twitter_card":"summary_large_image","twitter_site":"@CEIbcn","twitter_misc":{"Temps estimat de lectura":"8 minuts"},"schema":{"@context":"https:\/\/schema.org","@graph":[{"@type":"WebPage","@id":"https:\/\/ceibcn.bugalu.net\/ca\/us-de-cookies\/","url":"https:\/\/ceibcn.bugalu.net\/ca\/us-de-cookies\/","name":"\u00das de Cookies - CEI International Affairs","isPartOf":{"@id":"https:\/\/ceibcn.bugalu.net\/ca\/#website"},"primaryImageOfPage":{"@id":"https:\/\/ceibcn.bugalu.net\/ca\/us-de-cookies\/#primaryimage"},"image":{"@id":"https:\/\/ceibcn.bugalu.net\/ca\/us-de-cookies\/#primaryimage"},"thumbnailUrl":"https:\/\/ceibcn.bugalu.net\/wp-content\/uploads\/2023\/06\/image-1.png","datePublished":"2023-06-13T12:19:27+00:00","dateModified":"2023-06-13T12:30:11+00:00","breadcrumb":{"@id":"https:\/\/ceibcn.bugalu.net\/ca\/us-de-cookies\/#breadcrumb"},"inLanguage":"ca","potentialAction":[{"@type":"ReadAction","target":["https:\/\/ceibcn.bugalu.net\/ca\/us-de-cookies\/"]}]},{"@type":"ImageObject","inLanguage":"ca","@id":"https:\/\/ceibcn.bugalu.net\/ca\/us-de-cookies\/#primaryimage","url":"https:\/\/ceibcn.bugalu.net\/wp-content\/uploads\/2023\/06\/image-1.png","contentUrl":"https:\/\/ceibcn.bugalu.net\/wp-content\/uploads\/2023\/06\/image-1.png"},{"@type":"BreadcrumbList","@id":"https:\/\/ceibcn.bugalu.net\/ca\/us-de-cookies\/#breadcrumb","itemListElement":[{"@type":"ListItem","position":1,"name":"Portada","item":"https:\/\/ceibcn.bugalu.net\/ca\/"},{"@type":"ListItem","position":2,"name":"\u00das de Cookies"}]},{"@type":"WebSite","@id":"https:\/\/ceibcn.bugalu.net\/ca\/#website","url":"https:\/\/ceibcn.bugalu.net\/ca\/","name":"CEI International Affairs","description":"CEI International Affairs","publisher":{"@id":"https:\/\/ceibcn.bugalu.net\/ca\/#organization"},"alternateName":"CEI International Affairs","potentialAction":[{"@type":"SearchAction","target":{"@type":"EntryPoint","urlTemplate":"https:\/\/ceibcn.bugalu.net\/ca\/?s={search_term_string}"},"query-input":"required name=search_term_string"}],"inLanguage":"ca"},{"@type":"Organization","@id":"https:\/\/ceibcn.bugalu.net\/ca\/#organization","name":"CEI International Affairs","url":"https:\/\/ceibcn.bugalu.net\/ca\/","logo":{"@type":"ImageObject","inLanguage":"ca","@id":"https:\/\/ceibcn.bugalu.net\/ca\/#\/schema\/logo\/image\/","url":"https:\/\/ceibcn.bugalu.net\/wp-content\/uploads\/2021\/09\/CeiLogo_EscuelaDiploVectorized_vectorizedSIN_FONDO.png","contentUrl":"https:\/\/ceibcn.bugalu.net\/wp-content\/uploads\/2021\/09\/CeiLogo_EscuelaDiploVectorized_vectorizedSIN_FONDO.png","width":1591,"height":629,"caption":"CEI International Affairs"},"image":{"@id":"https:\/\/ceibcn.bugalu.net\/ca\/#\/schema\/logo\/image\/"},"sameAs":["https:\/\/www.facebook.com\/CEI.CentroDeEstudiosInternacionales\/","https:\/\/x.com\/CEIbcn","https:\/\/www.instagram.com\/cei_international\/"]}]}},"_links":{"self":[{"href":"https:\/\/ceibcn.bugalu.net\/ca\/wp-json\/wp\/v2\/pages\/17362"}],"collection":[{"href":"https:\/\/ceibcn.bugalu.net\/ca\/wp-json\/wp\/v2\/pages"}],"about":[{"href":"https:\/\/ceibcn.bugalu.net\/ca\/wp-json\/wp\/v2\/types\/page"}],"author":[{"embeddable":true,"href":"https:\/\/ceibcn.bugalu.net\/ca\/wp-json\/wp\/v2\/users\/6"}],"replies":[{"embeddable":true,"href":"https:\/\/ceibcn.bugalu.net\/ca\/wp-json\/wp\/v2\/comments?post=17362"}],"version-history":[{"count":10,"href":"https:\/\/ceibcn.bugalu.net\/ca\/wp-json\/wp\/v2\/pages\/17362\/revisions"}],"predecessor-version":[{"id":17372,"href":"https:\/\/ceibcn.bugalu.net\/ca\/wp-json\/wp\/v2\/pages\/17362\/revisions\/17372"}],"wp:attachment":[{"href":"https:\/\/ceibcn.bugalu.net\/ca\/wp-json\/wp\/v2\/media?parent=17362"}],"curies":[{"name":"wp","href":"https:\/\/api.w.org\/{rel}","templated":true}]}}