{"id":17315,"date":"2022-03-11T11:36:51","date_gmt":"2022-03-11T10:36:51","guid":{"rendered":"https:\/\/www.ceibcn.com\/?page_id=17315"},"modified":"2023-06-13T14:14:33","modified_gmt":"2023-06-13T12:14:33","slug":"politica-de-privacitat","status":"publish","type":"page","link":"https:\/\/ceibcn.bugalu.net\/ca\/politica-de-privacitat\/","title":{"rendered":"Pol\u00edtica de privacitat"},"content":{"rendered":"\t\t<div data-elementor-type=\"wp-page\" data-elementor-id=\"17315\" class=\"elementor elementor-17315\" data-elementor-post-type=\"page\">\n\t\t\t\t\t\t<section class=\"elementor-section elementor-top-section elementor-element elementor-element-baedf96 elementor-section-boxed elementor-section-height-default elementor-section-height-default\" data-id=\"baedf96\" data-element_type=\"section\" data-settings=\"{&quot;_ha_eqh_enable&quot;:false}\">\n\t\t\t\t\t\t<div class=\"elementor-container elementor-column-gap-default\">\n\t\t\t\t\t<div class=\"elementor-column elementor-col-100 elementor-top-column elementor-element elementor-element-e6c455c\" data-id=\"e6c455c\" data-element_type=\"column\">\n\t\t\t<div class=\"elementor-widget-wrap elementor-element-populated\">\n\t\t\t\t\t\t<div class=\"elementor-element elementor-element-713c385 html elementor-widget elementor-widget-text-editor\" data-id=\"713c385\" data-element_type=\"widget\" data-widget_type=\"text-editor.default\">\n\t\t\t\t<div class=\"elementor-widget-container\">\n\t\t\t<style>\/*! elementor - v3.23.0 - 15-07-2024 *\/\n.elementor-widget-text-editor.elementor-drop-cap-view-stacked .elementor-drop-cap{background-color:#69727d;color:#fff}.elementor-widget-text-editor.elementor-drop-cap-view-framed .elementor-drop-cap{color:#69727d;border:3px solid;background-color:transparent}.elementor-widget-text-editor:not(.elementor-drop-cap-view-default) .elementor-drop-cap{margin-top:8px}.elementor-widget-text-editor:not(.elementor-drop-cap-view-default) .elementor-drop-cap-letter{width:1em;height:1em}.elementor-widget-text-editor .elementor-drop-cap{float:left;text-align:center;line-height:1;font-size:50px}.elementor-widget-text-editor .elementor-drop-cap-letter{display:inline-block}<\/style>\t\t\t\t<p><strong>Les vostres dades segures<\/strong><br \/>Informaci\u00f3 en compliment de la normativa de protecci\u00f3 de dades personals<\/p><p>A Europa ia Espanya hi ha normes de protecci\u00f3 de dades pensades per protegir la seva informaci\u00f3 personal de compliment obligat per a la nostra entitat. Per aix\u00f2, \u00e9s molt important per a nosaltres que entengui perfectament qu\u00e8 farem amb les dades personals que us demanem. Aix\u00ed, serem transparents i us donarem el control de les vostres dades, amb un llenguatge senzill i opcions clares que us permetran decidir qu\u00e8 farem amb la vostra informaci\u00f3 personal. Si us plau, si un cop llegida aquesta informaci\u00f3 us queda algun dubte, no dubteu a preguntar-nos. Moltes gr\u00e0cies per la vostra col\u00b7laboraci\u00f3.<\/p><p><strong>Qui som?<\/strong><\/p><p>La nostra denominaci\u00f3: FUNDACI\u00d3 PRIVADA CENTRE D&#8217;ESTUDIS INTERNACIONALS<br \/>El nostre CIF: G65062556<br \/>La nostra activitat principal: Formaci\u00f3, recerca i di\u00e0leg en l&#8217;\u00e0mbit de la Diplom\u00e0cia, Diplom\u00e0cia Multilateral, Relacions Internacionals, Economia, Dret i Pol\u00edtica internacionals.<br \/>La nostra adre\u00e7a: Av. Vallvidrera 25, 08017, Barcelona.<br \/>El nostre tel\u00e8fon de contacte: 932054516<br \/>La nostra adre\u00e7a de correu electr\u00f2nic de contacte:\u00a0<a href=\"mailto:info@ceibcn.com\">info@ceibcn.com<\/a><br \/>Per la seva confian\u00e7a i seguretat, li informem que som una entitat inscrita en el seg\u00fcent Registre: Registre de Fundacions del Ministeri d&#8217;Educaci\u00f3.<br \/>Estem a la seva disposici\u00f3, no dubti a contactar amb nosaltres.<\/p><p><strong>Contacti amb el nostre Delegat de Protecci\u00f3 de Dades<\/strong><\/p><p>Sap que a la nostra entitat comptem amb un delegat de protecci\u00f3 de dades al qual pot enviar totes les seves reclamacions, dubtes i suggeriments sobre l&#8217;\u00fas de la seva informaci\u00f3 personal?<\/p><p>El nostre delegat de protecci\u00f3 de dades \u00e9s AUDIDAT 3.0 SLU i aquests s\u00f3n les seves dades de contacte:\u00a0<a href=\"mailto:dpo@audidatbarcelona.com\">dpo@audidatbarcelona.com<\/a><\/p><p><strong>Per a qu\u00e8 farem servir les seves dades?<\/strong><\/p><p>Amb car\u00e0cter general, les seves dades personals seran utilitzades per poder relacionar-nos amb vost\u00e8 i poder presentar-li els nostres serveis.<\/p><p>Aix\u00ed mateix, tamb\u00e9 poden ser utilitzades per a altres accions, com enviar-li publicitat o promocionar les nostres activitats.<\/p><p><strong>Qui coneixer\u00e0 la informaci\u00f3 que li demanem?<\/strong><\/p><p>Amb car\u00e0cter general, nom\u00e9s el personal de la nostra entitat que estigui degudament autoritzat podr\u00e0 tenir coneixement de la informaci\u00f3 que li demanem.<\/p><p>De la mateixa manera, podran tenir coneixement de la seva informaci\u00f3 personal aquelles entitats que necessitin tenir acc\u00e9s a la mateixa perqu\u00e8 puguem brindar-li els nostres serveis. Aix\u00ed per exemple, el nostre banc coneixer\u00e0 les seves dades si el pagament dels nostres serveis es realitza mitjan\u00e7ant targeta o transfer\u00e8ncia banc\u00e0ria.<\/p><p>Aix\u00ed mateix, tindran coneixement de la seva informaci\u00f3 aquelles entitats p\u00fabliques o privades a les quals estiguem obligats a facilitar les seves dades personals amb motiu del compliment d&#8217;alguna llei. Posant-li un exemple, la Llei Tribut\u00e0ria obliga a facilitar a l&#8217;Ag\u00e8ncia Tribut\u00e0ria determinada informaci\u00f3 sobre operacions econ\u00f2miques que superin una determinada quantitat.<\/p><p>En el cas que, al marge dels sup\u00f2sits comentats, necessitem donar a con\u00e8ixer la seva informaci\u00f3 personal a altres entitats, li demanarem pr\u00e8viament el seu perm\u00eds a trav\u00e9s d&#8217;opcions clares que li permetran decidir referent a aix\u00f2.<\/p><p><strong>Com protegirem les seves dades?<\/strong><\/p><p>Protegirem les seves dades amb mesures de seguretat eficaces en funci\u00f3 dels riscos que comporti l&#8217;\u00fas de la seva informaci\u00f3.<\/p><p>Per a aix\u00f2, la nostra entitat ha aprovat una Pol\u00edtica de Protecci\u00f3 de Dades i es realitzen controls i auditories anuals per verificar que les seves dades personals estan segurs a tot moment.<\/p><p><strong>Enviarem les seves dades a altres pa\u00efsos?<\/strong><\/p><p>Al m\u00f3n hi ha pa\u00efsos que s\u00f3n segurs per a les seves dades i altres que no ho s\u00f3n tant. Aix\u00ed per exemple, la Uni\u00f3 Europea \u00e9s un entorn segur per a les seves dades. La nostra pol\u00edtica \u00e9s no enviar la seva informaci\u00f3 personal a cap pa\u00eds que no sigui segur des del punt de vista de la protecci\u00f3 de les seves dades.<\/p><p>En el cas que sigui imprescindible enviar les seves dades a un pa\u00eds que no sigui tan segur com Espanya, sempre li demnarem pr\u00e8viament el seu perm\u00eds i aplicarem mesures de seguretat eficaces que redueixin els riscos de l&#8217;enviament de la seva informaci\u00f3 personal a un altre pa\u00eds.<\/p><p><strong>Durant quant temps anem a conservar les seves dades?<\/strong><\/p><p>Conservarem les seves dades durant la nostra relaci\u00f3 i mentre ens obliguin les lleis. Un cop finalitzats els terminis legals aplicables, procedirem a eliminar-los de forma segura i respectuosa amb el medi ambient.<\/p><p><strong>Quins s\u00f3n els seus drets de protecci\u00f3 de dades?<\/strong><\/p><p>En qualsevol moment pot dirigir-se a nosaltres per saber quina informaci\u00f3 tenim sobre vost\u00e8, rectificar-la si fos incorrecta i eliminar-la una vegada finalitzada la nostra relaci\u00f3, en el cas que aix\u00f2 sigui legalment possible.<\/p><p>Tamb\u00e9 t\u00e9 dret a sol\u00b7licitar el trasp\u00e0s de la seva informaci\u00f3 a una altra entitat. Aquest dret es diu \u201cportabilitat\u201d i pot ser \u00fatil en determinades situacions.<\/p><p>Per sol\u00b7licitar algun d&#8217;aquests drets, haur\u00e0 de realitzar una sol\u00b7licitud escrita a la nostra adre\u00e7a, juntament amb una fotoc\u00f2pia del seu DNI.<\/p><p>A les oficines de la nostra entitat disposem de formularis espec\u00edfics per sol\u00b7licitar aquests drets i li oferim la nostra ajuda per al seu emplenament.<\/p><p>Per saber m\u00e9s sobre els seus drets de protecci\u00f3 de dades, pot consultar la p\u00e0gina web de l&#8217;<a href=\"https:\/\/www.aepd.es\/\" target=\"_blank\" rel=\"noreferrer noopener\">Ag\u00e8ncia Espanyola de Protecci\u00f3 de Dades<\/a>.<\/p><p><strong>Pot retirar el seu consentiment si canvia d&#8217;opini\u00f3 en un moment posterior?<\/strong><\/p><p>Vost\u00e8 pot retirar el seu consentiment si canvia d&#8217;opini\u00f3 sobre l&#8217;\u00fas de les seves dades en qualsevol moment.<\/p><p>Aix\u00ed per exemple, si vost\u00e8 en el seu moment va estar interessat\/a a rebre publicitat dels nostres productes o serveis, per\u00f2 ja no desitja rebre m\u00e9s publicitat, pot fer-nos-ho constar a trav\u00e9s del formulari d&#8217;oposici\u00f3 al tractament disponible a les oficines de la nostra entitat.<\/p><p><strong>En cas que entengui que els seus drets han estat desatesos, on pot formular una reclamaci\u00f3?<\/strong><\/p><p>En cas que entengui que els seus drets han estat desatesos per la nostra entitat, pot formular una reclamaci\u00f3 en l&#8217;Ag\u00e8ncia Espanyola de Protecci\u00f3 de Dades, a trav\u00e9s d&#8217;algun dels mitjans seg\u00fcents:<\/p><p>Seu electr\u00f2nica:\u00a0<a href=\"https:\/\/www.aepd.es\/\" target=\"_blank\" rel=\"noreferrer noopener\">www.agpd.es<\/a><\/p><p>Adre\u00e7a postal: Ag\u00e8ncia Espanyola de Protecci\u00f3 de Dades. C\/ Jorge Juan, 6 28001-Madrid<\/p><p>Via telef\u00f2nica: Telf. 901 100 099 \/ Telf. 91 266 35 17<\/p><p>Formular una reclamaci\u00f3 a l&#8217;Ag\u00e8ncia Espanyola de Protecci\u00f3 de Dades no comporta cap cost i no \u00e9s necess\u00e0ria l&#8217;assist\u00e8ncia d&#8217;advocat ni procurador.<\/p><p><strong>Elaborarem perfils sobre vost\u00e8?<\/strong><\/p><p>La nostra pol\u00edtica \u00e9s no elaborar perfils sobre els usuaris dels nostres serveis.<\/p><p>No obstant aix\u00f2, poden existir situacions en les quals, amb finalitats de prestaci\u00f3 del servei, comercials o d&#8217;un altre tipus, necessitem elaborar perfils d&#8217;informaci\u00f3 sobre vost\u00e8. Un exemple pogu\u00e9s ser la utilitzaci\u00f3 del seu historial de compres o serveis per poder oferir-li productes o serveis adaptats als seus gustos o necessitats.<\/p><p>En aquest cas, aplicarem mesures de seguretat eficaces que protegeixin la seva informaci\u00f3 a tot moment de persones no autoritzades que pretenguin utilitzar-la en el seu propi benefici.<\/p><p><strong>Utilitzarem les seves dades per a altres finalitats?<\/strong><\/p><p>La nostra pol\u00edtica \u00e9s no fer servir les seves dades per a altres finalitats diferents a les quals li hem explicat. Tot i aix\u00ed, si necessit\u00e9ssim usar les seves dades per a activitats diferents, sempre li sol\u00b7licitarem pr\u00e8viament el seu perm\u00eds a trav\u00e9s d&#8217;opcions clares que li permetran decidir sobre aix\u00f2.<\/p>\t\t\t\t\t\t<\/div>\n\t\t\t\t<\/div>\n\t\t\t\t\t<\/div>\n\t\t<\/div>\n\t\t\t\t\t<\/div>\n\t\t<\/section>\n\t\t\t\t<\/div>\n\t\t","protected":false},"excerpt":{"rendered":"<p>Les vostres dades seguresInformaci\u00f3 en compliment de la normativa de protecci\u00f3 de dades personals A Europa ia Espanya hi ha normes de protecci\u00f3 de dades pensades per protegir la seva informaci\u00f3 personal de compliment obligat per a la nostra entitat. Per aix\u00f2, \u00e9s molt important per a nosaltres que entengui perfectament qu\u00e8 farem amb les [&hellip;]<\/p>\n","protected":false},"author":6,"featured_media":0,"parent":0,"menu_order":0,"comment_status":"closed","ping_status":"closed","template":"","meta":{"_acf_changed":false,"footnotes":""},"acf":[],"yoast_head":"<!-- This site is optimized with the Yoast SEO plugin v23.0 - https:\/\/yoast.com\/wordpress\/plugins\/seo\/ -->\n<title>Pol\u00edtica de privacitat - CEI International Affairs<\/title>\n<meta name=\"robots\" content=\"noindex, follow, max-snippet:-1, max-image-preview:large, max-video-preview:-1\" \/>\n<meta property=\"og:locale\" content=\"ca_ES\" \/>\n<meta property=\"og:type\" content=\"article\" \/>\n<meta property=\"og:title\" content=\"Pol\u00edtica de privacitat - CEI International Affairs\" \/>\n<meta property=\"og:description\" content=\"Les vostres dades seguresInformaci\u00f3 en compliment de la normativa de protecci\u00f3 de dades personals A Europa ia Espanya hi ha normes de protecci\u00f3 de dades pensades per protegir la seva informaci\u00f3 personal de compliment obligat per a la nostra entitat. Per aix\u00f2, \u00e9s molt important per a nosaltres que entengui perfectament qu\u00e8 farem amb les [&hellip;]\" \/>\n<meta property=\"og:url\" content=\"https:\/\/ceibcn.bugalu.net\/ca\/politica-de-privacitat\/\" \/>\n<meta property=\"og:site_name\" content=\"CEI International Affairs\" \/>\n<meta property=\"article:publisher\" content=\"https:\/\/www.facebook.com\/CEI.CentroDeEstudiosInternacionales\/\" \/>\n<meta property=\"article:modified_time\" content=\"2023-06-13T12:14:33+00:00\" \/>\n<meta property=\"og:image\" content=\"https:\/\/ceibcn.bugalu.net\/wp-content\/uploads\/2023\/01\/Logo-CEI.png\" \/>\n\t<meta property=\"og:image:width\" content=\"500\" \/>\n\t<meta property=\"og:image:height\" content=\"500\" \/>\n\t<meta property=\"og:image:type\" content=\"image\/png\" \/>\n<meta name=\"twitter:card\" content=\"summary_large_image\" \/>\n<meta name=\"twitter:site\" content=\"@CEIbcn\" \/>\n<meta name=\"twitter:label1\" content=\"Temps estimat de lectura\" \/>\n\t<meta name=\"twitter:data1\" content=\"7 minuts\" \/>\n<script type=\"application\/ld+json\" class=\"yoast-schema-graph\">{\"@context\":\"https:\/\/schema.org\",\"@graph\":[{\"@type\":\"WebPage\",\"@id\":\"https:\/\/ceibcn.bugalu.net\/ca\/politica-de-privacitat\/\",\"url\":\"https:\/\/ceibcn.bugalu.net\/ca\/politica-de-privacitat\/\",\"name\":\"Pol\u00edtica de privacitat - CEI International Affairs\",\"isPartOf\":{\"@id\":\"https:\/\/ceibcn.bugalu.net\/ca\/#website\"},\"datePublished\":\"2022-03-11T10:36:51+00:00\",\"dateModified\":\"2023-06-13T12:14:33+00:00\",\"breadcrumb\":{\"@id\":\"https:\/\/ceibcn.bugalu.net\/ca\/politica-de-privacitat\/#breadcrumb\"},\"inLanguage\":\"ca\",\"potentialAction\":[{\"@type\":\"ReadAction\",\"target\":[\"https:\/\/ceibcn.bugalu.net\/ca\/politica-de-privacitat\/\"]}]},{\"@type\":\"BreadcrumbList\",\"@id\":\"https:\/\/ceibcn.bugalu.net\/ca\/politica-de-privacitat\/#breadcrumb\",\"itemListElement\":[{\"@type\":\"ListItem\",\"position\":1,\"name\":\"Portada\",\"item\":\"https:\/\/ceibcn.bugalu.net\/ca\/\"},{\"@type\":\"ListItem\",\"position\":2,\"name\":\"Pol\u00edtica de privacitat\"}]},{\"@type\":\"WebSite\",\"@id\":\"https:\/\/ceibcn.bugalu.net\/ca\/#website\",\"url\":\"https:\/\/ceibcn.bugalu.net\/ca\/\",\"name\":\"CEI International Affairs\",\"description\":\"CEI International Affairs\",\"publisher\":{\"@id\":\"https:\/\/ceibcn.bugalu.net\/ca\/#organization\"},\"alternateName\":\"CEI International Affairs\",\"potentialAction\":[{\"@type\":\"SearchAction\",\"target\":{\"@type\":\"EntryPoint\",\"urlTemplate\":\"https:\/\/ceibcn.bugalu.net\/ca\/?s={search_term_string}\"},\"query-input\":\"required name=search_term_string\"}],\"inLanguage\":\"ca\"},{\"@type\":\"Organization\",\"@id\":\"https:\/\/ceibcn.bugalu.net\/ca\/#organization\",\"name\":\"CEI International Affairs\",\"url\":\"https:\/\/ceibcn.bugalu.net\/ca\/\",\"logo\":{\"@type\":\"ImageObject\",\"inLanguage\":\"ca\",\"@id\":\"https:\/\/ceibcn.bugalu.net\/ca\/#\/schema\/logo\/image\/\",\"url\":\"https:\/\/ceibcn.bugalu.net\/wp-content\/uploads\/2021\/09\/CeiLogo_EscuelaDiploVectorized_vectorizedSIN_FONDO.png\",\"contentUrl\":\"https:\/\/ceibcn.bugalu.net\/wp-content\/uploads\/2021\/09\/CeiLogo_EscuelaDiploVectorized_vectorizedSIN_FONDO.png\",\"width\":1591,\"height\":629,\"caption\":\"CEI International Affairs\"},\"image\":{\"@id\":\"https:\/\/ceibcn.bugalu.net\/ca\/#\/schema\/logo\/image\/\"},\"sameAs\":[\"https:\/\/www.facebook.com\/CEI.CentroDeEstudiosInternacionales\/\",\"https:\/\/x.com\/CEIbcn\",\"https:\/\/www.instagram.com\/cei_international\/\"]}]}<\/script>\n<!-- \/ Yoast SEO plugin. -->","yoast_head_json":{"title":"Pol\u00edtica de privacitat - CEI International Affairs","robots":{"index":"noindex","follow":"follow","max-snippet":"max-snippet:-1","max-image-preview":"max-image-preview:large","max-video-preview":"max-video-preview:-1"},"og_locale":"ca_ES","og_type":"article","og_title":"Pol\u00edtica de privacitat - CEI International Affairs","og_description":"Les vostres dades seguresInformaci\u00f3 en compliment de la normativa de protecci\u00f3 de dades personals A Europa ia Espanya hi ha normes de protecci\u00f3 de dades pensades per protegir la seva informaci\u00f3 personal de compliment obligat per a la nostra entitat. Per aix\u00f2, \u00e9s molt important per a nosaltres que entengui perfectament qu\u00e8 farem amb les [&hellip;]","og_url":"https:\/\/ceibcn.bugalu.net\/ca\/politica-de-privacitat\/","og_site_name":"CEI International Affairs","article_publisher":"https:\/\/www.facebook.com\/CEI.CentroDeEstudiosInternacionales\/","article_modified_time":"2023-06-13T12:14:33+00:00","og_image":[{"width":500,"height":500,"url":"https:\/\/ceibcn.bugalu.net\/wp-content\/uploads\/2023\/01\/Logo-CEI.png","type":"image\/png"}],"twitter_card":"summary_large_image","twitter_site":"@CEIbcn","twitter_misc":{"Temps estimat de lectura":"7 minuts"},"schema":{"@context":"https:\/\/schema.org","@graph":[{"@type":"WebPage","@id":"https:\/\/ceibcn.bugalu.net\/ca\/politica-de-privacitat\/","url":"https:\/\/ceibcn.bugalu.net\/ca\/politica-de-privacitat\/","name":"Pol\u00edtica de privacitat - CEI International Affairs","isPartOf":{"@id":"https:\/\/ceibcn.bugalu.net\/ca\/#website"},"datePublished":"2022-03-11T10:36:51+00:00","dateModified":"2023-06-13T12:14:33+00:00","breadcrumb":{"@id":"https:\/\/ceibcn.bugalu.net\/ca\/politica-de-privacitat\/#breadcrumb"},"inLanguage":"ca","potentialAction":[{"@type":"ReadAction","target":["https:\/\/ceibcn.bugalu.net\/ca\/politica-de-privacitat\/"]}]},{"@type":"BreadcrumbList","@id":"https:\/\/ceibcn.bugalu.net\/ca\/politica-de-privacitat\/#breadcrumb","itemListElement":[{"@type":"ListItem","position":1,"name":"Portada","item":"https:\/\/ceibcn.bugalu.net\/ca\/"},{"@type":"ListItem","position":2,"name":"Pol\u00edtica de privacitat"}]},{"@type":"WebSite","@id":"https:\/\/ceibcn.bugalu.net\/ca\/#website","url":"https:\/\/ceibcn.bugalu.net\/ca\/","name":"CEI International Affairs","description":"CEI International Affairs","publisher":{"@id":"https:\/\/ceibcn.bugalu.net\/ca\/#organization"},"alternateName":"CEI International Affairs","potentialAction":[{"@type":"SearchAction","target":{"@type":"EntryPoint","urlTemplate":"https:\/\/ceibcn.bugalu.net\/ca\/?s={search_term_string}"},"query-input":"required name=search_term_string"}],"inLanguage":"ca"},{"@type":"Organization","@id":"https:\/\/ceibcn.bugalu.net\/ca\/#organization","name":"CEI International Affairs","url":"https:\/\/ceibcn.bugalu.net\/ca\/","logo":{"@type":"ImageObject","inLanguage":"ca","@id":"https:\/\/ceibcn.bugalu.net\/ca\/#\/schema\/logo\/image\/","url":"https:\/\/ceibcn.bugalu.net\/wp-content\/uploads\/2021\/09\/CeiLogo_EscuelaDiploVectorized_vectorizedSIN_FONDO.png","contentUrl":"https:\/\/ceibcn.bugalu.net\/wp-content\/uploads\/2021\/09\/CeiLogo_EscuelaDiploVectorized_vectorizedSIN_FONDO.png","width":1591,"height":629,"caption":"CEI International Affairs"},"image":{"@id":"https:\/\/ceibcn.bugalu.net\/ca\/#\/schema\/logo\/image\/"},"sameAs":["https:\/\/www.facebook.com\/CEI.CentroDeEstudiosInternacionales\/","https:\/\/x.com\/CEIbcn","https:\/\/www.instagram.com\/cei_international\/"]}]}},"_links":{"self":[{"href":"https:\/\/ceibcn.bugalu.net\/ca\/wp-json\/wp\/v2\/pages\/17315"}],"collection":[{"href":"https:\/\/ceibcn.bugalu.net\/ca\/wp-json\/wp\/v2\/pages"}],"about":[{"href":"https:\/\/ceibcn.bugalu.net\/ca\/wp-json\/wp\/v2\/types\/page"}],"author":[{"embeddable":true,"href":"https:\/\/ceibcn.bugalu.net\/ca\/wp-json\/wp\/v2\/users\/6"}],"replies":[{"embeddable":true,"href":"https:\/\/ceibcn.bugalu.net\/ca\/wp-json\/wp\/v2\/comments?post=17315"}],"version-history":[{"count":21,"href":"https:\/\/ceibcn.bugalu.net\/ca\/wp-json\/wp\/v2\/pages\/17315\/revisions"}],"predecessor-version":[{"id":17355,"href":"https:\/\/ceibcn.bugalu.net\/ca\/wp-json\/wp\/v2\/pages\/17315\/revisions\/17355"}],"wp:attachment":[{"href":"https:\/\/ceibcn.bugalu.net\/ca\/wp-json\/wp\/v2\/media?parent=17315"}],"curies":[{"name":"wp","href":"https:\/\/api.w.org\/{rel}","templated":true}]}}