{"id":17306,"date":"2023-06-13T12:16:15","date_gmt":"2023-06-13T10:16:15","guid":{"rendered":"https:\/\/www.ceibcn.com\/?page_id=17306"},"modified":"2023-06-13T13:27:59","modified_gmt":"2023-06-13T11:27:59","slug":"politica-de-proteccio-de-dades","status":"publish","type":"page","link":"https:\/\/ceibcn.bugalu.net\/ca\/politica-de-proteccio-de-dades\/","title":{"rendered":"Pol\u00edtica de protecci\u00f3 de dades"},"content":{"rendered":"\t\t<div data-elementor-type=\"wp-page\" data-elementor-id=\"17306\" class=\"elementor elementor-17306 elementor-17277\" data-elementor-post-type=\"page\">\n\t\t\t\t\t\t<section class=\"elementor-section elementor-top-section elementor-element elementor-element-6bc2e6a4 elementor-section-boxed elementor-section-height-default elementor-section-height-default\" data-id=\"6bc2e6a4\" data-element_type=\"section\" data-settings=\"{&quot;_ha_eqh_enable&quot;:false}\">\n\t\t\t\t\t\t<div class=\"elementor-container elementor-column-gap-default\">\n\t\t\t\t\t<div class=\"elementor-column elementor-col-100 elementor-top-column elementor-element elementor-element-45a2518d\" data-id=\"45a2518d\" data-element_type=\"column\">\n\t\t\t<div class=\"elementor-widget-wrap elementor-element-populated\">\n\t\t\t\t\t\t<div class=\"elementor-element elementor-element-3b48e9e8 html elementor-widget elementor-widget-text-editor\" data-id=\"3b48e9e8\" data-element_type=\"widget\" data-widget_type=\"text-editor.default\">\n\t\t\t\t<div class=\"elementor-widget-container\">\n\t\t\t<style>\/*! elementor - v3.23.0 - 15-07-2024 *\/\n.elementor-widget-text-editor.elementor-drop-cap-view-stacked .elementor-drop-cap{background-color:#69727d;color:#fff}.elementor-widget-text-editor.elementor-drop-cap-view-framed .elementor-drop-cap{color:#69727d;border:3px solid;background-color:transparent}.elementor-widget-text-editor:not(.elementor-drop-cap-view-default) .elementor-drop-cap{margin-top:8px}.elementor-widget-text-editor:not(.elementor-drop-cap-view-default) .elementor-drop-cap-letter{width:1em;height:1em}.elementor-widget-text-editor .elementor-drop-cap{float:left;text-align:center;line-height:1;font-size:50px}.elementor-widget-text-editor .elementor-drop-cap-letter{display:inline-block}<\/style>\t\t\t\t<p>La direcci\u00f3 \/ \u00d2rgan de Govern de la\u00a0<strong>FUNDACI\u00d3N PRIVADA CENTRO DE ESTUDIOS INTERNACIONALES (CEI)<\/strong>\u00a0(d&#8217;ara endavant, el responsable del tractament), assumeix la m\u00e0xima responsabilitat i comprom\u00eds amb l&#8217;establiment, implementaci\u00f3 i manteniment de la present Pol\u00edtica de Protecci\u00f3 de Dades, garantint la millora cont\u00ednua del responsable del tractament amb l&#8217;objectiu d&#8217;aconseguir l&#8217;excel\u00b7l\u00e8ncia en relaci\u00f3 amb el compliment del Reglament (UE) 2016\/679 del Parlament Europeu i del Consell, de 27 d&#8217;abril de 2016, relatiu a la protecci\u00f3 de les persones f\u00edsiques pel que fa al tractament de dades personals i a la lliure circulaci\u00f3 d&#8217;aquestes dades i pel qual es deroga la Directiva 95\/46\/CE (Reglament general de protecci\u00f3 de dades) (DOUE\u00a0L 119\/1, 04-05-2016), i de la normativa espanyola de protecci\u00f3 de dades de car\u00e0cter personal (Llei Org\u00e0nica, legislaci\u00f3 sectorial espec\u00edfica i les seves normes de desenvolupament).<\/p><p>La Pol\u00edtica de Protecci\u00f3 de Dades de la\u00a0<strong>FUNDACI\u00d3N PRIVADA CENTRO DE ESTUDIOS INTERNACIONALES (CEI)<\/strong>\u00a0descansa en el\u00a0principi de responsabilitat proactiva, segons el qual el responsable del tractament \u00e9s responsable del compliment del marc normatiu i jurisprudencial que governa aquesta Pol\u00edtica, i \u00e9s capa\u00e7 de demostrar-ho davant les autoritats de control competents.<br \/>En tal sentit, el responsable del tractament es regir\u00e0 pels seg\u00fcents principis que han de servir a tot el seu personal com a guia i marc de refer\u00e8ncia en el tractament de dades personals:<br \/>1. Protecci\u00f3 de dades des del disseny:\u00a0el responsable del tractament aplicar\u00e0, tant al moment de determinar els mitjans de tractament com al moment del mateix tractament, mesures t\u00e8cniques i organitzatives apropiades, com la\u00a0seudonimizaci\u00f3, concebudes per aplicar de forma efectiva els principis de protecci\u00f3 de dades, com la minimitzaci\u00f3 de dades, i integrar les garanties necess\u00e0ries en el tractament.<\/p><p>2. Protecci\u00f3 de dades per defecte:\u00a0el responsable del tractament aplicar\u00e0 les mesures t\u00e8cniques i organitzatives apropiades amb la intenci\u00f3 de garantir que, per defecte, solament\u00a0siguin objecte de tractament de les dades personals que siguin necess\u00e0ries per a cada un dels dins espec\u00edfics del tractament.<\/p><p>3. Protecci\u00f3 de dades en el cicle de vida de la informaci\u00f3:\u00a0les mesures que garanteixin la protecci\u00f3 de les dades personals seran aplicables durant el cicle complet de la vida de la informaci\u00f3.<\/p><p>4. Licitud, lleialtat i transpar\u00e8ncia:\u00a0les dades personals seran tractats de manera l\u00edcita, lleial i transparent en relaci\u00f3 amb l&#8217;interessat.<\/p><p>5. Limitaci\u00f3 de la finalitat:\u00a0les dades personals seran recollits amb finalitats determinades, expl\u00edcits i leg\u00edtims, i no seran tractats ulteriorment de manera incompatible amb aquestes finalitats.<\/p><p>\u00a06. Minimitzaci\u00f3 de dades: les dades personals seran adequats, pertinents i limitats al necessari en relaci\u00f3 amb les finalitats pels quals s\u00f3n tractats.<\/p><p>7. Exactitud:\u00a0les dades personals seran exactes i, si fos necessari, actualitzats; s&#8217;adoptaran totes les mesures raonables perqu\u00e8 se suprimeixin o rectifiquin sense dilaci\u00f3 les dades personals que siguin inexactes pel que fa a les finalitats pels quals es tracten.<\/p><p>8. Limitaci\u00f3 del termini de conservaci\u00f3:\u00a0les dades personals seran mantingudes de manera que es permeti la identificaci\u00f3 dels interessats durant\u00a0no m\u00e9s\u00a0del temps del necessari per a les finalitats del tractament de les dades personals.<\/p><p>9. Integritat i confidencialitat:\u00a0les dades personals seran tractats de tal manera que es garanteixi una seguretat adequada de les dades personals, inclosa la protecci\u00f3 contra el tractament no autoritzat o il\u00b7l\u00edcit i contra la seva p\u00e8rdua, destrucci\u00f3 o dany accidental, mitjan\u00e7ant l&#8217;aplicaci\u00f3 de mesures t\u00e8cniques o organitzatives apropiades.<\/p><p>10. Informaci\u00f3 i formaci\u00f3: una de les claus per garantir la protecci\u00f3 de les dades personals \u00e9s la formaci\u00f3 i informaci\u00f3 que es faciliti al personal involucrat en el tractament\u00a0d&#8217;aquests. Durant el cicle de vida de la informaci\u00f3, tot el personal amb acc\u00e9s a les dades ser\u00e0 convenientment format i informat sobre les seves obligacions en relaci\u00f3 amb el compliment de la normativa de protecci\u00f3 de dades.<\/p><p>La Pol\u00edtica de Protecci\u00f3 de Dades de la\u00a0<strong>FUNDACI\u00d3N PRIVADA CENTRO DE ESTUDIOS INTERNACIONALES (CEI)<\/strong>\u00a0\u00e9s comunicada a tot el personal del responsable del tractament i posada a la disposici\u00f3 de totes les parts interessades.<\/p><p>En la seva conseq\u00fc\u00e8ncia, la present Pol\u00edtica de Protecci\u00f3 de Dades involucra a tot el personal del responsable del tractament, que ha de con\u00e8ixer-la i assumir-la, considerant-la com a pr\u00f2pia, sent cada membre responsable d&#8217;aplicar-la i de verificar les normes de protecci\u00f3 de dades aplicables a la seva activitat, aix\u00ed com identificar i aportar les oportunitats de millora que consideri oportunes amb l&#8217;objectiu d&#8217;aconseguir l&#8217;excel\u00b7l\u00e8ncia en relaci\u00f3 amb el seu compliment.<\/p><p>Aquesta Pol\u00edtica ser\u00e0 revisada per la Direcci\u00f3 \/ \u00d2rgan de Govern de\u00a0<strong>FUNDACI\u00d3N PRIVADA CENTRO DE ESTUDIOS INTERNACIONALES (CEI)<\/strong>, tantes vegades com es consideri necessari, per adequar-se, a tot moment, a les disposicions vigents en mat\u00e8ria de protecci\u00f3 de dades de car\u00e0cter personal.<\/p>\t\t\t\t\t\t<\/div>\n\t\t\t\t<\/div>\n\t\t\t\t\t<\/div>\n\t\t<\/div>\n\t\t\t\t\t<\/div>\n\t\t<\/section>\n\t\t\t\t<\/div>\n\t\t","protected":false},"excerpt":{"rendered":"<p>La direcci\u00f3 \/ \u00d2rgan de Govern de la&nbsp;FUNDACI\u00d3N PRIVADA CENTRO DE ESTUDIOS INTERNACIONALES (CEI)&nbsp;(d&#8217;ara endavant, el responsable del tractament), assumeix la m\u00e0xima responsabilitat i comprom\u00eds amb l&#8217;establiment, implementaci\u00f3 i manteniment de la present Pol\u00edtica de Protecci\u00f3 de Dades, garantint la millora cont\u00ednua del responsable del tractament amb l&#8217;objectiu d&#8217;aconseguir l&#8217;excel\u00b7l\u00e8ncia en relaci\u00f3 amb el compliment [&hellip;]<\/p>\n","protected":false},"author":6,"featured_media":0,"parent":0,"menu_order":0,"comment_status":"closed","ping_status":"closed","template":"","meta":{"_acf_changed":false,"footnotes":""},"acf":[],"yoast_head":"<!-- This site is optimized with the Yoast SEO plugin v23.0 - https:\/\/yoast.com\/wordpress\/plugins\/seo\/ -->\n<title>Pol\u00edtica de protecci\u00f3 de dades - CEI International Affairs<\/title>\n<meta name=\"robots\" content=\"noindex, follow, max-snippet:-1, max-image-preview:large, max-video-preview:-1\" \/>\n<meta property=\"og:locale\" content=\"ca_ES\" \/>\n<meta property=\"og:type\" content=\"article\" \/>\n<meta property=\"og:title\" content=\"Pol\u00edtica de protecci\u00f3 de dades - CEI International Affairs\" \/>\n<meta property=\"og:description\" content=\"La direcci\u00f3 \/ \u00d2rgan de Govern de la&nbsp;FUNDACI\u00d3N PRIVADA CENTRO DE ESTUDIOS INTERNACIONALES (CEI)&nbsp;(d&#8217;ara endavant, el responsable del tractament), assumeix la m\u00e0xima responsabilitat i comprom\u00eds amb l&#8217;establiment, implementaci\u00f3 i manteniment de la present Pol\u00edtica de Protecci\u00f3 de Dades, garantint la millora cont\u00ednua del responsable del tractament amb l&#8217;objectiu d&#8217;aconseguir l&#8217;excel\u00b7l\u00e8ncia en relaci\u00f3 amb el compliment [&hellip;]\" \/>\n<meta property=\"og:url\" content=\"https:\/\/ceibcn.bugalu.net\/ca\/politica-de-proteccio-de-dades\/\" \/>\n<meta property=\"og:site_name\" content=\"CEI International Affairs\" \/>\n<meta property=\"article:publisher\" content=\"https:\/\/www.facebook.com\/CEI.CentroDeEstudiosInternacionales\/\" \/>\n<meta property=\"article:modified_time\" content=\"2023-06-13T11:27:59+00:00\" \/>\n<meta property=\"og:image\" content=\"https:\/\/ceibcn.bugalu.net\/wp-content\/uploads\/2023\/01\/Logo-CEI.png\" \/>\n\t<meta property=\"og:image:width\" content=\"500\" \/>\n\t<meta property=\"og:image:height\" content=\"500\" \/>\n\t<meta property=\"og:image:type\" content=\"image\/png\" \/>\n<meta name=\"twitter:card\" content=\"summary_large_image\" \/>\n<meta name=\"twitter:site\" content=\"@CEIbcn\" \/>\n<meta name=\"twitter:label1\" content=\"Temps estimat de lectura\" \/>\n\t<meta name=\"twitter:data1\" content=\"4 minuts\" \/>\n<script type=\"application\/ld+json\" class=\"yoast-schema-graph\">{\"@context\":\"https:\/\/schema.org\",\"@graph\":[{\"@type\":\"WebPage\",\"@id\":\"https:\/\/ceibcn.bugalu.net\/ca\/politica-de-proteccio-de-dades\/\",\"url\":\"https:\/\/ceibcn.bugalu.net\/ca\/politica-de-proteccio-de-dades\/\",\"name\":\"Pol\u00edtica de protecci\u00f3 de dades - CEI International Affairs\",\"isPartOf\":{\"@id\":\"https:\/\/ceibcn.bugalu.net\/ca\/#website\"},\"datePublished\":\"2023-06-13T10:16:15+00:00\",\"dateModified\":\"2023-06-13T11:27:59+00:00\",\"breadcrumb\":{\"@id\":\"https:\/\/ceibcn.bugalu.net\/ca\/politica-de-proteccio-de-dades\/#breadcrumb\"},\"inLanguage\":\"ca\",\"potentialAction\":[{\"@type\":\"ReadAction\",\"target\":[\"https:\/\/ceibcn.bugalu.net\/ca\/politica-de-proteccio-de-dades\/\"]}]},{\"@type\":\"BreadcrumbList\",\"@id\":\"https:\/\/ceibcn.bugalu.net\/ca\/politica-de-proteccio-de-dades\/#breadcrumb\",\"itemListElement\":[{\"@type\":\"ListItem\",\"position\":1,\"name\":\"Portada\",\"item\":\"https:\/\/ceibcn.bugalu.net\/ca\/\"},{\"@type\":\"ListItem\",\"position\":2,\"name\":\"Pol\u00edtica de protecci\u00f3 de dades\"}]},{\"@type\":\"WebSite\",\"@id\":\"https:\/\/ceibcn.bugalu.net\/ca\/#website\",\"url\":\"https:\/\/ceibcn.bugalu.net\/ca\/\",\"name\":\"CEI International Affairs\",\"description\":\"CEI International Affairs\",\"publisher\":{\"@id\":\"https:\/\/ceibcn.bugalu.net\/ca\/#organization\"},\"alternateName\":\"CEI International Affairs\",\"potentialAction\":[{\"@type\":\"SearchAction\",\"target\":{\"@type\":\"EntryPoint\",\"urlTemplate\":\"https:\/\/ceibcn.bugalu.net\/ca\/?s={search_term_string}\"},\"query-input\":\"required name=search_term_string\"}],\"inLanguage\":\"ca\"},{\"@type\":\"Organization\",\"@id\":\"https:\/\/ceibcn.bugalu.net\/ca\/#organization\",\"name\":\"CEI International Affairs\",\"url\":\"https:\/\/ceibcn.bugalu.net\/ca\/\",\"logo\":{\"@type\":\"ImageObject\",\"inLanguage\":\"ca\",\"@id\":\"https:\/\/ceibcn.bugalu.net\/ca\/#\/schema\/logo\/image\/\",\"url\":\"https:\/\/ceibcn.bugalu.net\/wp-content\/uploads\/2021\/09\/CeiLogo_EscuelaDiploVectorized_vectorizedSIN_FONDO.png\",\"contentUrl\":\"https:\/\/ceibcn.bugalu.net\/wp-content\/uploads\/2021\/09\/CeiLogo_EscuelaDiploVectorized_vectorizedSIN_FONDO.png\",\"width\":1591,\"height\":629,\"caption\":\"CEI International Affairs\"},\"image\":{\"@id\":\"https:\/\/ceibcn.bugalu.net\/ca\/#\/schema\/logo\/image\/\"},\"sameAs\":[\"https:\/\/www.facebook.com\/CEI.CentroDeEstudiosInternacionales\/\",\"https:\/\/x.com\/CEIbcn\",\"https:\/\/www.instagram.com\/cei_international\/\"]}]}<\/script>\n<!-- \/ Yoast SEO plugin. -->","yoast_head_json":{"title":"Pol\u00edtica de protecci\u00f3 de dades - CEI International Affairs","robots":{"index":"noindex","follow":"follow","max-snippet":"max-snippet:-1","max-image-preview":"max-image-preview:large","max-video-preview":"max-video-preview:-1"},"og_locale":"ca_ES","og_type":"article","og_title":"Pol\u00edtica de protecci\u00f3 de dades - CEI International Affairs","og_description":"La direcci\u00f3 \/ \u00d2rgan de Govern de la&nbsp;FUNDACI\u00d3N PRIVADA CENTRO DE ESTUDIOS INTERNACIONALES (CEI)&nbsp;(d&#8217;ara endavant, el responsable del tractament), assumeix la m\u00e0xima responsabilitat i comprom\u00eds amb l&#8217;establiment, implementaci\u00f3 i manteniment de la present Pol\u00edtica de Protecci\u00f3 de Dades, garantint la millora cont\u00ednua del responsable del tractament amb l&#8217;objectiu d&#8217;aconseguir l&#8217;excel\u00b7l\u00e8ncia en relaci\u00f3 amb el compliment [&hellip;]","og_url":"https:\/\/ceibcn.bugalu.net\/ca\/politica-de-proteccio-de-dades\/","og_site_name":"CEI International Affairs","article_publisher":"https:\/\/www.facebook.com\/CEI.CentroDeEstudiosInternacionales\/","article_modified_time":"2023-06-13T11:27:59+00:00","og_image":[{"width":500,"height":500,"url":"https:\/\/ceibcn.bugalu.net\/wp-content\/uploads\/2023\/01\/Logo-CEI.png","type":"image\/png"}],"twitter_card":"summary_large_image","twitter_site":"@CEIbcn","twitter_misc":{"Temps estimat de lectura":"4 minuts"},"schema":{"@context":"https:\/\/schema.org","@graph":[{"@type":"WebPage","@id":"https:\/\/ceibcn.bugalu.net\/ca\/politica-de-proteccio-de-dades\/","url":"https:\/\/ceibcn.bugalu.net\/ca\/politica-de-proteccio-de-dades\/","name":"Pol\u00edtica de protecci\u00f3 de dades - CEI International Affairs","isPartOf":{"@id":"https:\/\/ceibcn.bugalu.net\/ca\/#website"},"datePublished":"2023-06-13T10:16:15+00:00","dateModified":"2023-06-13T11:27:59+00:00","breadcrumb":{"@id":"https:\/\/ceibcn.bugalu.net\/ca\/politica-de-proteccio-de-dades\/#breadcrumb"},"inLanguage":"ca","potentialAction":[{"@type":"ReadAction","target":["https:\/\/ceibcn.bugalu.net\/ca\/politica-de-proteccio-de-dades\/"]}]},{"@type":"BreadcrumbList","@id":"https:\/\/ceibcn.bugalu.net\/ca\/politica-de-proteccio-de-dades\/#breadcrumb","itemListElement":[{"@type":"ListItem","position":1,"name":"Portada","item":"https:\/\/ceibcn.bugalu.net\/ca\/"},{"@type":"ListItem","position":2,"name":"Pol\u00edtica de protecci\u00f3 de dades"}]},{"@type":"WebSite","@id":"https:\/\/ceibcn.bugalu.net\/ca\/#website","url":"https:\/\/ceibcn.bugalu.net\/ca\/","name":"CEI International Affairs","description":"CEI International Affairs","publisher":{"@id":"https:\/\/ceibcn.bugalu.net\/ca\/#organization"},"alternateName":"CEI International Affairs","potentialAction":[{"@type":"SearchAction","target":{"@type":"EntryPoint","urlTemplate":"https:\/\/ceibcn.bugalu.net\/ca\/?s={search_term_string}"},"query-input":"required name=search_term_string"}],"inLanguage":"ca"},{"@type":"Organization","@id":"https:\/\/ceibcn.bugalu.net\/ca\/#organization","name":"CEI International Affairs","url":"https:\/\/ceibcn.bugalu.net\/ca\/","logo":{"@type":"ImageObject","inLanguage":"ca","@id":"https:\/\/ceibcn.bugalu.net\/ca\/#\/schema\/logo\/image\/","url":"https:\/\/ceibcn.bugalu.net\/wp-content\/uploads\/2021\/09\/CeiLogo_EscuelaDiploVectorized_vectorizedSIN_FONDO.png","contentUrl":"https:\/\/ceibcn.bugalu.net\/wp-content\/uploads\/2021\/09\/CeiLogo_EscuelaDiploVectorized_vectorizedSIN_FONDO.png","width":1591,"height":629,"caption":"CEI International Affairs"},"image":{"@id":"https:\/\/ceibcn.bugalu.net\/ca\/#\/schema\/logo\/image\/"},"sameAs":["https:\/\/www.facebook.com\/CEI.CentroDeEstudiosInternacionales\/","https:\/\/x.com\/CEIbcn","https:\/\/www.instagram.com\/cei_international\/"]}]}},"_links":{"self":[{"href":"https:\/\/ceibcn.bugalu.net\/ca\/wp-json\/wp\/v2\/pages\/17306"}],"collection":[{"href":"https:\/\/ceibcn.bugalu.net\/ca\/wp-json\/wp\/v2\/pages"}],"about":[{"href":"https:\/\/ceibcn.bugalu.net\/ca\/wp-json\/wp\/v2\/types\/page"}],"author":[{"embeddable":true,"href":"https:\/\/ceibcn.bugalu.net\/ca\/wp-json\/wp\/v2\/users\/6"}],"replies":[{"embeddable":true,"href":"https:\/\/ceibcn.bugalu.net\/ca\/wp-json\/wp\/v2\/comments?post=17306"}],"version-history":[{"count":5,"href":"https:\/\/ceibcn.bugalu.net\/ca\/wp-json\/wp\/v2\/pages\/17306\/revisions"}],"predecessor-version":[{"id":17311,"href":"https:\/\/ceibcn.bugalu.net\/ca\/wp-json\/wp\/v2\/pages\/17306\/revisions\/17311"}],"wp:attachment":[{"href":"https:\/\/ceibcn.bugalu.net\/ca\/wp-json\/wp\/v2\/media?parent=17306"}],"curies":[{"name":"wp","href":"https:\/\/api.w.org\/{rel}","templated":true}]}}