{"id":15500,"date":"2023-04-18T15:11:22","date_gmt":"2023-04-18T13:11:22","guid":{"rendered":"https:\/\/www.ceibcn.com\/?page_id=15500"},"modified":"2023-05-08T12:50:31","modified_gmt":"2023-05-08T10:50:31","slug":"comissio-de-qualitat","status":"publish","type":"page","link":"https:\/\/ceibcn.bugalu.net\/ca\/portal-de-qualitat\/comissio-de-qualitat\/","title":{"rendered":"Comissi\u00f3 de qualitat"},"content":{"rendered":"\t\t<div data-elementor-type=\"wp-page\" data-elementor-id=\"15500\" class=\"elementor elementor-15500 elementor-14649\" data-elementor-post-type=\"page\">\n\t\t\t\t\t\t<section class=\"elementor-section elementor-top-section elementor-element elementor-element-bdfb2eb elementor-section-full_width elementor-section-height-default elementor-section-height-default\" data-id=\"bdfb2eb\" data-element_type=\"section\" data-settings=\"{&quot;_ha_eqh_enable&quot;:false}\">\n\t\t\t\t\t\t<div class=\"elementor-container elementor-column-gap-no\">\n\t\t\t\t\t<div class=\"elementor-column elementor-col-100 elementor-top-column elementor-element elementor-element-4777e6b\" data-id=\"4777e6b\" data-element_type=\"column\">\n\t\t\t<div class=\"elementor-widget-wrap elementor-element-populated\">\n\t\t\t\t\t\t<div class=\"elementor-element elementor-element-b635269 elementor-widget elementor-widget-template\" data-id=\"b635269\" data-element_type=\"widget\" data-widget_type=\"template.default\">\n\t\t\t\t<div class=\"elementor-widget-container\">\n\t\t\t\t\t<div class=\"elementor-template\">\n\t\t\t\t\t<div data-elementor-type=\"page\" data-elementor-id=\"15093\" class=\"elementor elementor-15093 elementor-14547\" data-elementor-post-type=\"elementor_library\">\n\t\t\t\t\t\t<section class=\"elementor-section elementor-top-section elementor-element elementor-element-1d54a8e elementor-section-boxed elementor-section-height-default elementor-section-height-default\" data-id=\"1d54a8e\" data-element_type=\"section\" data-settings=\"{&quot;background_background&quot;:&quot;classic&quot;,&quot;_ha_eqh_enable&quot;:false}\">\n\t\t\t\t\t\t<div class=\"elementor-container elementor-column-gap-default\">\n\t\t\t\t\t<div class=\"elementor-column elementor-col-100 elementor-top-column elementor-element elementor-element-0050163\" data-id=\"0050163\" data-element_type=\"column\">\n\t\t\t<div class=\"elementor-widget-wrap elementor-element-populated\">\n\t\t\t\t\t\t<div class=\"elementor-element elementor-element-18a7097 elementor-widget elementor-widget-spacer\" data-id=\"18a7097\" data-element_type=\"widget\" data-widget_type=\"spacer.default\">\n\t\t\t\t<div class=\"elementor-widget-container\">\n\t\t\t<style>\/*! elementor - v3.23.0 - 15-07-2024 *\/\n.elementor-column .elementor-spacer-inner{height:var(--spacer-size)}.e-con{--container-widget-width:100%}.e-con-inner>.elementor-widget-spacer,.e-con>.elementor-widget-spacer{width:var(--container-widget-width,var(--spacer-size));--align-self:var(--container-widget-align-self,initial);--flex-shrink:0}.e-con-inner>.elementor-widget-spacer>.elementor-widget-container,.e-con>.elementor-widget-spacer>.elementor-widget-container{height:100%;width:100%}.e-con-inner>.elementor-widget-spacer>.elementor-widget-container>.elementor-spacer,.e-con>.elementor-widget-spacer>.elementor-widget-container>.elementor-spacer{height:100%}.e-con-inner>.elementor-widget-spacer>.elementor-widget-container>.elementor-spacer>.elementor-spacer-inner,.e-con>.elementor-widget-spacer>.elementor-widget-container>.elementor-spacer>.elementor-spacer-inner{height:var(--container-widget-height,var(--spacer-size))}.e-con-inner>.elementor-widget-spacer.elementor-widget-empty,.e-con>.elementor-widget-spacer.elementor-widget-empty{position:relative;min-height:22px;min-width:22px}.e-con-inner>.elementor-widget-spacer.elementor-widget-empty .elementor-widget-empty-icon,.e-con>.elementor-widget-spacer.elementor-widget-empty .elementor-widget-empty-icon{position:absolute;top:0;bottom:0;left:0;right:0;margin:auto;padding:0;width:22px;height:22px}<\/style>\t\t<div class=\"elementor-spacer\">\n\t\t\t<div class=\"elementor-spacer-inner\"><\/div>\n\t\t<\/div>\n\t\t\t\t<\/div>\n\t\t\t\t<\/div>\n\t\t\t\t<div class=\"elementor-element elementor-element-8d7aedc elementor-widget elementor-widget-spacer\" data-id=\"8d7aedc\" data-element_type=\"widget\" data-widget_type=\"spacer.default\">\n\t\t\t\t<div class=\"elementor-widget-container\">\n\t\t\t\t\t<div class=\"elementor-spacer\">\n\t\t\t<div class=\"elementor-spacer-inner\"><\/div>\n\t\t<\/div>\n\t\t\t\t<\/div>\n\t\t\t\t<\/div>\n\t\t\t\t\t<\/div>\n\t\t<\/div>\n\t\t\t\t\t<\/div>\n\t\t<\/section>\n\t\t\t\t<section class=\"elementor-section elementor-top-section elementor-element elementor-element-1bca906 elementor-section-full_width elementor-section-height-default elementor-section-height-default\" data-id=\"1bca906\" data-element_type=\"section\" data-settings=\"{&quot;_ha_eqh_enable&quot;:false}\">\n\t\t\t\t\t\t<div class=\"elementor-container elementor-column-gap-no\">\n\t\t\t\t\t<div class=\"elementor-column elementor-col-100 elementor-top-column elementor-element elementor-element-ffc5891\" data-id=\"ffc5891\" data-element_type=\"column\">\n\t\t\t<div class=\"elementor-widget-wrap elementor-element-populated\">\n\t\t\t\t\t\t<div class=\"elementor-element elementor-element-7c88157 eael-hamburger--tablet elementor-widget elementor-widget-eael-simple-menu\" data-id=\"7c88157\" data-element_type=\"widget\" data-widget_type=\"eael-simple-menu.default\">\n\t\t\t\t<div class=\"elementor-widget-container\">\n\t\t\t<style>\n                        @media screen and (max-width: 1024px) {\n                            .eael-hamburger--tablet {\n                                .eael-simple-menu-horizontal,\n                                .eael-simple-menu-vertical {\n                                    display: none;\n                                }\n                            }\n                            .eael-hamburger--tablet {\n                                .eael-simple-menu-container .eael-simple-menu-toggle {\n                                    display: block;\n                                }\n                            }\n                        }\n                    <\/style>            <div data-hamburger-icon=\"&lt;i aria-hidden=&quot;true&quot; class=&quot;hm hm-angle-down&quot;&gt;&lt;\/i&gt;\" data-indicator-icon=\"&lt;i aria-hidden=&quot;true&quot; class=&quot;icon icon-chevron-down&quot;&gt;&lt;\/i&gt;\" data-dropdown-indicator-icon=\"&lt;svg class=&quot;e-font-icon-svg e-fas-angle-down&quot; viewBox=&quot;0 0 320 512&quot; xmlns=&quot;http:\/\/www.w3.org\/2000\/svg&quot;&gt;&lt;path d=&quot;M143 352.3L7 216.3c-9.4-9.4-9.4-24.6 0-33.9l22.6-22.6c9.4-9.4 24.6-9.4 33.9 0l96.4 96.4 96.4-96.4c9.4-9.4 24.6-9.4 33.9 0l22.6 22.6c9.4 9.4 9.4 24.6 0 33.9l-136 136c-9.2 9.4-24.4 9.4-33.8 0z&quot;&gt;&lt;\/path&gt;&lt;\/svg&gt;\" class=\"eael-simple-menu-container eael-simple-menu-align-center eael-simple-menu-dropdown-align-left preset-1\" data-hamburger-breakpoints=\"{&quot;mobile&quot;:&quot;M\\u00f2bil vertical (&gt; 767px)&quot;,&quot;tablet&quot;:&quot;Tauleta vertical (&gt; 1024px)&quot;,&quot;desktop&quot;:&quot;Desktop (&gt; 2400px)&quot;,&quot;none&quot;:&quot;None&quot;}\" data-hamburger-device=\"tablet\">\n                <ul id=\"menu-portal-qualitat\" class=\"eael-simple-menu eael-simple-menu-dropdown-animate-to-top eael-simple-menu-indicator eael-hamburger-left eael-simple-menu-horizontal\"><li id=\"menu-item-15091\" class=\"menu-item menu-item-type-custom menu-item-object-custom menu-item-has-children menu-item-15091\"><a href=\"#\">L&#8217;organitzaci\u00f3 i el context<\/a>\n<ul class=\"sub-menu\">\n\t<li id=\"menu-item-15359\" class=\"menu-item menu-item-type-custom menu-item-object-custom menu-item-15359\"><a href=\"https:\/\/ceibcn.bugalu.net\/ca\/portal-de-qualitat\/\">Missi\u00f3, visi\u00f3 i pol\u00edtica de qualitat del CEI<\/a><\/li>\n\t<li id=\"menu-item-15563\" class=\"menu-item menu-item-type-custom menu-item-object-custom menu-item-15563\"><a href=\"https:\/\/ceibcn.bugalu.net\/ca\/portal-de-qualitat\/marc-normatiu\/\">Marc normatiu<\/a><\/li>\n\t<li id=\"menu-item-15562\" class=\"menu-item menu-item-type-custom menu-item-object-custom menu-item-15562\"><a href=\"https:\/\/ceibcn.bugalu.net\/ca\/portal-de-qualitat\/normatives-del-cei\/\">Normatives del CEI<\/a><\/li>\n\t<li id=\"menu-item-15564\" class=\"menu-item menu-item-type-custom menu-item-object-custom menu-item-15564\"><a href=\"https:\/\/ceibcn.bugalu.net\/ca\/portal-de-qualitat\/mapes-de-processos\/\">Mapes de processos<\/a><\/li>\n\t<li id=\"menu-item-15565\" class=\"menu-item menu-item-type-custom menu-item-object-custom menu-item-15565\"><a href=\"https:\/\/ceibcn.bugalu.net\/ca\/portal-de-qualitat\/parts-interessades-del-cei\/\">Parts interessades del CEI<\/a><\/li>\n\t<li id=\"menu-item-15566\" class=\"menu-item menu-item-type-custom menu-item-object-custom menu-item-15566\"><a href=\"https:\/\/ceibcn.bugalu.net\/ca\/portal-de-qualitat\/mecanismes-de-participacio-de-lalumnat-del-cei\/\">Mecanismes de participaci\u00f3 de l\u2019alumnat del CEI<\/a><\/li>\n<\/ul>\n<\/li>\n<li id=\"menu-item-15567\" class=\"menu-item menu-item-type-custom menu-item-object-custom menu-item-has-children menu-item-15567\"><a href=\"#\">Planificaci\u00f3 de la qualitat i millora<\/a>\n<ul class=\"sub-menu\">\n\t<li id=\"menu-item-15568\" class=\"menu-item menu-item-type-custom menu-item-object-custom menu-item-15568\"><a href=\"https:\/\/ceibcn.bugalu.net\/ca\/portal-de-qualitat\/comissio-de-qualitat\/\">Comissi\u00f3 de qualitat<\/a><\/li>\n\t<li id=\"menu-item-15569\" class=\"menu-item menu-item-type-custom menu-item-object-custom menu-item-15569\"><a href=\"https:\/\/ceibcn.bugalu.net\/ca\/portal-de-qualitat\/objectius-de-qualitat\/\">Objectius de qualitat<\/a><\/li>\n\t<li id=\"menu-item-15570\" class=\"menu-item menu-item-type-custom menu-item-object-custom menu-item-15570\"><a href=\"https:\/\/ceibcn.bugalu.net\/wp-content\/uploads\/2023\/06\/Manual-de-Qualitat-CEI-v4-ca.pdf\">Manual de qualitat<\/a><\/li>\n\t<li id=\"menu-item-15571\" class=\"menu-item menu-item-type-custom menu-item-object-custom menu-item-15571\"><a href=\"https:\/\/ceibcn.bugalu.net\/ca\/portal-de-qualitat\/indicadors-de-qualitat\/\">Indicadors de qualitat<\/a><\/li>\n\t<li id=\"menu-item-15572\" class=\"menu-item menu-item-type-custom menu-item-object-custom menu-item-15572\"><a href=\"https:\/\/ceibcn.bugalu.net\/ca\/portal-de-qualitat\/incidencies-y-accions-correctives\/\">Incid\u00e8ncies i accions correctives<\/a><\/li>\n<\/ul>\n<\/li>\n<li id=\"menu-item-15573\" class=\"menu-item menu-item-type-custom menu-item-object-custom menu-item-15573\"><a href=\"https:\/\/ceibcn.bugalu.net\/ca\/portal-de-qualitat\/qualitat-de-les-titulacions\/\">Qualitat de les titulacions<\/a><\/li>\n<\/ul>                <button class=\"eael-simple-menu-toggle\">\n                    <span class=\"sr-only \">Humberger Toggle Menu<\/span>\n                    <i aria-hidden=\"true\" class=\"hm hm-angle-down\"><\/i>                <\/button>\n            <\/div>\n            \t\t<\/div>\n\t\t\t\t<\/div>\n\t\t\t\t\t<\/div>\n\t\t<\/div>\n\t\t\t\t\t<\/div>\n\t\t<\/section>\n\t\t\t\t<\/div>\n\t\t\t\t<\/div>\n\t\t\t\t<\/div>\n\t\t\t\t<\/div>\n\t\t\t\t\t<\/div>\n\t\t<\/div>\n\t\t\t\t\t<\/div>\n\t\t<\/section>\n\t\t\t\t<section class=\"elementor-section elementor-top-section elementor-element elementor-element-d97697e elementor-section-boxed elementor-section-height-default elementor-section-height-default\" data-id=\"d97697e\" data-element_type=\"section\" data-settings=\"{&quot;_ha_eqh_enable&quot;:false}\">\n\t\t\t\t\t\t<div class=\"elementor-container elementor-column-gap-default\">\n\t\t\t\t\t<div class=\"elementor-column elementor-col-100 elementor-top-column elementor-element elementor-element-f0ef5c0\" data-id=\"f0ef5c0\" data-element_type=\"column\">\n\t\t\t<div class=\"elementor-widget-wrap elementor-element-populated\">\n\t\t\t\t\t\t<div class=\"elementor-element elementor-element-969de12 elementor-widget elementor-widget-spacer\" data-id=\"969de12\" data-element_type=\"widget\" data-widget_type=\"spacer.default\">\n\t\t\t\t<div class=\"elementor-widget-container\">\n\t\t\t\t\t<div class=\"elementor-spacer\">\n\t\t\t<div class=\"elementor-spacer-inner\"><\/div>\n\t\t<\/div>\n\t\t\t\t<\/div>\n\t\t\t\t<\/div>\n\t\t\t\t\t<\/div>\n\t\t<\/div>\n\t\t\t\t\t<\/div>\n\t\t<\/section>\n\t\t\t\t<section class=\"elementor-section elementor-top-section elementor-element elementor-element-dd29bc8 elementor-section-boxed elementor-section-height-default elementor-section-height-default\" data-id=\"dd29bc8\" data-element_type=\"section\" data-settings=\"{&quot;_ha_eqh_enable&quot;:false}\">\n\t\t\t\t\t\t<div class=\"elementor-container elementor-column-gap-default\">\n\t\t\t\t\t<div class=\"elementor-column elementor-col-100 elementor-top-column elementor-element elementor-element-829f29b\" data-id=\"829f29b\" data-element_type=\"column\">\n\t\t\t<div class=\"elementor-widget-wrap elementor-element-populated\">\n\t\t\t\t\t\t<div class=\"elementor-element elementor-element-3b0f35f html elementor-widget elementor-widget-text-editor\" data-id=\"3b0f35f\" data-element_type=\"widget\" data-widget_type=\"text-editor.default\">\n\t\t\t\t<div class=\"elementor-widget-container\">\n\t\t\t<style>\/*! elementor - v3.23.0 - 15-07-2024 *\/\n.elementor-widget-text-editor.elementor-drop-cap-view-stacked .elementor-drop-cap{background-color:#69727d;color:#fff}.elementor-widget-text-editor.elementor-drop-cap-view-framed .elementor-drop-cap{color:#69727d;border:3px solid;background-color:transparent}.elementor-widget-text-editor:not(.elementor-drop-cap-view-default) .elementor-drop-cap{margin-top:8px}.elementor-widget-text-editor:not(.elementor-drop-cap-view-default) .elementor-drop-cap-letter{width:1em;height:1em}.elementor-widget-text-editor .elementor-drop-cap{float:left;text-align:center;line-height:1;font-size:50px}.elementor-widget-text-editor .elementor-drop-cap-letter{display:inline-block}<\/style>\t\t\t\t<p>En data d\u201911 de mar\u00e7 del 2021 s&#8217;aprova la creaci\u00f3 de la Comissi\u00f3 de Qualitat del CEI que inclou la Direcci\u00f3 Executiva com a responsable d&#8217;aquest proc\u00e9s i la Responsable de la Secretaria del centre adscrit com a suport, i s&#8217;envolta de la Comissi\u00f3 de Direcci\u00f3 per a l&#8217;assessorament.<\/p><p>La Comissi\u00f3 de Qualitat inclou, de manera espor\u00e0dica, una persona representant del personal docent i investigador (PDI), el\/la delegada de la UB, i una persona representant de l&#8217;alumnat, a m\u00e9s de les persones que es considerin interessades.<\/p><p>Funcions:<\/p><ul><li>Definir i revisar la pol\u00edtica i objectius de qualitat,<\/li><li>definir i revisar l&#8217;efectivitat del sistema de qualitat,<\/li><li>revisar l&#8217;an\u00e0lisi de context, els riscos i les oportunitats i el compliment de les necessitats de les parts interessades,<\/li><li>definir i revisar la implantaci\u00f3 i el nivell de documentaci\u00f3 del sistema de qualitat,<\/li><li>definir i revisar les mem\u00f2ries de verificaci\u00f3, els informes de seguiment, les propostes de modificaci\u00f3 i els informes interns d\u2019acreditaci\u00f3 de totes les formacions,<\/li><li>facilitar i garantir la recollida de les evid\u00e8ncies necess\u00e0ries per als diversos processos d&#8217;avaluaci\u00f3, certificaci\u00f3 i acreditaci\u00f3 en qu\u00e8 es vegi implicat el centre,<\/li><li>preparar i programar les auditories internes i fer el seguiment del resultat de les auditories internes i externes,<\/li><li>facilitar i garantir la recollida i an\u00e0lisi de les dades i indicadors dels processos,<\/li><li>facilitar i garantir la gesti\u00f3 del coneixement i la transpar\u00e8ncia de la informaci\u00f3 p\u00fablica d\u2019inter\u00e8s per a les diferents parts interessades de la comunitat universit\u00e0ria i la societat,<\/li><li>identificar necessitats de millora, necessitats de recursos i de formaci\u00f3,<\/li><li>gestionar les incid\u00e8ncies que afectin el sistema de qualitat i identificar accions preventives.<\/li><\/ul><p>Periodicitat de reuni\u00f3: m\u00ednim una vegada al trimestre.<\/p>\t\t\t\t\t\t<\/div>\n\t\t\t\t<\/div>\n\t\t\t\t\t<\/div>\n\t\t<\/div>\n\t\t\t\t\t<\/div>\n\t\t<\/section>\n\t\t\t\t<section class=\"elementor-section elementor-top-section elementor-element elementor-element-1c1f571 elementor-section-boxed elementor-section-height-default elementor-section-height-default\" data-id=\"1c1f571\" data-element_type=\"section\" data-settings=\"{&quot;_ha_eqh_enable&quot;:false}\">\n\t\t\t\t\t\t<div class=\"elementor-container elementor-column-gap-default\">\n\t\t\t\t\t<div class=\"elementor-column elementor-col-100 elementor-top-column elementor-element elementor-element-1b775c0\" data-id=\"1b775c0\" data-element_type=\"column\">\n\t\t\t<div class=\"elementor-widget-wrap elementor-element-populated\">\n\t\t\t\t\t\t<div class=\"elementor-element elementor-element-8686310 elementor-widget elementor-widget-spacer\" data-id=\"8686310\" data-element_type=\"widget\" data-widget_type=\"spacer.default\">\n\t\t\t\t<div class=\"elementor-widget-container\">\n\t\t\t\t\t<div class=\"elementor-spacer\">\n\t\t\t<div class=\"elementor-spacer-inner\"><\/div>\n\t\t<\/div>\n\t\t\t\t<\/div>\n\t\t\t\t<\/div>\n\t\t\t\t\t<\/div>\n\t\t<\/div>\n\t\t\t\t\t<\/div>\n\t\t<\/section>\n\t\t\t\t<\/div>\n\t\t","protected":false},"excerpt":{"rendered":"<p>En data d\u201911 de mar\u00e7 del 2021 s&#8217;aprova la creaci\u00f3 de la Comissi\u00f3 de Qualitat del CEI que inclou la Direcci\u00f3 Executiva com a responsable d&#8217;aquest proc\u00e9s i la Responsable de la Secretaria del centre adscrit com a suport, i s&#8217;envolta de la Comissi\u00f3 de Direcci\u00f3 per a l&#8217;assessorament. La Comissi\u00f3 de Qualitat inclou, de [&hellip;]<\/p>\n","protected":false},"author":6,"featured_media":0,"parent":15089,"menu_order":0,"comment_status":"closed","ping_status":"closed","template":"","meta":{"_acf_changed":false,"footnotes":""},"acf":[],"yoast_head":"<!-- This site is optimized with the Yoast SEO plugin v23.0 - https:\/\/yoast.com\/wordpress\/plugins\/seo\/ -->\n<title>Comissi\u00f3 de qualitat - CEI International Affairs<\/title>\n<meta name=\"robots\" content=\"noindex, follow, max-snippet:-1, max-image-preview:large, max-video-preview:-1\" \/>\n<meta property=\"og:locale\" content=\"ca_ES\" \/>\n<meta property=\"og:type\" content=\"article\" \/>\n<meta property=\"og:title\" content=\"Comissi\u00f3 de qualitat - CEI International Affairs\" \/>\n<meta property=\"og:description\" content=\"En data d\u201911 de mar\u00e7 del 2021 s&#8217;aprova la creaci\u00f3 de la Comissi\u00f3 de Qualitat del CEI que inclou la Direcci\u00f3 Executiva com a responsable d&#8217;aquest proc\u00e9s i la Responsable de la Secretaria del centre adscrit com a suport, i s&#8217;envolta de la Comissi\u00f3 de Direcci\u00f3 per a l&#8217;assessorament. La Comissi\u00f3 de Qualitat inclou, de [&hellip;]\" \/>\n<meta property=\"og:url\" content=\"https:\/\/ceibcn.bugalu.net\/ca\/portal-de-qualitat\/comissio-de-qualitat\/\" \/>\n<meta property=\"og:site_name\" content=\"CEI International Affairs\" \/>\n<meta property=\"article:publisher\" content=\"https:\/\/www.facebook.com\/CEI.CentroDeEstudiosInternacionales\/\" \/>\n<meta property=\"article:modified_time\" content=\"2023-05-08T10:50:31+00:00\" \/>\n<meta property=\"og:image\" content=\"https:\/\/ceibcn.bugalu.net\/wp-content\/uploads\/2023\/01\/Logo-CEI.png\" \/>\n\t<meta property=\"og:image:width\" content=\"500\" \/>\n\t<meta property=\"og:image:height\" content=\"500\" \/>\n\t<meta property=\"og:image:type\" content=\"image\/png\" \/>\n<meta name=\"twitter:card\" content=\"summary_large_image\" \/>\n<meta name=\"twitter:site\" content=\"@CEIbcn\" \/>\n<meta name=\"twitter:label1\" content=\"Temps estimat de lectura\" \/>\n\t<meta name=\"twitter:data1\" content=\"5 minuts\" \/>\n<script type=\"application\/ld+json\" class=\"yoast-schema-graph\">{\"@context\":\"https:\/\/schema.org\",\"@graph\":[{\"@type\":\"WebPage\",\"@id\":\"https:\/\/ceibcn.bugalu.net\/ca\/portal-de-qualitat\/comissio-de-qualitat\/\",\"url\":\"https:\/\/ceibcn.bugalu.net\/ca\/portal-de-qualitat\/comissio-de-qualitat\/\",\"name\":\"Comissi\u00f3 de qualitat - CEI International Affairs\",\"isPartOf\":{\"@id\":\"https:\/\/ceibcn.bugalu.net\/ca\/#website\"},\"datePublished\":\"2023-04-18T13:11:22+00:00\",\"dateModified\":\"2023-05-08T10:50:31+00:00\",\"breadcrumb\":{\"@id\":\"https:\/\/ceibcn.bugalu.net\/ca\/portal-de-qualitat\/comissio-de-qualitat\/#breadcrumb\"},\"inLanguage\":\"ca\",\"potentialAction\":[{\"@type\":\"ReadAction\",\"target\":[\"https:\/\/ceibcn.bugalu.net\/ca\/portal-de-qualitat\/comissio-de-qualitat\/\"]}]},{\"@type\":\"BreadcrumbList\",\"@id\":\"https:\/\/ceibcn.bugalu.net\/ca\/portal-de-qualitat\/comissio-de-qualitat\/#breadcrumb\",\"itemListElement\":[{\"@type\":\"ListItem\",\"position\":1,\"name\":\"Portada\",\"item\":\"https:\/\/ceibcn.bugalu.net\/ca\/\"},{\"@type\":\"ListItem\",\"position\":2,\"name\":\"Portal de Qualitat\",\"item\":\"https:\/\/ceibcn.bugalu.net\/ca\/portal-de-qualitat\/\"},{\"@type\":\"ListItem\",\"position\":3,\"name\":\"Comissi\u00f3 de qualitat\"}]},{\"@type\":\"WebSite\",\"@id\":\"https:\/\/ceibcn.bugalu.net\/ca\/#website\",\"url\":\"https:\/\/ceibcn.bugalu.net\/ca\/\",\"name\":\"CEI International Affairs\",\"description\":\"CEI International Affairs\",\"publisher\":{\"@id\":\"https:\/\/ceibcn.bugalu.net\/ca\/#organization\"},\"alternateName\":\"CEI International Affairs\",\"potentialAction\":[{\"@type\":\"SearchAction\",\"target\":{\"@type\":\"EntryPoint\",\"urlTemplate\":\"https:\/\/ceibcn.bugalu.net\/ca\/?s={search_term_string}\"},\"query-input\":\"required name=search_term_string\"}],\"inLanguage\":\"ca\"},{\"@type\":\"Organization\",\"@id\":\"https:\/\/ceibcn.bugalu.net\/ca\/#organization\",\"name\":\"CEI International Affairs\",\"url\":\"https:\/\/ceibcn.bugalu.net\/ca\/\",\"logo\":{\"@type\":\"ImageObject\",\"inLanguage\":\"ca\",\"@id\":\"https:\/\/ceibcn.bugalu.net\/ca\/#\/schema\/logo\/image\/\",\"url\":\"https:\/\/ceibcn.bugalu.net\/wp-content\/uploads\/2021\/09\/CeiLogo_EscuelaDiploVectorized_vectorizedSIN_FONDO.png\",\"contentUrl\":\"https:\/\/ceibcn.bugalu.net\/wp-content\/uploads\/2021\/09\/CeiLogo_EscuelaDiploVectorized_vectorizedSIN_FONDO.png\",\"width\":1591,\"height\":629,\"caption\":\"CEI International Affairs\"},\"image\":{\"@id\":\"https:\/\/ceibcn.bugalu.net\/ca\/#\/schema\/logo\/image\/\"},\"sameAs\":[\"https:\/\/www.facebook.com\/CEI.CentroDeEstudiosInternacionales\/\",\"https:\/\/x.com\/CEIbcn\",\"https:\/\/www.instagram.com\/cei_international\/\"]}]}<\/script>\n<!-- \/ Yoast SEO plugin. -->","yoast_head_json":{"title":"Comissi\u00f3 de qualitat - CEI International Affairs","robots":{"index":"noindex","follow":"follow","max-snippet":"max-snippet:-1","max-image-preview":"max-image-preview:large","max-video-preview":"max-video-preview:-1"},"og_locale":"ca_ES","og_type":"article","og_title":"Comissi\u00f3 de qualitat - CEI International Affairs","og_description":"En data d\u201911 de mar\u00e7 del 2021 s&#8217;aprova la creaci\u00f3 de la Comissi\u00f3 de Qualitat del CEI que inclou la Direcci\u00f3 Executiva com a responsable d&#8217;aquest proc\u00e9s i la Responsable de la Secretaria del centre adscrit com a suport, i s&#8217;envolta de la Comissi\u00f3 de Direcci\u00f3 per a l&#8217;assessorament. La Comissi\u00f3 de Qualitat inclou, de [&hellip;]","og_url":"https:\/\/ceibcn.bugalu.net\/ca\/portal-de-qualitat\/comissio-de-qualitat\/","og_site_name":"CEI International Affairs","article_publisher":"https:\/\/www.facebook.com\/CEI.CentroDeEstudiosInternacionales\/","article_modified_time":"2023-05-08T10:50:31+00:00","og_image":[{"width":500,"height":500,"url":"https:\/\/ceibcn.bugalu.net\/wp-content\/uploads\/2023\/01\/Logo-CEI.png","type":"image\/png"}],"twitter_card":"summary_large_image","twitter_site":"@CEIbcn","twitter_misc":{"Temps estimat de lectura":"5 minuts"},"schema":{"@context":"https:\/\/schema.org","@graph":[{"@type":"WebPage","@id":"https:\/\/ceibcn.bugalu.net\/ca\/portal-de-qualitat\/comissio-de-qualitat\/","url":"https:\/\/ceibcn.bugalu.net\/ca\/portal-de-qualitat\/comissio-de-qualitat\/","name":"Comissi\u00f3 de qualitat - CEI International Affairs","isPartOf":{"@id":"https:\/\/ceibcn.bugalu.net\/ca\/#website"},"datePublished":"2023-04-18T13:11:22+00:00","dateModified":"2023-05-08T10:50:31+00:00","breadcrumb":{"@id":"https:\/\/ceibcn.bugalu.net\/ca\/portal-de-qualitat\/comissio-de-qualitat\/#breadcrumb"},"inLanguage":"ca","potentialAction":[{"@type":"ReadAction","target":["https:\/\/ceibcn.bugalu.net\/ca\/portal-de-qualitat\/comissio-de-qualitat\/"]}]},{"@type":"BreadcrumbList","@id":"https:\/\/ceibcn.bugalu.net\/ca\/portal-de-qualitat\/comissio-de-qualitat\/#breadcrumb","itemListElement":[{"@type":"ListItem","position":1,"name":"Portada","item":"https:\/\/ceibcn.bugalu.net\/ca\/"},{"@type":"ListItem","position":2,"name":"Portal de Qualitat","item":"https:\/\/ceibcn.bugalu.net\/ca\/portal-de-qualitat\/"},{"@type":"ListItem","position":3,"name":"Comissi\u00f3 de qualitat"}]},{"@type":"WebSite","@id":"https:\/\/ceibcn.bugalu.net\/ca\/#website","url":"https:\/\/ceibcn.bugalu.net\/ca\/","name":"CEI International Affairs","description":"CEI International Affairs","publisher":{"@id":"https:\/\/ceibcn.bugalu.net\/ca\/#organization"},"alternateName":"CEI International Affairs","potentialAction":[{"@type":"SearchAction","target":{"@type":"EntryPoint","urlTemplate":"https:\/\/ceibcn.bugalu.net\/ca\/?s={search_term_string}"},"query-input":"required name=search_term_string"}],"inLanguage":"ca"},{"@type":"Organization","@id":"https:\/\/ceibcn.bugalu.net\/ca\/#organization","name":"CEI International Affairs","url":"https:\/\/ceibcn.bugalu.net\/ca\/","logo":{"@type":"ImageObject","inLanguage":"ca","@id":"https:\/\/ceibcn.bugalu.net\/ca\/#\/schema\/logo\/image\/","url":"https:\/\/ceibcn.bugalu.net\/wp-content\/uploads\/2021\/09\/CeiLogo_EscuelaDiploVectorized_vectorizedSIN_FONDO.png","contentUrl":"https:\/\/ceibcn.bugalu.net\/wp-content\/uploads\/2021\/09\/CeiLogo_EscuelaDiploVectorized_vectorizedSIN_FONDO.png","width":1591,"height":629,"caption":"CEI International Affairs"},"image":{"@id":"https:\/\/ceibcn.bugalu.net\/ca\/#\/schema\/logo\/image\/"},"sameAs":["https:\/\/www.facebook.com\/CEI.CentroDeEstudiosInternacionales\/","https:\/\/x.com\/CEIbcn","https:\/\/www.instagram.com\/cei_international\/"]}]}},"_links":{"self":[{"href":"https:\/\/ceibcn.bugalu.net\/ca\/wp-json\/wp\/v2\/pages\/15500"}],"collection":[{"href":"https:\/\/ceibcn.bugalu.net\/ca\/wp-json\/wp\/v2\/pages"}],"about":[{"href":"https:\/\/ceibcn.bugalu.net\/ca\/wp-json\/wp\/v2\/types\/page"}],"author":[{"embeddable":true,"href":"https:\/\/ceibcn.bugalu.net\/ca\/wp-json\/wp\/v2\/users\/6"}],"replies":[{"embeddable":true,"href":"https:\/\/ceibcn.bugalu.net\/ca\/wp-json\/wp\/v2\/comments?post=15500"}],"version-history":[{"count":4,"href":"https:\/\/ceibcn.bugalu.net\/ca\/wp-json\/wp\/v2\/pages\/15500\/revisions"}],"predecessor-version":[{"id":15504,"href":"https:\/\/ceibcn.bugalu.net\/ca\/wp-json\/wp\/v2\/pages\/15500\/revisions\/15504"}],"up":[{"embeddable":true,"href":"https:\/\/ceibcn.bugalu.net\/ca\/wp-json\/wp\/v2\/pages\/15089"}],"wp:attachment":[{"href":"https:\/\/ceibcn.bugalu.net\/ca\/wp-json\/wp\/v2\/media?parent=15500"}],"curies":[{"name":"wp","href":"https:\/\/api.w.org\/{rel}","templated":true}]}}