{"id":15474,"date":"2023-04-18T14:23:14","date_gmt":"2023-04-18T12:23:14","guid":{"rendered":"https:\/\/www.ceibcn.com\/?page_id=15474"},"modified":"2023-06-01T17:08:31","modified_gmt":"2023-06-01T15:08:31","slug":"parts-interessades-del-cei","status":"publish","type":"page","link":"https:\/\/ceibcn.bugalu.net\/ca\/portal-de-qualitat\/parts-interessades-del-cei\/","title":{"rendered":"Parts interessades del CEI"},"content":{"rendered":"\t\t<div data-elementor-type=\"wp-page\" data-elementor-id=\"15474\" class=\"elementor elementor-15474 elementor-14627\" data-elementor-post-type=\"page\">\n\t\t\t\t\t\t<section class=\"elementor-section elementor-top-section elementor-element elementor-element-6084d3c elementor-section-full_width elementor-section-height-default elementor-section-height-default\" data-id=\"6084d3c\" data-element_type=\"section\" data-settings=\"{&quot;_ha_eqh_enable&quot;:false}\">\n\t\t\t\t\t\t<div class=\"elementor-container elementor-column-gap-no\">\n\t\t\t\t\t<div class=\"elementor-column elementor-col-100 elementor-top-column elementor-element elementor-element-167c7eb\" data-id=\"167c7eb\" data-element_type=\"column\">\n\t\t\t<div class=\"elementor-widget-wrap elementor-element-populated\">\n\t\t\t\t\t\t<div class=\"elementor-element elementor-element-001632e elementor-widget elementor-widget-template\" data-id=\"001632e\" data-element_type=\"widget\" data-widget_type=\"template.default\">\n\t\t\t\t<div class=\"elementor-widget-container\">\n\t\t\t\t\t<div class=\"elementor-template\">\n\t\t\t\t\t<div data-elementor-type=\"page\" data-elementor-id=\"15093\" class=\"elementor elementor-15093 elementor-14547\" data-elementor-post-type=\"elementor_library\">\n\t\t\t\t\t\t<section class=\"elementor-section elementor-top-section elementor-element elementor-element-1d54a8e elementor-section-boxed elementor-section-height-default elementor-section-height-default\" data-id=\"1d54a8e\" data-element_type=\"section\" data-settings=\"{&quot;background_background&quot;:&quot;classic&quot;,&quot;_ha_eqh_enable&quot;:false}\">\n\t\t\t\t\t\t<div class=\"elementor-container elementor-column-gap-default\">\n\t\t\t\t\t<div class=\"elementor-column elementor-col-100 elementor-top-column elementor-element elementor-element-0050163\" data-id=\"0050163\" data-element_type=\"column\">\n\t\t\t<div class=\"elementor-widget-wrap elementor-element-populated\">\n\t\t\t\t\t\t<div class=\"elementor-element elementor-element-18a7097 elementor-widget elementor-widget-spacer\" data-id=\"18a7097\" data-element_type=\"widget\" data-widget_type=\"spacer.default\">\n\t\t\t\t<div class=\"elementor-widget-container\">\n\t\t\t<style>\/*! elementor - v3.23.0 - 15-07-2024 *\/\n.elementor-column .elementor-spacer-inner{height:var(--spacer-size)}.e-con{--container-widget-width:100%}.e-con-inner>.elementor-widget-spacer,.e-con>.elementor-widget-spacer{width:var(--container-widget-width,var(--spacer-size));--align-self:var(--container-widget-align-self,initial);--flex-shrink:0}.e-con-inner>.elementor-widget-spacer>.elementor-widget-container,.e-con>.elementor-widget-spacer>.elementor-widget-container{height:100%;width:100%}.e-con-inner>.elementor-widget-spacer>.elementor-widget-container>.elementor-spacer,.e-con>.elementor-widget-spacer>.elementor-widget-container>.elementor-spacer{height:100%}.e-con-inner>.elementor-widget-spacer>.elementor-widget-container>.elementor-spacer>.elementor-spacer-inner,.e-con>.elementor-widget-spacer>.elementor-widget-container>.elementor-spacer>.elementor-spacer-inner{height:var(--container-widget-height,var(--spacer-size))}.e-con-inner>.elementor-widget-spacer.elementor-widget-empty,.e-con>.elementor-widget-spacer.elementor-widget-empty{position:relative;min-height:22px;min-width:22px}.e-con-inner>.elementor-widget-spacer.elementor-widget-empty .elementor-widget-empty-icon,.e-con>.elementor-widget-spacer.elementor-widget-empty .elementor-widget-empty-icon{position:absolute;top:0;bottom:0;left:0;right:0;margin:auto;padding:0;width:22px;height:22px}<\/style>\t\t<div class=\"elementor-spacer\">\n\t\t\t<div class=\"elementor-spacer-inner\"><\/div>\n\t\t<\/div>\n\t\t\t\t<\/div>\n\t\t\t\t<\/div>\n\t\t\t\t<div class=\"elementor-element elementor-element-8d7aedc elementor-widget elementor-widget-spacer\" data-id=\"8d7aedc\" data-element_type=\"widget\" data-widget_type=\"spacer.default\">\n\t\t\t\t<div class=\"elementor-widget-container\">\n\t\t\t\t\t<div class=\"elementor-spacer\">\n\t\t\t<div class=\"elementor-spacer-inner\"><\/div>\n\t\t<\/div>\n\t\t\t\t<\/div>\n\t\t\t\t<\/div>\n\t\t\t\t\t<\/div>\n\t\t<\/div>\n\t\t\t\t\t<\/div>\n\t\t<\/section>\n\t\t\t\t<section class=\"elementor-section elementor-top-section elementor-element elementor-element-1bca906 elementor-section-full_width elementor-section-height-default elementor-section-height-default\" data-id=\"1bca906\" data-element_type=\"section\" data-settings=\"{&quot;_ha_eqh_enable&quot;:false}\">\n\t\t\t\t\t\t<div class=\"elementor-container elementor-column-gap-no\">\n\t\t\t\t\t<div class=\"elementor-column elementor-col-100 elementor-top-column elementor-element elementor-element-ffc5891\" data-id=\"ffc5891\" data-element_type=\"column\">\n\t\t\t<div class=\"elementor-widget-wrap elementor-element-populated\">\n\t\t\t\t\t\t<div class=\"elementor-element elementor-element-7c88157 eael-hamburger--tablet elementor-widget elementor-widget-eael-simple-menu\" data-id=\"7c88157\" data-element_type=\"widget\" data-widget_type=\"eael-simple-menu.default\">\n\t\t\t\t<div class=\"elementor-widget-container\">\n\t\t\t<style>\n                        @media screen and (max-width: 1024px) {\n                            .eael-hamburger--tablet {\n                                .eael-simple-menu-horizontal,\n                                .eael-simple-menu-vertical {\n                                    display: none;\n                                }\n                            }\n                            .eael-hamburger--tablet {\n                                .eael-simple-menu-container .eael-simple-menu-toggle {\n                                    display: block;\n                                }\n                            }\n                        }\n                    <\/style>            <div data-hamburger-icon=\"&lt;i aria-hidden=&quot;true&quot; class=&quot;hm hm-angle-down&quot;&gt;&lt;\/i&gt;\" data-indicator-icon=\"&lt;i aria-hidden=&quot;true&quot; class=&quot;icon icon-chevron-down&quot;&gt;&lt;\/i&gt;\" data-dropdown-indicator-icon=\"&lt;svg class=&quot;e-font-icon-svg e-fas-angle-down&quot; viewBox=&quot;0 0 320 512&quot; xmlns=&quot;http:\/\/www.w3.org\/2000\/svg&quot;&gt;&lt;path d=&quot;M143 352.3L7 216.3c-9.4-9.4-9.4-24.6 0-33.9l22.6-22.6c9.4-9.4 24.6-9.4 33.9 0l96.4 96.4 96.4-96.4c9.4-9.4 24.6-9.4 33.9 0l22.6 22.6c9.4 9.4 9.4 24.6 0 33.9l-136 136c-9.2 9.4-24.4 9.4-33.8 0z&quot;&gt;&lt;\/path&gt;&lt;\/svg&gt;\" class=\"eael-simple-menu-container eael-simple-menu-align-center eael-simple-menu-dropdown-align-left preset-1\" data-hamburger-breakpoints=\"{&quot;mobile&quot;:&quot;M\\u00f2bil vertical (&gt; 767px)&quot;,&quot;tablet&quot;:&quot;Tauleta vertical (&gt; 1024px)&quot;,&quot;desktop&quot;:&quot;Desktop (&gt; 2400px)&quot;,&quot;none&quot;:&quot;None&quot;}\" data-hamburger-device=\"tablet\">\n                <ul id=\"menu-portal-qualitat\" class=\"eael-simple-menu eael-simple-menu-dropdown-animate-to-top eael-simple-menu-indicator eael-hamburger-left eael-simple-menu-horizontal\"><li id=\"menu-item-15091\" class=\"menu-item menu-item-type-custom menu-item-object-custom menu-item-has-children menu-item-15091\"><a href=\"#\">L&#8217;organitzaci\u00f3 i el context<\/a>\n<ul class=\"sub-menu\">\n\t<li id=\"menu-item-15359\" class=\"menu-item menu-item-type-custom menu-item-object-custom menu-item-15359\"><a href=\"https:\/\/ceibcn.bugalu.net\/ca\/portal-de-qualitat\/\">Missi\u00f3, visi\u00f3 i pol\u00edtica de qualitat del CEI<\/a><\/li>\n\t<li id=\"menu-item-15563\" class=\"menu-item menu-item-type-custom menu-item-object-custom menu-item-15563\"><a href=\"https:\/\/ceibcn.bugalu.net\/ca\/portal-de-qualitat\/marc-normatiu\/\">Marc normatiu<\/a><\/li>\n\t<li id=\"menu-item-15562\" class=\"menu-item menu-item-type-custom menu-item-object-custom menu-item-15562\"><a href=\"https:\/\/ceibcn.bugalu.net\/ca\/portal-de-qualitat\/normatives-del-cei\/\">Normatives del CEI<\/a><\/li>\n\t<li id=\"menu-item-15564\" class=\"menu-item menu-item-type-custom menu-item-object-custom menu-item-15564\"><a href=\"https:\/\/ceibcn.bugalu.net\/ca\/portal-de-qualitat\/mapes-de-processos\/\">Mapes de processos<\/a><\/li>\n\t<li id=\"menu-item-15565\" class=\"menu-item menu-item-type-custom menu-item-object-custom menu-item-15565\"><a href=\"https:\/\/ceibcn.bugalu.net\/ca\/portal-de-qualitat\/parts-interessades-del-cei\/\">Parts interessades del CEI<\/a><\/li>\n\t<li id=\"menu-item-15566\" class=\"menu-item menu-item-type-custom menu-item-object-custom menu-item-15566\"><a href=\"https:\/\/ceibcn.bugalu.net\/ca\/portal-de-qualitat\/mecanismes-de-participacio-de-lalumnat-del-cei\/\">Mecanismes de participaci\u00f3 de l\u2019alumnat del CEI<\/a><\/li>\n<\/ul>\n<\/li>\n<li id=\"menu-item-15567\" class=\"menu-item menu-item-type-custom menu-item-object-custom menu-item-has-children menu-item-15567\"><a href=\"#\">Planificaci\u00f3 de la qualitat i millora<\/a>\n<ul class=\"sub-menu\">\n\t<li id=\"menu-item-15568\" class=\"menu-item menu-item-type-custom menu-item-object-custom menu-item-15568\"><a href=\"https:\/\/ceibcn.bugalu.net\/ca\/portal-de-qualitat\/comissio-de-qualitat\/\">Comissi\u00f3 de qualitat<\/a><\/li>\n\t<li id=\"menu-item-15569\" class=\"menu-item menu-item-type-custom menu-item-object-custom menu-item-15569\"><a href=\"https:\/\/ceibcn.bugalu.net\/ca\/portal-de-qualitat\/objectius-de-qualitat\/\">Objectius de qualitat<\/a><\/li>\n\t<li id=\"menu-item-15570\" class=\"menu-item menu-item-type-custom menu-item-object-custom menu-item-15570\"><a href=\"https:\/\/ceibcn.bugalu.net\/wp-content\/uploads\/2023\/06\/Manual-de-Qualitat-CEI-v4-ca.pdf\">Manual de qualitat<\/a><\/li>\n\t<li id=\"menu-item-15571\" class=\"menu-item menu-item-type-custom menu-item-object-custom menu-item-15571\"><a href=\"https:\/\/ceibcn.bugalu.net\/ca\/portal-de-qualitat\/indicadors-de-qualitat\/\">Indicadors de qualitat<\/a><\/li>\n\t<li id=\"menu-item-15572\" class=\"menu-item menu-item-type-custom menu-item-object-custom menu-item-15572\"><a href=\"https:\/\/ceibcn.bugalu.net\/ca\/portal-de-qualitat\/incidencies-y-accions-correctives\/\">Incid\u00e8ncies i accions correctives<\/a><\/li>\n<\/ul>\n<\/li>\n<li id=\"menu-item-15573\" class=\"menu-item menu-item-type-custom menu-item-object-custom menu-item-15573\"><a href=\"https:\/\/ceibcn.bugalu.net\/ca\/portal-de-qualitat\/qualitat-de-les-titulacions\/\">Qualitat de les titulacions<\/a><\/li>\n<\/ul>                <button class=\"eael-simple-menu-toggle\">\n                    <span class=\"sr-only \">Humberger Toggle Menu<\/span>\n                    <i aria-hidden=\"true\" class=\"hm hm-angle-down\"><\/i>                <\/button>\n            <\/div>\n            \t\t<\/div>\n\t\t\t\t<\/div>\n\t\t\t\t\t<\/div>\n\t\t<\/div>\n\t\t\t\t\t<\/div>\n\t\t<\/section>\n\t\t\t\t<\/div>\n\t\t\t\t<\/div>\n\t\t\t\t<\/div>\n\t\t\t\t<\/div>\n\t\t\t\t\t<\/div>\n\t\t<\/div>\n\t\t\t\t\t<\/div>\n\t\t<\/section>\n\t\t\t\t<section class=\"elementor-section elementor-top-section elementor-element elementor-element-f48a723 elementor-section-boxed elementor-section-height-default elementor-section-height-default\" data-id=\"f48a723\" data-element_type=\"section\" data-settings=\"{&quot;_ha_eqh_enable&quot;:false}\">\n\t\t\t\t\t\t<div class=\"elementor-container elementor-column-gap-default\">\n\t\t\t\t\t<div class=\"elementor-column elementor-col-100 elementor-top-column elementor-element elementor-element-b38ecbf\" data-id=\"b38ecbf\" data-element_type=\"column\">\n\t\t\t<div class=\"elementor-widget-wrap elementor-element-populated\">\n\t\t\t\t\t\t<div class=\"elementor-element elementor-element-884e3a2 elementor-widget elementor-widget-spacer\" data-id=\"884e3a2\" data-element_type=\"widget\" data-widget_type=\"spacer.default\">\n\t\t\t\t<div class=\"elementor-widget-container\">\n\t\t\t\t\t<div class=\"elementor-spacer\">\n\t\t\t<div class=\"elementor-spacer-inner\"><\/div>\n\t\t<\/div>\n\t\t\t\t<\/div>\n\t\t\t\t<\/div>\n\t\t\t\t\t<\/div>\n\t\t<\/div>\n\t\t\t\t\t<\/div>\n\t\t<\/section>\n\t\t\t\t<section class=\"elementor-section elementor-top-section elementor-element elementor-element-aafd570 elementor-section-boxed elementor-section-height-default elementor-section-height-default\" data-id=\"aafd570\" data-element_type=\"section\" data-settings=\"{&quot;_ha_eqh_enable&quot;:false}\">\n\t\t\t\t\t\t<div class=\"elementor-container elementor-column-gap-default\">\n\t\t\t\t\t<div class=\"elementor-column elementor-col-100 elementor-top-column elementor-element elementor-element-7c0db6e\" data-id=\"7c0db6e\" data-element_type=\"column\">\n\t\t\t<div class=\"elementor-widget-wrap elementor-element-populated\">\n\t\t\t\t\t\t<div class=\"elementor-element elementor-element-cbe8997 html elementor-widget elementor-widget-text-editor\" data-id=\"cbe8997\" data-element_type=\"widget\" data-widget_type=\"text-editor.default\">\n\t\t\t\t<div class=\"elementor-widget-container\">\n\t\t\t<style>\/*! elementor - v3.23.0 - 15-07-2024 *\/\n.elementor-widget-text-editor.elementor-drop-cap-view-stacked .elementor-drop-cap{background-color:#69727d;color:#fff}.elementor-widget-text-editor.elementor-drop-cap-view-framed .elementor-drop-cap{color:#69727d;border:3px solid;background-color:transparent}.elementor-widget-text-editor:not(.elementor-drop-cap-view-default) .elementor-drop-cap{margin-top:8px}.elementor-widget-text-editor:not(.elementor-drop-cap-view-default) .elementor-drop-cap-letter{width:1em;height:1em}.elementor-widget-text-editor .elementor-drop-cap{float:left;text-align:center;line-height:1;font-size:50px}.elementor-widget-text-editor .elementor-drop-cap-letter{display:inline-block}<\/style>\t\t\t\t<p>El CEI fa un seguiment sobre la satisfacci\u00f3 o la insatisfacci\u00f3 de les <a href=\"https:\/\/ceibcn.bugalu.net\/wp-content\/uploads\/2023\/06\/Necessitats-i-Expectatives-dels-Stakeholders-del-CEI-ca.pdf\" target=\"_blank\" rel=\"noopener\">Necessitats i expectatives<\/a> i la detecci\u00f3 de possibles incompliments de les necessitats i expectatives d&#8217;aquestes. Aquest seguiment constitueix una mesura directa per a la gesti\u00f3 del sistema de la qualitat per tal de garantir un servei de qualitat i fomentar la millora constant, d\u2019acord amb les expectatives de les parts interessades (\u00faltima actualitzaci\u00f3 en data 27 de juliol de 2022).<\/p>\t\t\t\t\t\t<\/div>\n\t\t\t\t<\/div>\n\t\t\t\t\t<\/div>\n\t\t<\/div>\n\t\t\t\t\t<\/div>\n\t\t<\/section>\n\t\t\t\t<section class=\"elementor-section elementor-top-section elementor-element elementor-element-a99065e elementor-section-boxed elementor-section-height-default elementor-section-height-default\" data-id=\"a99065e\" data-element_type=\"section\" data-settings=\"{&quot;_ha_eqh_enable&quot;:false}\">\n\t\t\t\t\t\t<div class=\"elementor-container elementor-column-gap-default\">\n\t\t\t\t\t<div class=\"elementor-column elementor-col-100 elementor-top-column elementor-element elementor-element-5674df5\" data-id=\"5674df5\" data-element_type=\"column\">\n\t\t\t<div class=\"elementor-widget-wrap elementor-element-populated\">\n\t\t\t\t\t\t<div class=\"elementor-element elementor-element-de55244 elementor-widget elementor-widget-spacer\" data-id=\"de55244\" data-element_type=\"widget\" data-widget_type=\"spacer.default\">\n\t\t\t\t<div class=\"elementor-widget-container\">\n\t\t\t\t\t<div class=\"elementor-spacer\">\n\t\t\t<div class=\"elementor-spacer-inner\"><\/div>\n\t\t<\/div>\n\t\t\t\t<\/div>\n\t\t\t\t<\/div>\n\t\t\t\t\t<\/div>\n\t\t<\/div>\n\t\t\t\t\t<\/div>\n\t\t<\/section>\n\t\t\t\t<\/div>\n\t\t","protected":false},"excerpt":{"rendered":"<p>El CEI fa un seguiment sobre la satisfacci\u00f3 o la insatisfacci\u00f3 de les Necessitats i expectatives i la detecci\u00f3 de possibles incompliments de les necessitats i expectatives d&#8217;aquestes. Aquest seguiment constitueix una mesura directa per a la gesti\u00f3 del sistema de la qualitat per tal de garantir un servei de qualitat i fomentar la millora [&hellip;]<\/p>\n","protected":false},"author":6,"featured_media":0,"parent":15089,"menu_order":0,"comment_status":"closed","ping_status":"closed","template":"","meta":{"_acf_changed":false,"footnotes":""},"acf":[],"yoast_head":"<!-- This site is optimized with the Yoast SEO plugin v23.0 - https:\/\/yoast.com\/wordpress\/plugins\/seo\/ -->\n<title>Parts interessades del CEI - CEI International Affairs<\/title>\n<meta name=\"robots\" content=\"noindex, follow, max-snippet:-1, max-image-preview:large, max-video-preview:-1\" \/>\n<meta property=\"og:locale\" content=\"ca_ES\" \/>\n<meta property=\"og:type\" content=\"article\" \/>\n<meta property=\"og:title\" content=\"Parts interessades del CEI - CEI International Affairs\" \/>\n<meta property=\"og:description\" content=\"El CEI fa un seguiment sobre la satisfacci\u00f3 o la insatisfacci\u00f3 de les Necessitats i expectatives i la detecci\u00f3 de possibles incompliments de les necessitats i expectatives d&#8217;aquestes. Aquest seguiment constitueix una mesura directa per a la gesti\u00f3 del sistema de la qualitat per tal de garantir un servei de qualitat i fomentar la millora [&hellip;]\" \/>\n<meta property=\"og:url\" content=\"https:\/\/ceibcn.bugalu.net\/ca\/portal-de-qualitat\/parts-interessades-del-cei\/\" \/>\n<meta property=\"og:site_name\" content=\"CEI International Affairs\" \/>\n<meta property=\"article:publisher\" content=\"https:\/\/www.facebook.com\/CEI.CentroDeEstudiosInternacionales\/\" \/>\n<meta property=\"article:modified_time\" content=\"2023-06-01T15:08:31+00:00\" \/>\n<meta property=\"og:image\" content=\"https:\/\/ceibcn.bugalu.net\/wp-content\/uploads\/2023\/01\/Logo-CEI.png\" \/>\n\t<meta property=\"og:image:width\" content=\"500\" \/>\n\t<meta property=\"og:image:height\" content=\"500\" \/>\n\t<meta property=\"og:image:type\" content=\"image\/png\" \/>\n<meta name=\"twitter:card\" content=\"summary_large_image\" \/>\n<meta name=\"twitter:site\" content=\"@CEIbcn\" \/>\n<meta name=\"twitter:label1\" content=\"Temps estimat de lectura\" \/>\n\t<meta name=\"twitter:data1\" content=\"4 minuts\" \/>\n<script type=\"application\/ld+json\" class=\"yoast-schema-graph\">{\"@context\":\"https:\/\/schema.org\",\"@graph\":[{\"@type\":\"WebPage\",\"@id\":\"https:\/\/ceibcn.bugalu.net\/ca\/portal-de-qualitat\/parts-interessades-del-cei\/\",\"url\":\"https:\/\/ceibcn.bugalu.net\/ca\/portal-de-qualitat\/parts-interessades-del-cei\/\",\"name\":\"Parts interessades del CEI - CEI International Affairs\",\"isPartOf\":{\"@id\":\"https:\/\/ceibcn.bugalu.net\/ca\/#website\"},\"datePublished\":\"2023-04-18T12:23:14+00:00\",\"dateModified\":\"2023-06-01T15:08:31+00:00\",\"breadcrumb\":{\"@id\":\"https:\/\/ceibcn.bugalu.net\/ca\/portal-de-qualitat\/parts-interessades-del-cei\/#breadcrumb\"},\"inLanguage\":\"ca\",\"potentialAction\":[{\"@type\":\"ReadAction\",\"target\":[\"https:\/\/ceibcn.bugalu.net\/ca\/portal-de-qualitat\/parts-interessades-del-cei\/\"]}]},{\"@type\":\"BreadcrumbList\",\"@id\":\"https:\/\/ceibcn.bugalu.net\/ca\/portal-de-qualitat\/parts-interessades-del-cei\/#breadcrumb\",\"itemListElement\":[{\"@type\":\"ListItem\",\"position\":1,\"name\":\"Portada\",\"item\":\"https:\/\/ceibcn.bugalu.net\/ca\/\"},{\"@type\":\"ListItem\",\"position\":2,\"name\":\"Portal de Qualitat\",\"item\":\"https:\/\/ceibcn.bugalu.net\/ca\/portal-de-qualitat\/\"},{\"@type\":\"ListItem\",\"position\":3,\"name\":\"Parts interessades del CEI\"}]},{\"@type\":\"WebSite\",\"@id\":\"https:\/\/ceibcn.bugalu.net\/ca\/#website\",\"url\":\"https:\/\/ceibcn.bugalu.net\/ca\/\",\"name\":\"CEI International Affairs\",\"description\":\"CEI International Affairs\",\"publisher\":{\"@id\":\"https:\/\/ceibcn.bugalu.net\/ca\/#organization\"},\"alternateName\":\"CEI International Affairs\",\"potentialAction\":[{\"@type\":\"SearchAction\",\"target\":{\"@type\":\"EntryPoint\",\"urlTemplate\":\"https:\/\/ceibcn.bugalu.net\/ca\/?s={search_term_string}\"},\"query-input\":\"required name=search_term_string\"}],\"inLanguage\":\"ca\"},{\"@type\":\"Organization\",\"@id\":\"https:\/\/ceibcn.bugalu.net\/ca\/#organization\",\"name\":\"CEI International Affairs\",\"url\":\"https:\/\/ceibcn.bugalu.net\/ca\/\",\"logo\":{\"@type\":\"ImageObject\",\"inLanguage\":\"ca\",\"@id\":\"https:\/\/ceibcn.bugalu.net\/ca\/#\/schema\/logo\/image\/\",\"url\":\"https:\/\/ceibcn.bugalu.net\/wp-content\/uploads\/2021\/09\/CeiLogo_EscuelaDiploVectorized_vectorizedSIN_FONDO.png\",\"contentUrl\":\"https:\/\/ceibcn.bugalu.net\/wp-content\/uploads\/2021\/09\/CeiLogo_EscuelaDiploVectorized_vectorizedSIN_FONDO.png\",\"width\":1591,\"height\":629,\"caption\":\"CEI International Affairs\"},\"image\":{\"@id\":\"https:\/\/ceibcn.bugalu.net\/ca\/#\/schema\/logo\/image\/\"},\"sameAs\":[\"https:\/\/www.facebook.com\/CEI.CentroDeEstudiosInternacionales\/\",\"https:\/\/x.com\/CEIbcn\",\"https:\/\/www.instagram.com\/cei_international\/\"]}]}<\/script>\n<!-- \/ Yoast SEO plugin. -->","yoast_head_json":{"title":"Parts interessades del CEI - CEI International Affairs","robots":{"index":"noindex","follow":"follow","max-snippet":"max-snippet:-1","max-image-preview":"max-image-preview:large","max-video-preview":"max-video-preview:-1"},"og_locale":"ca_ES","og_type":"article","og_title":"Parts interessades del CEI - CEI International Affairs","og_description":"El CEI fa un seguiment sobre la satisfacci\u00f3 o la insatisfacci\u00f3 de les Necessitats i expectatives i la detecci\u00f3 de possibles incompliments de les necessitats i expectatives d&#8217;aquestes. Aquest seguiment constitueix una mesura directa per a la gesti\u00f3 del sistema de la qualitat per tal de garantir un servei de qualitat i fomentar la millora [&hellip;]","og_url":"https:\/\/ceibcn.bugalu.net\/ca\/portal-de-qualitat\/parts-interessades-del-cei\/","og_site_name":"CEI International Affairs","article_publisher":"https:\/\/www.facebook.com\/CEI.CentroDeEstudiosInternacionales\/","article_modified_time":"2023-06-01T15:08:31+00:00","og_image":[{"width":500,"height":500,"url":"https:\/\/ceibcn.bugalu.net\/wp-content\/uploads\/2023\/01\/Logo-CEI.png","type":"image\/png"}],"twitter_card":"summary_large_image","twitter_site":"@CEIbcn","twitter_misc":{"Temps estimat de lectura":"4 minuts"},"schema":{"@context":"https:\/\/schema.org","@graph":[{"@type":"WebPage","@id":"https:\/\/ceibcn.bugalu.net\/ca\/portal-de-qualitat\/parts-interessades-del-cei\/","url":"https:\/\/ceibcn.bugalu.net\/ca\/portal-de-qualitat\/parts-interessades-del-cei\/","name":"Parts interessades del CEI - CEI International Affairs","isPartOf":{"@id":"https:\/\/ceibcn.bugalu.net\/ca\/#website"},"datePublished":"2023-04-18T12:23:14+00:00","dateModified":"2023-06-01T15:08:31+00:00","breadcrumb":{"@id":"https:\/\/ceibcn.bugalu.net\/ca\/portal-de-qualitat\/parts-interessades-del-cei\/#breadcrumb"},"inLanguage":"ca","potentialAction":[{"@type":"ReadAction","target":["https:\/\/ceibcn.bugalu.net\/ca\/portal-de-qualitat\/parts-interessades-del-cei\/"]}]},{"@type":"BreadcrumbList","@id":"https:\/\/ceibcn.bugalu.net\/ca\/portal-de-qualitat\/parts-interessades-del-cei\/#breadcrumb","itemListElement":[{"@type":"ListItem","position":1,"name":"Portada","item":"https:\/\/ceibcn.bugalu.net\/ca\/"},{"@type":"ListItem","position":2,"name":"Portal de Qualitat","item":"https:\/\/ceibcn.bugalu.net\/ca\/portal-de-qualitat\/"},{"@type":"ListItem","position":3,"name":"Parts interessades del CEI"}]},{"@type":"WebSite","@id":"https:\/\/ceibcn.bugalu.net\/ca\/#website","url":"https:\/\/ceibcn.bugalu.net\/ca\/","name":"CEI International Affairs","description":"CEI International Affairs","publisher":{"@id":"https:\/\/ceibcn.bugalu.net\/ca\/#organization"},"alternateName":"CEI International Affairs","potentialAction":[{"@type":"SearchAction","target":{"@type":"EntryPoint","urlTemplate":"https:\/\/ceibcn.bugalu.net\/ca\/?s={search_term_string}"},"query-input":"required name=search_term_string"}],"inLanguage":"ca"},{"@type":"Organization","@id":"https:\/\/ceibcn.bugalu.net\/ca\/#organization","name":"CEI International Affairs","url":"https:\/\/ceibcn.bugalu.net\/ca\/","logo":{"@type":"ImageObject","inLanguage":"ca","@id":"https:\/\/ceibcn.bugalu.net\/ca\/#\/schema\/logo\/image\/","url":"https:\/\/ceibcn.bugalu.net\/wp-content\/uploads\/2021\/09\/CeiLogo_EscuelaDiploVectorized_vectorizedSIN_FONDO.png","contentUrl":"https:\/\/ceibcn.bugalu.net\/wp-content\/uploads\/2021\/09\/CeiLogo_EscuelaDiploVectorized_vectorizedSIN_FONDO.png","width":1591,"height":629,"caption":"CEI International Affairs"},"image":{"@id":"https:\/\/ceibcn.bugalu.net\/ca\/#\/schema\/logo\/image\/"},"sameAs":["https:\/\/www.facebook.com\/CEI.CentroDeEstudiosInternacionales\/","https:\/\/x.com\/CEIbcn","https:\/\/www.instagram.com\/cei_international\/"]}]}},"_links":{"self":[{"href":"https:\/\/ceibcn.bugalu.net\/ca\/wp-json\/wp\/v2\/pages\/15474"}],"collection":[{"href":"https:\/\/ceibcn.bugalu.net\/ca\/wp-json\/wp\/v2\/pages"}],"about":[{"href":"https:\/\/ceibcn.bugalu.net\/ca\/wp-json\/wp\/v2\/types\/page"}],"author":[{"embeddable":true,"href":"https:\/\/ceibcn.bugalu.net\/ca\/wp-json\/wp\/v2\/users\/6"}],"replies":[{"embeddable":true,"href":"https:\/\/ceibcn.bugalu.net\/ca\/wp-json\/wp\/v2\/comments?post=15474"}],"version-history":[{"count":10,"href":"https:\/\/ceibcn.bugalu.net\/ca\/wp-json\/wp\/v2\/pages\/15474\/revisions"}],"predecessor-version":[{"id":16818,"href":"https:\/\/ceibcn.bugalu.net\/ca\/wp-json\/wp\/v2\/pages\/15474\/revisions\/16818"}],"up":[{"embeddable":true,"href":"https:\/\/ceibcn.bugalu.net\/ca\/wp-json\/wp\/v2\/pages\/15089"}],"wp:attachment":[{"href":"https:\/\/ceibcn.bugalu.net\/ca\/wp-json\/wp\/v2\/media?parent=15474"}],"curies":[{"name":"wp","href":"https:\/\/api.w.org\/{rel}","templated":true}]}}