{"id":14248,"date":"2022-03-25T12:11:29","date_gmt":"2022-03-25T11:11:29","guid":{"rendered":"https:\/\/www.ceibcn.com\/?page_id=14248"},"modified":"2023-04-26T16:06:32","modified_gmt":"2023-04-26T14:06:32","slug":"benvinguda-del-director","status":"publish","type":"page","link":"https:\/\/ceibcn.bugalu.net\/ca\/benvinguda-del-director\/","title":{"rendered":"Benvinguda del director"},"content":{"rendered":"<div id=\"block-cei-cabecerablock_ec1f7603c9f8ecb6c45441acea93504a\" class=\" wp-block-group block-cei-cabecera \">\n        <div class=\"media\" style=\"background-image:url(https:\/\/ceibcn.bugalu.net\/wp-content\/uploads\/2022\/04\/CEI-view-scaled.jpeg)\">\n        <\/div>\n\n    <div class=\"titulo\">\n        <div class=\"wrapper\">\n            <h1>Benvinguda del director<\/h1>\n        <\/div>\n    <\/div>\n    <\/div>\n\n\n<div class=\"wp-block-columns wrapper padding html is-layout-flex wp-container-core-columns-is-layout-1 wp-block-columns-is-layout-flex\">\n<div class=\"wp-block-column is-layout-flow wp-block-column-is-layout-flow\" style=\"flex-basis:33.33%\"><div class=\"wp-block-image\">\n<figure class=\"aligncenter size-full\"><img fetchpriority=\"high\" decoding=\"async\" width=\"500\" height=\"500\" src=\"https:\/\/ceibcn.bugalu.net\/wp-content\/uploads\/2023\/01\/Joaquim-Llimona-Balcells.png\" alt=\"\" class=\"wp-image-11645\" srcset=\"https:\/\/ceibcn.bugalu.net\/wp-content\/uploads\/2023\/01\/Joaquim-Llimona-Balcells.png 500w, https:\/\/ceibcn.bugalu.net\/wp-content\/uploads\/2023\/01\/Joaquim-Llimona-Balcells-300x300.png 300w, https:\/\/ceibcn.bugalu.net\/wp-content\/uploads\/2023\/01\/Joaquim-Llimona-Balcells-150x150.png 150w\" sizes=\"(max-width: 500px) 100vw, 500px\" \/><\/figure><\/div>\n\n\n<h3 class=\"wp-block-heading has-text-align-center\">Joaquim Llimona Balcells<\/h3>\n<\/div>\n\n\n\n<div class=\"wp-block-column is-layout-flow wp-block-column-is-layout-flow\" style=\"flex-basis:66.66%\">\n<blockquote class=\"wp-block-quote is-layout-flow wp-block-quote-is-layout-flow\">\n<p>Benvinguts\/des al CEI International Affairs<\/p>\n<\/blockquote>\n\n\n\n<p>Amb m\u00e9s de 30 anys de traject\u00f2ria, avui \u00e9s un referent en la formaci\u00f3 en diplom\u00e0cia i les relacions internacionals en tots els seus vessants: l&#8217;economia, el dret, la seguretat, la pol\u00edtica o els grans reptes globals.<br><\/p>\n\n\n\n<p>Una instituci\u00f3 que promou i defensa els valors i principis de les Nacions Unides i la Uni\u00f3 Europea: la democr\u00e0cia, el respecte dels drets i llibertats, la no discriminaci\u00f3, el multilateralisme i els Objectius de Desenvolupament Sostenible (ODS).<\/p>\n\n\n\n<p>L&#8217;\u00e8xit del&nbsp;CEI&nbsp;descansa en tres pilars:<\/p>\n\n\n\n<p>Un equip hum\u00e0 pluridisciplinari que t\u00e9 com el seu primer objectiu informar i atendre totes aquelles persones que volen preparar les oposicions a la carrera diplom\u00e0tica, cursar un m\u00e0ster o promoure i participar en debats sobre l&#8217;agenda internacional. Un equip professional amb llarga experi\u00e8ncia i una gran implicaci\u00f3 amb els nostres objectius.<\/p>\n\n\n\n<p>Alumnat amb una clara vocaci\u00f3 de servei p\u00fablic internacional, una forta implicaci\u00f3 en els valors que promou la Comunitat Internacional i el seu pas&nbsp;pel CEI&nbsp;orienta en la majoria de les ocasions la seva vida professional.<\/p>\n\n\n\n<p>Finalment, una vocaci\u00f3 clara a col\u00b7laborar i compartir. En primer lloc, amb els Patrons de la Fundaci\u00f3, per\u00f2 tamb\u00e9 amb altres entitats o organismes, amb la col\u00b7laboraci\u00f3 dels quals creix l&#8217;impacte i utilitat de les nostres activitats.<\/p>\n\n\n\n<p>Com a Director, finalment vull agrair el suport que rebem del conjunt dels nostres Patrons, especialment els fundadors: El Ministeri d&#8217;Afers exteriors, Uni\u00f3 Europea i Cooperaci\u00f3, que avui presideix la Fundaci\u00f3; la Universitat de Barcelona i la Fundaci\u00f3 Banc\u00e0ria \u201cla Caixa\u201d.<\/p>\n\n\n\n<p>Us esperem al&nbsp;CEI, a trav\u00e9s del nostre web i, per descomptat, a la nostra seu i participant en les nostres activitats<\/p>\n\n\n\n<p><strong>Joaquim Llimona Balcells<\/strong><\/p>\n\n\n\n<p><strong>Director del CEI International Affairs<\/strong><\/p>\n<\/div>\n<\/div>\n","protected":false},"excerpt":{"rendered":"<p>Joaquim Llimona Balcells Benvinguts\/des al CEI International Affairs Amb m\u00e9s de 30 anys de traject\u00f2ria, avui \u00e9s un referent en la formaci\u00f3 en diplom\u00e0cia i les relacions internacionals en tots els seus vessants: l&#8217;economia, el dret, la seguretat, la pol\u00edtica o els grans reptes globals. Una instituci\u00f3 que promou i defensa els valors i principis [&hellip;]<\/p>\n","protected":false},"author":6,"featured_media":642,"parent":0,"menu_order":0,"comment_status":"closed","ping_status":"closed","template":"","meta":{"_acf_changed":false,"footnotes":""},"acf":[],"yoast_head":"<!-- This site is optimized with the Yoast SEO plugin v23.0 - https:\/\/yoast.com\/wordpress\/plugins\/seo\/ -->\n<title>Benvinguda del director - CEI International Affairs<\/title>\n<meta name=\"robots\" content=\"noindex, follow, max-snippet:-1, max-image-preview:large, max-video-preview:-1\" \/>\n<meta property=\"og:locale\" content=\"ca_ES\" \/>\n<meta property=\"og:type\" content=\"article\" \/>\n<meta property=\"og:title\" content=\"Benvinguda del director - CEI International Affairs\" \/>\n<meta property=\"og:description\" content=\"Joaquim Llimona Balcells Benvinguts\/des al CEI International Affairs Amb m\u00e9s de 30 anys de traject\u00f2ria, avui \u00e9s un referent en la formaci\u00f3 en diplom\u00e0cia i les relacions internacionals en tots els seus vessants: l&#8217;economia, el dret, la seguretat, la pol\u00edtica o els grans reptes globals. Una instituci\u00f3 que promou i defensa els valors i principis [&hellip;]\" \/>\n<meta property=\"og:url\" content=\"https:\/\/ceibcn.bugalu.net\/ca\/benvinguda-del-director\/\" \/>\n<meta property=\"og:site_name\" content=\"CEI International Affairs\" \/>\n<meta property=\"article:publisher\" content=\"https:\/\/www.facebook.com\/CEI.CentroDeEstudiosInternacionales\/\" \/>\n<meta property=\"article:modified_time\" content=\"2023-04-26T14:06:32+00:00\" \/>\n<meta property=\"og:image\" content=\"https:\/\/ceibcn.bugalu.net\/wp-content\/uploads\/2022\/04\/CEI-view-scaled.jpeg\" \/>\n\t<meta property=\"og:image:width\" content=\"2560\" \/>\n\t<meta property=\"og:image:height\" content=\"1707\" \/>\n\t<meta property=\"og:image:type\" content=\"image\/jpeg\" \/>\n<meta name=\"twitter:card\" content=\"summary_large_image\" \/>\n<meta name=\"twitter:site\" content=\"@CEIbcn\" \/>\n<meta name=\"twitter:label1\" content=\"Temps estimat de lectura\" \/>\n\t<meta name=\"twitter:data1\" content=\"2 minuts\" \/>\n<script type=\"application\/ld+json\" class=\"yoast-schema-graph\">{\"@context\":\"https:\/\/schema.org\",\"@graph\":[{\"@type\":\"WebPage\",\"@id\":\"https:\/\/ceibcn.bugalu.net\/ca\/benvinguda-del-director\/\",\"url\":\"https:\/\/ceibcn.bugalu.net\/ca\/benvinguda-del-director\/\",\"name\":\"Benvinguda del director - CEI International Affairs\",\"isPartOf\":{\"@id\":\"https:\/\/ceibcn.bugalu.net\/ca\/#website\"},\"primaryImageOfPage\":{\"@id\":\"https:\/\/ceibcn.bugalu.net\/ca\/benvinguda-del-director\/#primaryimage\"},\"image\":{\"@id\":\"https:\/\/ceibcn.bugalu.net\/ca\/benvinguda-del-director\/#primaryimage\"},\"thumbnailUrl\":\"https:\/\/ceibcn.bugalu.net\/wp-content\/uploads\/2022\/04\/CEI-view-scaled.jpeg\",\"datePublished\":\"2022-03-25T11:11:29+00:00\",\"dateModified\":\"2023-04-26T14:06:32+00:00\",\"breadcrumb\":{\"@id\":\"https:\/\/ceibcn.bugalu.net\/ca\/benvinguda-del-director\/#breadcrumb\"},\"inLanguage\":\"ca\",\"potentialAction\":[{\"@type\":\"ReadAction\",\"target\":[\"https:\/\/ceibcn.bugalu.net\/ca\/benvinguda-del-director\/\"]}]},{\"@type\":\"ImageObject\",\"inLanguage\":\"ca\",\"@id\":\"https:\/\/ceibcn.bugalu.net\/ca\/benvinguda-del-director\/#primaryimage\",\"url\":\"https:\/\/ceibcn.bugalu.net\/wp-content\/uploads\/2022\/04\/CEI-view-scaled.jpeg\",\"contentUrl\":\"https:\/\/ceibcn.bugalu.net\/wp-content\/uploads\/2022\/04\/CEI-view-scaled.jpeg\",\"width\":2560,\"height\":1707,\"caption\":\"Barcelona view\"},{\"@type\":\"BreadcrumbList\",\"@id\":\"https:\/\/ceibcn.bugalu.net\/ca\/benvinguda-del-director\/#breadcrumb\",\"itemListElement\":[{\"@type\":\"ListItem\",\"position\":1,\"name\":\"Portada\",\"item\":\"https:\/\/ceibcn.bugalu.net\/ca\/\"},{\"@type\":\"ListItem\",\"position\":2,\"name\":\"Benvinguda del director\"}]},{\"@type\":\"WebSite\",\"@id\":\"https:\/\/ceibcn.bugalu.net\/ca\/#website\",\"url\":\"https:\/\/ceibcn.bugalu.net\/ca\/\",\"name\":\"CEI International Affairs\",\"description\":\"CEI International Affairs\",\"publisher\":{\"@id\":\"https:\/\/ceibcn.bugalu.net\/ca\/#organization\"},\"alternateName\":\"CEI International Affairs\",\"potentialAction\":[{\"@type\":\"SearchAction\",\"target\":{\"@type\":\"EntryPoint\",\"urlTemplate\":\"https:\/\/ceibcn.bugalu.net\/ca\/?s={search_term_string}\"},\"query-input\":\"required name=search_term_string\"}],\"inLanguage\":\"ca\"},{\"@type\":\"Organization\",\"@id\":\"https:\/\/ceibcn.bugalu.net\/ca\/#organization\",\"name\":\"CEI International Affairs\",\"url\":\"https:\/\/ceibcn.bugalu.net\/ca\/\",\"logo\":{\"@type\":\"ImageObject\",\"inLanguage\":\"ca\",\"@id\":\"https:\/\/ceibcn.bugalu.net\/ca\/#\/schema\/logo\/image\/\",\"url\":\"https:\/\/ceibcn.bugalu.net\/wp-content\/uploads\/2021\/09\/CeiLogo_EscuelaDiploVectorized_vectorizedSIN_FONDO.png\",\"contentUrl\":\"https:\/\/ceibcn.bugalu.net\/wp-content\/uploads\/2021\/09\/CeiLogo_EscuelaDiploVectorized_vectorizedSIN_FONDO.png\",\"width\":1591,\"height\":629,\"caption\":\"CEI International Affairs\"},\"image\":{\"@id\":\"https:\/\/ceibcn.bugalu.net\/ca\/#\/schema\/logo\/image\/\"},\"sameAs\":[\"https:\/\/www.facebook.com\/CEI.CentroDeEstudiosInternacionales\/\",\"https:\/\/x.com\/CEIbcn\",\"https:\/\/www.instagram.com\/cei_international\/\"]}]}<\/script>\n<!-- \/ Yoast SEO plugin. -->","yoast_head_json":{"title":"Benvinguda del director - CEI International Affairs","robots":{"index":"noindex","follow":"follow","max-snippet":"max-snippet:-1","max-image-preview":"max-image-preview:large","max-video-preview":"max-video-preview:-1"},"og_locale":"ca_ES","og_type":"article","og_title":"Benvinguda del director - CEI International Affairs","og_description":"Joaquim Llimona Balcells Benvinguts\/des al CEI International Affairs Amb m\u00e9s de 30 anys de traject\u00f2ria, avui \u00e9s un referent en la formaci\u00f3 en diplom\u00e0cia i les relacions internacionals en tots els seus vessants: l&#8217;economia, el dret, la seguretat, la pol\u00edtica o els grans reptes globals. Una instituci\u00f3 que promou i defensa els valors i principis [&hellip;]","og_url":"https:\/\/ceibcn.bugalu.net\/ca\/benvinguda-del-director\/","og_site_name":"CEI International Affairs","article_publisher":"https:\/\/www.facebook.com\/CEI.CentroDeEstudiosInternacionales\/","article_modified_time":"2023-04-26T14:06:32+00:00","og_image":[{"width":2560,"height":1707,"url":"https:\/\/ceibcn.bugalu.net\/wp-content\/uploads\/2022\/04\/CEI-view-scaled.jpeg","type":"image\/jpeg"}],"twitter_card":"summary_large_image","twitter_site":"@CEIbcn","twitter_misc":{"Temps estimat de lectura":"2 minuts"},"schema":{"@context":"https:\/\/schema.org","@graph":[{"@type":"WebPage","@id":"https:\/\/ceibcn.bugalu.net\/ca\/benvinguda-del-director\/","url":"https:\/\/ceibcn.bugalu.net\/ca\/benvinguda-del-director\/","name":"Benvinguda del director - CEI International Affairs","isPartOf":{"@id":"https:\/\/ceibcn.bugalu.net\/ca\/#website"},"primaryImageOfPage":{"@id":"https:\/\/ceibcn.bugalu.net\/ca\/benvinguda-del-director\/#primaryimage"},"image":{"@id":"https:\/\/ceibcn.bugalu.net\/ca\/benvinguda-del-director\/#primaryimage"},"thumbnailUrl":"https:\/\/ceibcn.bugalu.net\/wp-content\/uploads\/2022\/04\/CEI-view-scaled.jpeg","datePublished":"2022-03-25T11:11:29+00:00","dateModified":"2023-04-26T14:06:32+00:00","breadcrumb":{"@id":"https:\/\/ceibcn.bugalu.net\/ca\/benvinguda-del-director\/#breadcrumb"},"inLanguage":"ca","potentialAction":[{"@type":"ReadAction","target":["https:\/\/ceibcn.bugalu.net\/ca\/benvinguda-del-director\/"]}]},{"@type":"ImageObject","inLanguage":"ca","@id":"https:\/\/ceibcn.bugalu.net\/ca\/benvinguda-del-director\/#primaryimage","url":"https:\/\/ceibcn.bugalu.net\/wp-content\/uploads\/2022\/04\/CEI-view-scaled.jpeg","contentUrl":"https:\/\/ceibcn.bugalu.net\/wp-content\/uploads\/2022\/04\/CEI-view-scaled.jpeg","width":2560,"height":1707,"caption":"Barcelona view"},{"@type":"BreadcrumbList","@id":"https:\/\/ceibcn.bugalu.net\/ca\/benvinguda-del-director\/#breadcrumb","itemListElement":[{"@type":"ListItem","position":1,"name":"Portada","item":"https:\/\/ceibcn.bugalu.net\/ca\/"},{"@type":"ListItem","position":2,"name":"Benvinguda del director"}]},{"@type":"WebSite","@id":"https:\/\/ceibcn.bugalu.net\/ca\/#website","url":"https:\/\/ceibcn.bugalu.net\/ca\/","name":"CEI International Affairs","description":"CEI International Affairs","publisher":{"@id":"https:\/\/ceibcn.bugalu.net\/ca\/#organization"},"alternateName":"CEI International Affairs","potentialAction":[{"@type":"SearchAction","target":{"@type":"EntryPoint","urlTemplate":"https:\/\/ceibcn.bugalu.net\/ca\/?s={search_term_string}"},"query-input":"required name=search_term_string"}],"inLanguage":"ca"},{"@type":"Organization","@id":"https:\/\/ceibcn.bugalu.net\/ca\/#organization","name":"CEI International Affairs","url":"https:\/\/ceibcn.bugalu.net\/ca\/","logo":{"@type":"ImageObject","inLanguage":"ca","@id":"https:\/\/ceibcn.bugalu.net\/ca\/#\/schema\/logo\/image\/","url":"https:\/\/ceibcn.bugalu.net\/wp-content\/uploads\/2021\/09\/CeiLogo_EscuelaDiploVectorized_vectorizedSIN_FONDO.png","contentUrl":"https:\/\/ceibcn.bugalu.net\/wp-content\/uploads\/2021\/09\/CeiLogo_EscuelaDiploVectorized_vectorizedSIN_FONDO.png","width":1591,"height":629,"caption":"CEI International Affairs"},"image":{"@id":"https:\/\/ceibcn.bugalu.net\/ca\/#\/schema\/logo\/image\/"},"sameAs":["https:\/\/www.facebook.com\/CEI.CentroDeEstudiosInternacionales\/","https:\/\/x.com\/CEIbcn","https:\/\/www.instagram.com\/cei_international\/"]}]}},"_links":{"self":[{"href":"https:\/\/ceibcn.bugalu.net\/ca\/wp-json\/wp\/v2\/pages\/14248"}],"collection":[{"href":"https:\/\/ceibcn.bugalu.net\/ca\/wp-json\/wp\/v2\/pages"}],"about":[{"href":"https:\/\/ceibcn.bugalu.net\/ca\/wp-json\/wp\/v2\/types\/page"}],"author":[{"embeddable":true,"href":"https:\/\/ceibcn.bugalu.net\/ca\/wp-json\/wp\/v2\/users\/6"}],"replies":[{"embeddable":true,"href":"https:\/\/ceibcn.bugalu.net\/ca\/wp-json\/wp\/v2\/comments?post=14248"}],"version-history":[{"count":7,"href":"https:\/\/ceibcn.bugalu.net\/ca\/wp-json\/wp\/v2\/pages\/14248\/revisions"}],"predecessor-version":[{"id":14962,"href":"https:\/\/ceibcn.bugalu.net\/ca\/wp-json\/wp\/v2\/pages\/14248\/revisions\/14962"}],"wp:featuredmedia":[{"embeddable":true,"href":"https:\/\/ceibcn.bugalu.net\/ca\/wp-json\/wp\/v2\/media\/642"}],"wp:attachment":[{"href":"https:\/\/ceibcn.bugalu.net\/ca\/wp-json\/wp\/v2\/media?parent=14248"}],"curies":[{"name":"wp","href":"https:\/\/api.w.org\/{rel}","templated":true}]}}